{"id":252,"date":"2016-06-18T19:35:47","date_gmt":"2016-06-18T17:35:47","guid":{"rendered":"https:\/\/www.ilhh.lu\/?page_id=252"},"modified":"2016-06-18T20:13:44","modified_gmt":"2016-06-18T18:13:44","slug":"haufig-gestellte-fragen","status":"publish","type":"page","link":"https:\/\/www.ilhh.lu\/?page_id=252","title":{"rendered":"H\u00e4ufig gestellte Fragen"},"content":{"rendered":"\t\t\t\t\t\t<h3 style=\"margin-bottom:20px;display:block;width:100%;margin-top:10px\">Humanistische Hypnose <\/h3>\r\n\t\t\t\t\t\t<style>\r\n\t\t\t\t\t#wpsm_accordion_251 .wpsm_panel-heading{\r\npadding:0px !important;\r\n}\r\n#wpsm_accordion_251 .wpsm_panel-title {\r\nmargin:0px !important; \r\ntext-transform:none !important;\r\nline-height: 1 !important;\r\n}\r\n#wpsm_accordion_251 .wpsm_panel-title a{\r\ntext-decoration:none;\r\ncolor:#000000 !important;\r\nfont-size:px !important;\r\ndisplay:block;\r\npadding:0px;\r\nfont-family: Open Sans !important;\r\npadding-top: 10px;\r\npadding-bottom: 10px;\r\nborder-bottom:1px solid  #ddd !important;\r\n\r\n}\r\n#wpsm_accordion_251 .wpsm_panel-title a:hover,#wpsm_accordion_251 .wpsm_panel-title a:visited, #wpsm_accordion_251 .wpsm_panel-title a:focus {\r\n\tcolor:#000000 !important;\r\n}\r\n#wpsm_accordion_251 .acc-a{\r\n\tcolor: #000000 !important;\r\n\tbackground-color:#ffffff !important;\r\n\tborder-color: #ddd;\r\n}\r\n#wpsm_accordion_251 .wpsm_panel-default > .wpsm_panel-heading{\r\n\tcolor: #000000 !important;\r\n\tbackground-color: #ffffff !important;\r\n\tborder-color: #ffffff !important;\r\n\tborder-top-left-radius: 0px;\r\n\tborder-top-right-radius: 0px;\r\n}\r\n#wpsm_accordion_251 .wpsm_panel-default {\r\n\t\r\n\tborder:1px solid transparent !important;\r\n\r\n\t}\r\n#wpsm_accordion_251 {\r\n\tmargin-bottom: 20px;\r\n\toverflow: hidden;\r\n\tfloat: left;\r\n\twidth: 100%;\r\n\tdisplay: block;\r\n}\r\n#wpsm_accordion_251 .ac_title_class{\r\n\tdisplay: inline-block;\r\n    padding-top: 5px;\r\n    padding-bottom: 5px;\r\n    padding-left: 13px;\r\n    padding-right: 10px;\r\n    border: 0px solid #ddd;\r\n\tfont-size:px !important;\r\nfont-family: Open Sans !important;\r\n\t\r\n\r\n}\r\n#wpsm_accordion_251  .wpsm_panel {\r\n\toverflow:hidden;\r\n\t-webkit-box-shadow: 0 0px 0px rgba(0, 0, 0, .05);\r\n\tbox-shadow: 0 0px 0px rgba(0, 0, 0, .05);\r\n\t\r\n\t\tborder-radius: 4px;\r\n\t}\r\n#wpsm_accordion_251  .wpsm_panel + .wpsm_panel {\r\n\t\tmargin-top: 5px;\r\n\t}\r\n#wpsm_accordion_251  .wpsm_panel-body{\r\nbackground-color:#ffffff !important;\r\ncolor:#000000 !important;\r\nborder-top-color: #ffffff !important;\r\nfont-size:14px !important;\r\nfont-family: Open Sans !important;\r\noverflow: hidden;\r\n\r\nborder: 0px solid #ddd !important;\r\n\r\nborder-top:0px !important;\r\npadding-left: 60px;\r\n}\r\n\r\n#wpsm_accordion_251 .ac_open_cl_icon{\r\n\tbackground-color:#dd3333;\r\n\tcolor: #ffffff;\r\n\t\r\n     padding-top: 5px; \r\n     padding-bottom: 5px; \r\n\t margin-left:10px;\r\n    line-height: 1.0;\r\n    font-size:px !important;\r\ntext-align: center !important;\r\n     width: 32px !important;\r\n    display: inline-block;\r\n\t\r\n\t\r\n}\r\n#wpsm_accordion_251 .ac_open_cl_number{\r\n width: 25px !important;\r\n    display: inline-block;\r\n\t margin-left:10px;\r\n\t text-align: center !important;\r\n\t font-size:px !important;\r\n\r\n}\r\n\r\n\t\t\t\r\n\t\t\t\t\r\n\t\t\t\t\t\r\n\t\t\t<\/style>\r\n\t\t\t<div class=\"wpsm_panel-group\" id=\"wpsm_accordion_251\" >\r\n\t\t\t\t\r\n\t\t\t\t\t\t\r\n\t\t\t\t  <!-- Inner panel Start -->\r\n\t\t\t\t  <div class=\"wpsm_panel wpsm_panel-default\">\r\n\t\t\t\t\t<div class=\"wpsm_panel-heading\" role=\"tab\" >\r\n\t\t\t\t\t  <h4 class=\"wpsm_panel-title\">\r\n\t\t\t\t\t\t<a  class=\"\"  data-toggle=\"collapse\" data-parent=\"\" href=\"#ac_251_collapse1\"  >\r\n\t\t\t\t\t\t\t\t\t\t\t\t\t\t\t<span  class=\"ac_open_cl_icon fa fa-minus\"><\/span>\r\n\t\t\t\t\t\t\t\t\t\t\t\t\t\t\t\t\t\t\t\t\t<span class=\"ac_title_class\">\r\n\t\t\t\t\t\t\t\tWas werde ich mit der Hypnose anfangen k\u00f6nnen ?\t\t\t\t\t\t\t<\/span>\r\n\t\t\t\t\t\t<\/a>\r\n\t\t\t\t\t  <\/h4>\r\n\t\t\t\t\t<\/div>\r\n\t\t\t\t\t<div id=\"ac_251_collapse1\" class=\"wpsm_panel-collapse collapse_251 collapse in\"  >\r\n\t\t\t\t\t  <div class=\"wpsm_panel-body\">\r\n\t\t\t\t\t\tHier einige Beispiele :\r\nSie werden\r\n<ul>\r\n\t<li>jede Person hypnotisieren k\u00f6nnen welche Ihnen die Anfrage macht ...\r\nebenso wie sich selbst in Auto-Hypnose versetzen k\u00f6nnen;\r\n<\/li>\r\n\t<li>Schmerzen verringern k\u00f6nnen, eigene ebenso wie die der Menschen die Sie umgeben;<\/li>\r\n\t<li>Phobien und unkontrollierbare \u00c4ngste beseitigen; <\/li>\r\n\t<li>wiederkehrende st\u00f6rende Verhalten ebenso wie schmerzhafte Erinnerungen beseitigen;<\/li>\r\n\t<li>die Sensibilit\u00e4t gegen\u00fcber Allergenen verringern oder l\u00f6schen;<\/li> \r\n\t<li>eine Erfahrung der Bewusstseinserweiterung erleben und erm\u00f6glichen;<\/li>\r\n\t<li>Stress, Depressionen, Allergien fern halten und Gewichtsverlust ankurbeln;<\/li>\r\n\t<li>von Abh\u00e4ngigkeiten zb Rauchen-, Essen-, Alkohol-, Drogen- befreien ;<\/li>\r\n\t<li>Tr\u00e4ume verstehen und verarbeiten k\u00f6nnen;<\/li>\r\n\t<li>jegliche sexuelle, Geld, und famili\u00e4re Probleme l\u00f6sen k\u00f6nnen;<\/li>\r\n\t<li>helfen k\u00f6nnen ein besseres K\u00f6rpergef\u00fchl zu entwickeln, als Frau, als Mann;<\/li>\r\n\t<li>helfen k\u00f6nnen sein inneres verletztes Kind heilen zu k\u00f6nnen um mehr Lebensfreude und Vitalit\u00e4t zu erleben;\r\n\t<li>und vieles mehr ...\r\n<\/ul>\r\n\t\t\t\t\t  <\/div>\r\n\t\t\t\t\t<\/div>\r\n\t\t\t\t  <\/div>\r\n\t\t\t\t   <!-- Inner panel End -->\r\n\t\t\t\t\r\n\t\t\t\t\t\t\r\n\t\t\t\t  <!-- Inner panel Start -->\r\n\t\t\t\t  <div class=\"wpsm_panel wpsm_panel-default\">\r\n\t\t\t\t\t<div class=\"wpsm_panel-heading\" role=\"tab\" >\r\n\t\t\t\t\t  <h4 class=\"wpsm_panel-title\">\r\n\t\t\t\t\t\t<a  class=\"collapsed\"  data-toggle=\"collapse\" data-parent=\"\" href=\"#ac_251_collapse2\"  >\r\n\t\t\t\t\t\t\t\t\t\t\t\t\t\t\t<span  class=\"ac_open_cl_icon fa fa-minus\"><\/span>\r\n\t\t\t\t\t\t\t\t\t\t\t\t\t\t\t\t\t\t\t\t\t<span class=\"ac_title_class\">\r\n\t\t\t\t\t\t\t\tBen\u00f6tige ich hierf\u00fcr spezielle \u00ab Talente \u00bb oder Voraussetzungen ?\t\t\t\t\t\t\t<\/span>\r\n\t\t\t\t\t\t<\/a>\r\n\t\t\t\t\t  <\/h4>\r\n\t\t\t\t\t<\/div>\r\n\t\t\t\t\t<div id=\"ac_251_collapse2\" class=\"wpsm_panel-collapse collapse_251 collapse in\"  >\r\n\t\t\t\t\t  <div class=\"wpsm_panel-body\">\r\n\t\t\t\t\t\tIm Gegensatz zu gewissen Glaubenss\u00e4tzen, ben\u00f6tigt das Erlernen von Hypnose keine aussergew\u00f6hnlichen Gaben oder magischen Kenntnisse. Das Benutzen von Hypnose muss erlernt und einge\u00fcbt werden, weiter nichts. \r\nDies bieten wir Ihnen an.\r\nIhre werdet am Ende der ersten Woche jemanden in Hypnose versetzen k\u00f6nnen, das garantier ich Ihnen.\r\nVergessen Sie die ShowHypnose in der die Teilnehmer den Affen spielen !\r\nHeutzutage werden diese Techniken von den besten Therapeuten, Zahn\u00e4rzte und immer \u00f6fter in Kliniken angewendet.\t\t\t\t\t  <\/div>\r\n\t\t\t\t\t<\/div>\r\n\t\t\t\t  <\/div>\r\n\t\t\t\t   <!-- Inner panel End -->\r\n\t\t\t\t\r\n\t\t\t\t\t\t<\/div>\r\n\t\t\t\t<script>\r\n\tjQuery(document).ready(function() {\r\n\t\t\r\n\t\t\tjQuery('.collapse_251').on('shown.bs.collapse', function(){jQuery(this).parent().find(\".fa-plus\").removeClass(\"fa-minus\").addClass(\"fa-minus\"); jQuery(this).parent().find(\".wpsm_panel-heading\").addClass(\"acc-a\"); }).on('hidden.bs.collapse', function(){jQuery(this).parent().find(\".fa-minus\").removeClass(\"fa-minus\").addClass(\"fa-plus\"); jQuery(this).parent().find(\".wpsm_panel-heading\").removeClass(\"acc-a\");});\r\n\t\t\r\n\t\t});\r\n\t<\/script>\r\n\t\t\n","protected":false},"excerpt":{"rendered":"","protected":false},"author":1,"featured_media":0,"parent":0,"menu_order":0,"comment_status":"closed","ping_status":"closed","template":"page-templates\/page_fullwidth.php","meta":{"ngg_post_thumbnail":0,"footnotes":""},"class_list":["post-252","page","type-page","status-publish","hentry"],"yoast_head":"<!-- This site is optimized with the Yoast SEO plugin v27.4 - https:\/\/yoast.com\/product\/yoast-seo-wordpress\/ -->\n<title>H\u00e4ufig gestellte Fragen - ILHH<\/title>\n<meta name=\"robots\" content=\"index, follow, max-snippet:-1, max-image-preview:large, max-video-preview:-1\" \/>\n<link rel=\"canonical\" href=\"https:\/\/www.ilhh.lu\/?page_id=252\" \/>\n<meta property=\"og:locale\" content=\"fr_FR\" \/>\n<meta property=\"og:type\" content=\"article\" \/>\n<meta property=\"og:title\" content=\"H\u00e4ufig gestellte Fragen - ILHH\" \/>\n<meta property=\"og:url\" content=\"https:\/\/www.ilhh.lu\/?page_id=252\" \/>\n<meta property=\"og:site_name\" content=\"ILHH\" \/>\n<meta property=\"article:publisher\" content=\"http:\/\/www.fb.com\/ILHH\" \/>\n<meta property=\"article:modified_time\" content=\"2016-06-18T18:13:44+00:00\" \/>\n<meta name=\"twitter:card\" content=\"summary_large_image\" \/>\n<meta name=\"twitter:site\" content=\"@ilhh_lu\" \/>\n<script type=\"application\/ld+json\" class=\"yoast-schema-graph\">{\"@context\":\"https:\\\/\\\/schema.org\",\"@graph\":[{\"@type\":\"WebPage\",\"@id\":\"https:\\\/\\\/www.ilhh.lu\\\/?page_id=252\",\"url\":\"https:\\\/\\\/www.ilhh.lu\\\/?page_id=252\",\"name\":\"H\u00e4ufig gestellte Fragen - ILHH\",\"isPartOf\":{\"@id\":\"https:\\\/\\\/www.ilhh.lu\\\/#website\"},\"datePublished\":\"2016-06-18T17:35:47+00:00\",\"dateModified\":\"2016-06-18T18:13:44+00:00\",\"breadcrumb\":{\"@id\":\"https:\\\/\\\/www.ilhh.lu\\\/?page_id=252#breadcrumb\"},\"inLanguage\":\"fr-FR\",\"potentialAction\":[{\"@type\":\"ReadAction\",\"target\":[\"https:\\\/\\\/www.ilhh.lu\\\/?page_id=252\"]}]},{\"@type\":\"BreadcrumbList\",\"@id\":\"https:\\\/\\\/www.ilhh.lu\\\/?page_id=252#breadcrumb\",\"itemListElement\":[{\"@type\":\"ListItem\",\"position\":1,\"name\":\"Accueil\",\"item\":\"https:\\\/\\\/www.ilhh.lu\\\/\"},{\"@type\":\"ListItem\",\"position\":2,\"name\":\"H\u00e4ufig gestellte Fragen\"}]},{\"@type\":\"WebSite\",\"@id\":\"https:\\\/\\\/www.ilhh.lu\\\/#website\",\"url\":\"https:\\\/\\\/www.ilhh.lu\\\/\",\"name\":\"ILHH\",\"description\":\"the symbolic work\",\"publisher\":{\"@id\":\"https:\\\/\\\/www.ilhh.lu\\\/#organization\"},\"potentialAction\":[{\"@type\":\"SearchAction\",\"target\":{\"@type\":\"EntryPoint\",\"urlTemplate\":\"https:\\\/\\\/www.ilhh.lu\\\/?s={search_term_string}\"},\"query-input\":{\"@type\":\"PropertyValueSpecification\",\"valueRequired\":true,\"valueName\":\"search_term_string\"}}],\"inLanguage\":\"fr-FR\"},{\"@type\":\"Organization\",\"@id\":\"https:\\\/\\\/www.ilhh.lu\\\/#organization\",\"name\":\"Institut Luxembourgeois d'Hypnose Humaniste\",\"url\":\"https:\\\/\\\/www.ilhh.lu\\\/\",\"logo\":{\"@type\":\"ImageObject\",\"inLanguage\":\"fr-FR\",\"@id\":\"https:\\\/\\\/www.ilhh.lu\\\/#\\\/schema\\\/logo\\\/image\\\/\",\"url\":\"https:\\\/\\\/www.ilhh.lu\\\/wp-content\\\/uploads\\\/2016\\\/05\\\/Logo-ILHH-v1.0.png\",\"contentUrl\":\"https:\\\/\\\/www.ilhh.lu\\\/wp-content\\\/uploads\\\/2016\\\/05\\\/Logo-ILHH-v1.0.png\",\"width\":818,\"height\":953,\"caption\":\"Institut Luxembourgeois d'Hypnose Humaniste\"},\"image\":{\"@id\":\"https:\\\/\\\/www.ilhh.lu\\\/#\\\/schema\\\/logo\\\/image\\\/\"},\"sameAs\":[\"http:\\\/\\\/www.fb.com\\\/ILHH\",\"https:\\\/\\\/x.com\\\/ilhh_lu\"]}]}<\/script>\n<!-- \/ Yoast SEO plugin. -->","yoast_head_json":{"title":"H\u00e4ufig gestellte Fragen - ILHH","robots":{"index":"index","follow":"follow","max-snippet":"max-snippet:-1","max-image-preview":"max-image-preview:large","max-video-preview":"max-video-preview:-1"},"canonical":"https:\/\/www.ilhh.lu\/?page_id=252","og_locale":"fr_FR","og_type":"article","og_title":"H\u00e4ufig gestellte Fragen - ILHH","og_url":"https:\/\/www.ilhh.lu\/?page_id=252","og_site_name":"ILHH","article_publisher":"http:\/\/www.fb.com\/ILHH","article_modified_time":"2016-06-18T18:13:44+00:00","twitter_card":"summary_large_image","twitter_site":"@ilhh_lu","schema":{"@context":"https:\/\/schema.org","@graph":[{"@type":"WebPage","@id":"https:\/\/www.ilhh.lu\/?page_id=252","url":"https:\/\/www.ilhh.lu\/?page_id=252","name":"H\u00e4ufig gestellte Fragen - ILHH","isPartOf":{"@id":"https:\/\/www.ilhh.lu\/#website"},"datePublished":"2016-06-18T17:35:47+00:00","dateModified":"2016-06-18T18:13:44+00:00","breadcrumb":{"@id":"https:\/\/www.ilhh.lu\/?page_id=252#breadcrumb"},"inLanguage":"fr-FR","potentialAction":[{"@type":"ReadAction","target":["https:\/\/www.ilhh.lu\/?page_id=252"]}]},{"@type":"BreadcrumbList","@id":"https:\/\/www.ilhh.lu\/?page_id=252#breadcrumb","itemListElement":[{"@type":"ListItem","position":1,"name":"Accueil","item":"https:\/\/www.ilhh.lu\/"},{"@type":"ListItem","position":2,"name":"H\u00e4ufig gestellte Fragen"}]},{"@type":"WebSite","@id":"https:\/\/www.ilhh.lu\/#website","url":"https:\/\/www.ilhh.lu\/","name":"ILHH","description":"the symbolic work","publisher":{"@id":"https:\/\/www.ilhh.lu\/#organization"},"potentialAction":[{"@type":"SearchAction","target":{"@type":"EntryPoint","urlTemplate":"https:\/\/www.ilhh.lu\/?s={search_term_string}"},"query-input":{"@type":"PropertyValueSpecification","valueRequired":true,"valueName":"search_term_string"}}],"inLanguage":"fr-FR"},{"@type":"Organization","@id":"https:\/\/www.ilhh.lu\/#organization","name":"Institut Luxembourgeois d'Hypnose Humaniste","url":"https:\/\/www.ilhh.lu\/","logo":{"@type":"ImageObject","inLanguage":"fr-FR","@id":"https:\/\/www.ilhh.lu\/#\/schema\/logo\/image\/","url":"https:\/\/www.ilhh.lu\/wp-content\/uploads\/2016\/05\/Logo-ILHH-v1.0.png","contentUrl":"https:\/\/www.ilhh.lu\/wp-content\/uploads\/2016\/05\/Logo-ILHH-v1.0.png","width":818,"height":953,"caption":"Institut Luxembourgeois d'Hypnose Humaniste"},"image":{"@id":"https:\/\/www.ilhh.lu\/#\/schema\/logo\/image\/"},"sameAs":["http:\/\/www.fb.com\/ILHH","https:\/\/x.com\/ilhh_lu"]}]}},"jetpack_sharing_enabled":true,"_links":{"self":[{"href":"https:\/\/www.ilhh.lu\/index.php?rest_route=\/wp\/v2\/pages\/252","targetHints":{"allow":["GET"]}}],"collection":[{"href":"https:\/\/www.ilhh.lu\/index.php?rest_route=\/wp\/v2\/pages"}],"about":[{"href":"https:\/\/www.ilhh.lu\/index.php?rest_route=\/wp\/v2\/types\/page"}],"author":[{"embeddable":true,"href":"https:\/\/www.ilhh.lu\/index.php?rest_route=\/wp\/v2\/users\/1"}],"replies":[{"embeddable":true,"href":"https:\/\/www.ilhh.lu\/index.php?rest_route=%2Fwp%2Fv2%2Fcomments&post=252"}],"version-history":[{"count":1,"href":"https:\/\/www.ilhh.lu\/index.php?rest_route=\/wp\/v2\/pages\/252\/revisions"}],"predecessor-version":[{"id":253,"href":"https:\/\/www.ilhh.lu\/index.php?rest_route=\/wp\/v2\/pages\/252\/revisions\/253"}],"wp:attachment":[{"href":"https:\/\/www.ilhh.lu\/index.php?rest_route=%2Fwp%2Fv2%2Fmedia&parent=252"}],"curies":[{"name":"wp","href":"https:\/\/api.w.org\/{rel}","templated":true}]}}