{"id":263,"date":"2016-06-18T20:34:16","date_gmt":"2016-06-18T18:34:16","guid":{"rendered":"https:\/\/www.ilhh.lu\/?page_id=263"},"modified":"2025-02-10T07:50:52","modified_gmt":"2025-02-10T06:50:52","slug":"formations-en-hh","status":"publish","type":"page","link":"https:\/\/www.ilhh.lu\/?page_id=263","title":{"rendered":"Formations en Hypnose Humaniste et Th\u00e9rapie symbolique avanc\u00e9e"},"content":{"rendered":"<p>Je vous propose des formations, des s\u00e9ances individuelles et de groupe qui vous mettent en contact avec vos pouvoirs int\u00e9rieurs afin de vous transformer, vous lib\u00e9rer. J&rsquo;aime partager ma passion pour l\u2019Hypnose Humaniste, la compr\u00e9hension profonde du mal-\u00eatre de tout \u00eatre humain, trans-g\u00e9n\u00e9rationnel, m\u00e9moire cellulaire, \u00e9pig\u00e9n\u00e9tique, ainsi que le d\u00e9veloppement de soi et l\u2019encadrement parental et scolaire.<br \/>\nLa Grande Conscience, origine de nous ainsi que de tout ce qui existe est une alli\u00e9e qui a le pouvoir de r\u00e9duire la douleur et d\u2019\u00e9loigner, de transformer de nombreux mal-\u00eatres. L\u2019Hypnose Humaniste est LA technique, l&rsquo;unique qui permet d\u2019entrer en relation avec la Grande Conscience et d\u2019en activer ses pouvoirs.<br \/>\nVoici une formation o\u00f9 vous apprendrez, pratiquerez et exp\u00e9rimenterez les pouvoirs de l\u2019Hypnose Humaniste, de l\u2019auto-hypnose et de la Th\u00e9rapie symbolique avanc\u00e9e. Vous apprendrez \u00e0 utiliser ces techniques pour votre plus grand plaisir et pour celui de ceux qui vous entourent et qui croiseront votre chemin.<\/p>\n<ul>\n<li><a href=\"https:\/\/www.ilhh.lu\/?page_id=267&amp;lang=fr\">Programme et prix de la formation en HH<\/a><\/li>\n<li>Dates et formulaire d&rsquo;inscription :<a href=\"https:\/\/www.ilhh.lu\/?page_id=429&amp;lang=fr\"> 2025<\/a><\/li>\n<\/ul>\n<p><a href=\"https:\/\/www.ilhh.lu\/?page_id=357&amp;lang=de\"><em>Vers les formations en langue Allemande&nbsp;&#8211; zu den Deutschen Seminarinfos<\/em><\/a><\/p>\n","protected":false},"excerpt":{"rendered":"<p>Je vous propose des formations, des s\u00e9ances individuelles et de groupe qui vous mettent en contact avec vos pouvoirs int\u00e9rieurs afin de [&hellip;]<\/p>\n","protected":false},"author":1,"featured_media":0,"parent":0,"menu_order":0,"comment_status":"closed","ping_status":"closed","template":"page-templates\/page_fullwidth.php","meta":{"ngg_post_thumbnail":0,"footnotes":""},"class_list":["post-263","page","type-page","status-publish","hentry"],"yoast_head":"<!-- This site is optimized with the Yoast SEO plugin v27.4 - https:\/\/yoast.com\/product\/yoast-seo-wordpress\/ -->\n<title>Formations en Hypnose Humaniste et Th\u00e9rapie symbolique avanc\u00e9e - ILHH<\/title>\n<meta name=\"robots\" content=\"index, follow, max-snippet:-1, max-image-preview:large, max-video-preview:-1\" \/>\n<link rel=\"canonical\" href=\"https:\/\/www.ilhh.lu\/?page_id=263\" \/>\n<meta property=\"og:locale\" content=\"fr_FR\" \/>\n<meta property=\"og:type\" content=\"article\" \/>\n<meta property=\"og:title\" content=\"Formations en Hypnose Humaniste et Th\u00e9rapie symbolique avanc\u00e9e - ILHH\" \/>\n<meta property=\"og:description\" content=\"Je vous propose des formations, des s\u00e9ances individuelles et de groupe qui vous mettent en contact avec vos pouvoirs int\u00e9rieurs afin de [&hellip;]\" \/>\n<meta property=\"og:url\" content=\"https:\/\/www.ilhh.lu\/?page_id=263\" \/>\n<meta property=\"og:site_name\" content=\"ILHH\" \/>\n<meta property=\"article:publisher\" content=\"http:\/\/www.fb.com\/ILHH\" \/>\n<meta property=\"article:modified_time\" content=\"2025-02-10T06:50:52+00:00\" \/>\n<meta name=\"twitter:card\" content=\"summary_large_image\" \/>\n<meta name=\"twitter:site\" content=\"@ilhh_lu\" \/>\n<meta name=\"twitter:label1\" content=\"Dur\u00e9e de lecture estim\u00e9e\" \/>\n\t<meta name=\"twitter:data1\" content=\"1 minute\" \/>\n<script type=\"application\/ld+json\" class=\"yoast-schema-graph\">{\"@context\":\"https:\\\/\\\/schema.org\",\"@graph\":[{\"@type\":\"WebPage\",\"@id\":\"https:\\\/\\\/www.ilhh.lu\\\/?page_id=263\",\"url\":\"https:\\\/\\\/www.ilhh.lu\\\/?page_id=263\",\"name\":\"Formations en Hypnose Humaniste et Th\u00e9rapie symbolique avanc\u00e9e - ILHH\",\"isPartOf\":{\"@id\":\"https:\\\/\\\/www.ilhh.lu\\\/#website\"},\"datePublished\":\"2016-06-18T18:34:16+00:00\",\"dateModified\":\"2025-02-10T06:50:52+00:00\",\"breadcrumb\":{\"@id\":\"https:\\\/\\\/www.ilhh.lu\\\/?page_id=263#breadcrumb\"},\"inLanguage\":\"fr-FR\",\"potentialAction\":[{\"@type\":\"ReadAction\",\"target\":[\"https:\\\/\\\/www.ilhh.lu\\\/?page_id=263\"]}]},{\"@type\":\"BreadcrumbList\",\"@id\":\"https:\\\/\\\/www.ilhh.lu\\\/?page_id=263#breadcrumb\",\"itemListElement\":[{\"@type\":\"ListItem\",\"position\":1,\"name\":\"Accueil\",\"item\":\"https:\\\/\\\/www.ilhh.lu\\\/\"},{\"@type\":\"ListItem\",\"position\":2,\"name\":\"Formations en Hypnose Humaniste et Th\u00e9rapie symbolique avanc\u00e9e\"}]},{\"@type\":\"WebSite\",\"@id\":\"https:\\\/\\\/www.ilhh.lu\\\/#website\",\"url\":\"https:\\\/\\\/www.ilhh.lu\\\/\",\"name\":\"ILHH\",\"description\":\"the symbolic work\",\"publisher\":{\"@id\":\"https:\\\/\\\/www.ilhh.lu\\\/#organization\"},\"potentialAction\":[{\"@type\":\"SearchAction\",\"target\":{\"@type\":\"EntryPoint\",\"urlTemplate\":\"https:\\\/\\\/www.ilhh.lu\\\/?s={search_term_string}\"},\"query-input\":{\"@type\":\"PropertyValueSpecification\",\"valueRequired\":true,\"valueName\":\"search_term_string\"}}],\"inLanguage\":\"fr-FR\"},{\"@type\":\"Organization\",\"@id\":\"https:\\\/\\\/www.ilhh.lu\\\/#organization\",\"name\":\"Institut Luxembourgeois d'Hypnose Humaniste\",\"url\":\"https:\\\/\\\/www.ilhh.lu\\\/\",\"logo\":{\"@type\":\"ImageObject\",\"inLanguage\":\"fr-FR\",\"@id\":\"https:\\\/\\\/www.ilhh.lu\\\/#\\\/schema\\\/logo\\\/image\\\/\",\"url\":\"https:\\\/\\\/www.ilhh.lu\\\/wp-content\\\/uploads\\\/2016\\\/05\\\/Logo-ILHH-v1.0.png\",\"contentUrl\":\"https:\\\/\\\/www.ilhh.lu\\\/wp-content\\\/uploads\\\/2016\\\/05\\\/Logo-ILHH-v1.0.png\",\"width\":818,\"height\":953,\"caption\":\"Institut Luxembourgeois d'Hypnose Humaniste\"},\"image\":{\"@id\":\"https:\\\/\\\/www.ilhh.lu\\\/#\\\/schema\\\/logo\\\/image\\\/\"},\"sameAs\":[\"http:\\\/\\\/www.fb.com\\\/ILHH\",\"https:\\\/\\\/x.com\\\/ilhh_lu\"]}]}<\/script>\n<!-- \/ Yoast SEO plugin. -->","yoast_head_json":{"title":"Formations en Hypnose Humaniste et Th\u00e9rapie symbolique avanc\u00e9e - ILHH","robots":{"index":"index","follow":"follow","max-snippet":"max-snippet:-1","max-image-preview":"max-image-preview:large","max-video-preview":"max-video-preview:-1"},"canonical":"https:\/\/www.ilhh.lu\/?page_id=263","og_locale":"fr_FR","og_type":"article","og_title":"Formations en Hypnose Humaniste et Th\u00e9rapie symbolique avanc\u00e9e - ILHH","og_description":"Je vous propose des formations, des s\u00e9ances individuelles et de groupe qui vous mettent en contact avec vos pouvoirs int\u00e9rieurs afin de [&hellip;]","og_url":"https:\/\/www.ilhh.lu\/?page_id=263","og_site_name":"ILHH","article_publisher":"http:\/\/www.fb.com\/ILHH","article_modified_time":"2025-02-10T06:50:52+00:00","twitter_card":"summary_large_image","twitter_site":"@ilhh_lu","twitter_misc":{"Dur\u00e9e de lecture estim\u00e9e":"1 minute"},"schema":{"@context":"https:\/\/schema.org","@graph":[{"@type":"WebPage","@id":"https:\/\/www.ilhh.lu\/?page_id=263","url":"https:\/\/www.ilhh.lu\/?page_id=263","name":"Formations en Hypnose Humaniste et Th\u00e9rapie symbolique avanc\u00e9e - ILHH","isPartOf":{"@id":"https:\/\/www.ilhh.lu\/#website"},"datePublished":"2016-06-18T18:34:16+00:00","dateModified":"2025-02-10T06:50:52+00:00","breadcrumb":{"@id":"https:\/\/www.ilhh.lu\/?page_id=263#breadcrumb"},"inLanguage":"fr-FR","potentialAction":[{"@type":"ReadAction","target":["https:\/\/www.ilhh.lu\/?page_id=263"]}]},{"@type":"BreadcrumbList","@id":"https:\/\/www.ilhh.lu\/?page_id=263#breadcrumb","itemListElement":[{"@type":"ListItem","position":1,"name":"Accueil","item":"https:\/\/www.ilhh.lu\/"},{"@type":"ListItem","position":2,"name":"Formations en Hypnose Humaniste et Th\u00e9rapie symbolique avanc\u00e9e"}]},{"@type":"WebSite","@id":"https:\/\/www.ilhh.lu\/#website","url":"https:\/\/www.ilhh.lu\/","name":"ILHH","description":"the symbolic work","publisher":{"@id":"https:\/\/www.ilhh.lu\/#organization"},"potentialAction":[{"@type":"SearchAction","target":{"@type":"EntryPoint","urlTemplate":"https:\/\/www.ilhh.lu\/?s={search_term_string}"},"query-input":{"@type":"PropertyValueSpecification","valueRequired":true,"valueName":"search_term_string"}}],"inLanguage":"fr-FR"},{"@type":"Organization","@id":"https:\/\/www.ilhh.lu\/#organization","name":"Institut Luxembourgeois d'Hypnose Humaniste","url":"https:\/\/www.ilhh.lu\/","logo":{"@type":"ImageObject","inLanguage":"fr-FR","@id":"https:\/\/www.ilhh.lu\/#\/schema\/logo\/image\/","url":"https:\/\/www.ilhh.lu\/wp-content\/uploads\/2016\/05\/Logo-ILHH-v1.0.png","contentUrl":"https:\/\/www.ilhh.lu\/wp-content\/uploads\/2016\/05\/Logo-ILHH-v1.0.png","width":818,"height":953,"caption":"Institut Luxembourgeois d'Hypnose Humaniste"},"image":{"@id":"https:\/\/www.ilhh.lu\/#\/schema\/logo\/image\/"},"sameAs":["http:\/\/www.fb.com\/ILHH","https:\/\/x.com\/ilhh_lu"]}]}},"jetpack_sharing_enabled":true,"_links":{"self":[{"href":"https:\/\/www.ilhh.lu\/index.php?rest_route=\/wp\/v2\/pages\/263","targetHints":{"allow":["GET"]}}],"collection":[{"href":"https:\/\/www.ilhh.lu\/index.php?rest_route=\/wp\/v2\/pages"}],"about":[{"href":"https:\/\/www.ilhh.lu\/index.php?rest_route=\/wp\/v2\/types\/page"}],"author":[{"embeddable":true,"href":"https:\/\/www.ilhh.lu\/index.php?rest_route=\/wp\/v2\/users\/1"}],"replies":[{"embeddable":true,"href":"https:\/\/www.ilhh.lu\/index.php?rest_route=%2Fwp%2Fv2%2Fcomments&post=263"}],"version-history":[{"count":21,"href":"https:\/\/www.ilhh.lu\/index.php?rest_route=\/wp\/v2\/pages\/263\/revisions"}],"predecessor-version":[{"id":1777,"href":"https:\/\/www.ilhh.lu\/index.php?rest_route=\/wp\/v2\/pages\/263\/revisions\/1777"}],"wp:attachment":[{"href":"https:\/\/www.ilhh.lu\/index.php?rest_route=%2Fwp%2Fv2%2Fmedia&parent=263"}],"curies":[{"name":"wp","href":"https:\/\/api.w.org\/{rel}","templated":true}]}}