{"id":267,"date":"2016-06-18T20:56:50","date_gmt":"2016-06-18T18:56:50","guid":{"rendered":"https:\/\/www.ilhh.lu\/?page_id=267"},"modified":"2016-06-20T14:08:16","modified_gmt":"2016-06-20T12:08:16","slug":"programme-formation-5-premiers-jours","status":"publish","type":"page","link":"https:\/\/www.ilhh.lu\/?page_id=267","title":{"rendered":"Programme de la formation enti\u00e8re : 20 jours"},"content":{"rendered":"<div class=\"page\" title=\"Page 7\">\n<div class=\"section\">\n<div class=\"layoutArea\">\n<div class=\"column\">\n<div class=\"page\" title=\"Page 7\">\n<div class=\"section\">\n<div class=\"layoutArea\">\n<div class=\"column\">\n<p><span style=\"color: #ff0000;\"><strong>Dur\u00e9e de la formation totale : 20 jours<\/strong><\/span><\/p>\n<ul>\n<li>Programme de base (5 premiers jours)<\/li>\n<li><a href=\"https:\/\/www.ilhh.lu\/?page_id=269&amp;lang=fr\">Programme\u00a0<\/a>du praticien en HH et TSA\u00a0(15 derniers jours)<\/li>\n<\/ul>\n<hr \/>\n<p>Voici le contenu de votre formation de base en Hypnose Humaniste<\/p>\n<h4><a id=\"Base\"><\/a>LES BASES<\/h4>\n<p>JOUR 1<\/p>\n<ul>\n<li>Hypnoses : \u00ab classique \u00bb, \u00ab \u00e9ricksonienne \u00bb, \u00ab nouvelle \u00bb et \u00ab humaniste \u00bb<\/li>\n<li>Les indications de l\u2019Hypnose Humaniste<\/li>\n<li>La calibration : observer la pens\u00e9e en action<\/li>\n<li>Le VAKO : reconna\u00eetre les syst\u00e8mes d\u2019orientation sensorielle<\/li>\n<\/ul>\n<p>JOUR 2<\/p>\n<ul>\n<li>Inconscient, conscient et Conscience : d\u00e9finitions et caract\u00e9ristiques<\/li>\n<li>B.A.BA relationnel : Synchro, re-formulation, questionnement, etc.<\/li>\n<li>Induction hypnotique simple : structures de base en ouverture<\/li>\n<\/ul>\n<h4>PREMIERS OUTILS<\/h4>\n<p>JOUR 3<\/p>\n<ul>\n<li>D\u00e9termination d\u2019Objectif : savoir rendre les r\u00eaves r\u00e9alisables !<\/li>\n<li>La pouss\u00e9e aux \u00e9paules : une v\u00e9rification corporelle<\/li>\n<li>Reconna\u00eetre les Etats Modifi\u00e9s de Conscience : les signes de transe<\/li>\n<li>Le langage hypnotique Humaniste : ce qu\u2019il faut faire, ce qu\u2019il faut \u00e9viter<\/li>\n<li>Induction hypnotique simple : la spirale ouverte<\/li>\n<\/ul>\n<\/div>\n<\/div>\n<\/div>\n<\/div>\n<div class=\"page\" title=\"Page 8\">\n<div class=\"section\">\n<div class=\"layoutArea\">\n<div class=\"column\">\n<p>JOUR 4<\/p>\n<ul>\n<li>Auto-hypnose : \u00e0 vis\u00e9e d\u2019entra\u00eenement personnel<\/li>\n<li>Inductions hypnotiques Humanistes : l\u2019Expansion Mat\u00e9rielle et Subtile<\/li>\n<li>Ph\u00e9nom\u00e8nes hypnotiques : catalepsie, l\u00e9vitation du bras, lourdeur<\/li>\n<li>Apprendre \u00e0 agir en Conscience, activer ses ressources profondes<\/li>\n<\/ul>\n<p>JOUR 5<\/p>\n<ul>\n<li>La Matrice, les O.I., le Soi Id\u00e9al : pr\u00e9sentation et caract\u00e9ristiques<\/li>\n<li>Approfondissement de la transe et transe hypnotique profonde<\/li>\n<li>Inductions hypnotiques Humanistes : l\u2019El\u00e9vation Mat\u00e9rielle et Subtile<\/li>\n<li>La Th\u00e9rapie Symbolique simple : les bases de la pratique humaniste<\/li>\n<\/ul>\n<p>Apr\u00e8s que les bases soient bien connues, nous continuons avec le\u00a0<a href=\"https:\/\/www.ilhh.lu\/?page_id=269&amp;lang=fr\">PROGRAMME DES 15 JOURS DU PRATICIEN EN HYPNOSE HUMANIST<\/a>E ET THERAPIE SYMBOLIQUE AVANCEE<\/p>\n<\/div>\n<\/div>\n<\/div>\n<\/div>\n<\/div>\n<\/div>\n<\/div>\n<\/div>\n","protected":false},"excerpt":{"rendered":"<p>Dur\u00e9e de la formation totale : 20 jours Programme de base (5 premiers jours) Programme\u00a0du praticien en HH et TSA\u00a0(15 derniers jours) [&hellip;]<\/p>\n","protected":false},"author":1,"featured_media":0,"parent":0,"menu_order":0,"comment_status":"closed","ping_status":"closed","template":"page-templates\/page_fullwidth.php","meta":{"ngg_post_thumbnail":0,"footnotes":""},"class_list":["post-267","page","type-page","status-publish","hentry"],"yoast_head":"<!-- This site is optimized with the Yoast SEO plugin v27.4 - https:\/\/yoast.com\/product\/yoast-seo-wordpress\/ -->\n<title>Programme de la formation enti\u00e8re : 20 jours - ILHH<\/title>\n<meta name=\"robots\" content=\"index, follow, max-snippet:-1, max-image-preview:large, max-video-preview:-1\" \/>\n<link rel=\"canonical\" href=\"https:\/\/www.ilhh.lu\/?page_id=267\" \/>\n<meta property=\"og:locale\" content=\"fr_FR\" \/>\n<meta property=\"og:type\" content=\"article\" \/>\n<meta property=\"og:title\" content=\"Programme de la formation enti\u00e8re : 20 jours - ILHH\" \/>\n<meta property=\"og:description\" content=\"Dur\u00e9e de la formation totale : 20 jours Programme de base (5 premiers jours) Programme\u00a0du praticien en HH et TSA\u00a0(15 derniers jours) [&hellip;]\" \/>\n<meta property=\"og:url\" content=\"https:\/\/www.ilhh.lu\/?page_id=267\" \/>\n<meta property=\"og:site_name\" content=\"ILHH\" \/>\n<meta property=\"article:publisher\" content=\"http:\/\/www.fb.com\/ILHH\" \/>\n<meta property=\"article:modified_time\" content=\"2016-06-20T12:08:16+00:00\" \/>\n<meta name=\"twitter:card\" content=\"summary_large_image\" \/>\n<meta name=\"twitter:site\" content=\"@ilhh_lu\" \/>\n<meta name=\"twitter:label1\" content=\"Dur\u00e9e de lecture estim\u00e9e\" \/>\n\t<meta name=\"twitter:data1\" content=\"1 minute\" \/>\n<script type=\"application\/ld+json\" class=\"yoast-schema-graph\">{\"@context\":\"https:\\\/\\\/schema.org\",\"@graph\":[{\"@type\":\"WebPage\",\"@id\":\"https:\\\/\\\/www.ilhh.lu\\\/?page_id=267\",\"url\":\"https:\\\/\\\/www.ilhh.lu\\\/?page_id=267\",\"name\":\"Programme de la formation enti\u00e8re : 20 jours - ILHH\",\"isPartOf\":{\"@id\":\"https:\\\/\\\/www.ilhh.lu\\\/#website\"},\"datePublished\":\"2016-06-18T18:56:50+00:00\",\"dateModified\":\"2016-06-20T12:08:16+00:00\",\"breadcrumb\":{\"@id\":\"https:\\\/\\\/www.ilhh.lu\\\/?page_id=267#breadcrumb\"},\"inLanguage\":\"fr-FR\",\"potentialAction\":[{\"@type\":\"ReadAction\",\"target\":[\"https:\\\/\\\/www.ilhh.lu\\\/?page_id=267\"]}]},{\"@type\":\"BreadcrumbList\",\"@id\":\"https:\\\/\\\/www.ilhh.lu\\\/?page_id=267#breadcrumb\",\"itemListElement\":[{\"@type\":\"ListItem\",\"position\":1,\"name\":\"Accueil\",\"item\":\"https:\\\/\\\/www.ilhh.lu\\\/\"},{\"@type\":\"ListItem\",\"position\":2,\"name\":\"Programme de la formation enti\u00e8re : 20 jours\"}]},{\"@type\":\"WebSite\",\"@id\":\"https:\\\/\\\/www.ilhh.lu\\\/#website\",\"url\":\"https:\\\/\\\/www.ilhh.lu\\\/\",\"name\":\"ILHH\",\"description\":\"the symbolic work\",\"publisher\":{\"@id\":\"https:\\\/\\\/www.ilhh.lu\\\/#organization\"},\"potentialAction\":[{\"@type\":\"SearchAction\",\"target\":{\"@type\":\"EntryPoint\",\"urlTemplate\":\"https:\\\/\\\/www.ilhh.lu\\\/?s={search_term_string}\"},\"query-input\":{\"@type\":\"PropertyValueSpecification\",\"valueRequired\":true,\"valueName\":\"search_term_string\"}}],\"inLanguage\":\"fr-FR\"},{\"@type\":\"Organization\",\"@id\":\"https:\\\/\\\/www.ilhh.lu\\\/#organization\",\"name\":\"Institut Luxembourgeois d'Hypnose Humaniste\",\"url\":\"https:\\\/\\\/www.ilhh.lu\\\/\",\"logo\":{\"@type\":\"ImageObject\",\"inLanguage\":\"fr-FR\",\"@id\":\"https:\\\/\\\/www.ilhh.lu\\\/#\\\/schema\\\/logo\\\/image\\\/\",\"url\":\"https:\\\/\\\/www.ilhh.lu\\\/wp-content\\\/uploads\\\/2016\\\/05\\\/Logo-ILHH-v1.0.png\",\"contentUrl\":\"https:\\\/\\\/www.ilhh.lu\\\/wp-content\\\/uploads\\\/2016\\\/05\\\/Logo-ILHH-v1.0.png\",\"width\":818,\"height\":953,\"caption\":\"Institut Luxembourgeois d'Hypnose Humaniste\"},\"image\":{\"@id\":\"https:\\\/\\\/www.ilhh.lu\\\/#\\\/schema\\\/logo\\\/image\\\/\"},\"sameAs\":[\"http:\\\/\\\/www.fb.com\\\/ILHH\",\"https:\\\/\\\/x.com\\\/ilhh_lu\"]}]}<\/script>\n<!-- \/ Yoast SEO plugin. -->","yoast_head_json":{"title":"Programme de la formation enti\u00e8re : 20 jours - ILHH","robots":{"index":"index","follow":"follow","max-snippet":"max-snippet:-1","max-image-preview":"max-image-preview:large","max-video-preview":"max-video-preview:-1"},"canonical":"https:\/\/www.ilhh.lu\/?page_id=267","og_locale":"fr_FR","og_type":"article","og_title":"Programme de la formation enti\u00e8re : 20 jours - ILHH","og_description":"Dur\u00e9e de la formation totale : 20 jours Programme de base (5 premiers jours) Programme\u00a0du praticien en HH et TSA\u00a0(15 derniers jours) [&hellip;]","og_url":"https:\/\/www.ilhh.lu\/?page_id=267","og_site_name":"ILHH","article_publisher":"http:\/\/www.fb.com\/ILHH","article_modified_time":"2016-06-20T12:08:16+00:00","twitter_card":"summary_large_image","twitter_site":"@ilhh_lu","twitter_misc":{"Dur\u00e9e de lecture estim\u00e9e":"1 minute"},"schema":{"@context":"https:\/\/schema.org","@graph":[{"@type":"WebPage","@id":"https:\/\/www.ilhh.lu\/?page_id=267","url":"https:\/\/www.ilhh.lu\/?page_id=267","name":"Programme de la formation enti\u00e8re : 20 jours - ILHH","isPartOf":{"@id":"https:\/\/www.ilhh.lu\/#website"},"datePublished":"2016-06-18T18:56:50+00:00","dateModified":"2016-06-20T12:08:16+00:00","breadcrumb":{"@id":"https:\/\/www.ilhh.lu\/?page_id=267#breadcrumb"},"inLanguage":"fr-FR","potentialAction":[{"@type":"ReadAction","target":["https:\/\/www.ilhh.lu\/?page_id=267"]}]},{"@type":"BreadcrumbList","@id":"https:\/\/www.ilhh.lu\/?page_id=267#breadcrumb","itemListElement":[{"@type":"ListItem","position":1,"name":"Accueil","item":"https:\/\/www.ilhh.lu\/"},{"@type":"ListItem","position":2,"name":"Programme de la formation enti\u00e8re : 20 jours"}]},{"@type":"WebSite","@id":"https:\/\/www.ilhh.lu\/#website","url":"https:\/\/www.ilhh.lu\/","name":"ILHH","description":"the symbolic work","publisher":{"@id":"https:\/\/www.ilhh.lu\/#organization"},"potentialAction":[{"@type":"SearchAction","target":{"@type":"EntryPoint","urlTemplate":"https:\/\/www.ilhh.lu\/?s={search_term_string}"},"query-input":{"@type":"PropertyValueSpecification","valueRequired":true,"valueName":"search_term_string"}}],"inLanguage":"fr-FR"},{"@type":"Organization","@id":"https:\/\/www.ilhh.lu\/#organization","name":"Institut Luxembourgeois d'Hypnose Humaniste","url":"https:\/\/www.ilhh.lu\/","logo":{"@type":"ImageObject","inLanguage":"fr-FR","@id":"https:\/\/www.ilhh.lu\/#\/schema\/logo\/image\/","url":"https:\/\/www.ilhh.lu\/wp-content\/uploads\/2016\/05\/Logo-ILHH-v1.0.png","contentUrl":"https:\/\/www.ilhh.lu\/wp-content\/uploads\/2016\/05\/Logo-ILHH-v1.0.png","width":818,"height":953,"caption":"Institut Luxembourgeois d'Hypnose Humaniste"},"image":{"@id":"https:\/\/www.ilhh.lu\/#\/schema\/logo\/image\/"},"sameAs":["http:\/\/www.fb.com\/ILHH","https:\/\/x.com\/ilhh_lu"]}]}},"jetpack_sharing_enabled":true,"_links":{"self":[{"href":"https:\/\/www.ilhh.lu\/index.php?rest_route=\/wp\/v2\/pages\/267","targetHints":{"allow":["GET"]}}],"collection":[{"href":"https:\/\/www.ilhh.lu\/index.php?rest_route=\/wp\/v2\/pages"}],"about":[{"href":"https:\/\/www.ilhh.lu\/index.php?rest_route=\/wp\/v2\/types\/page"}],"author":[{"embeddable":true,"href":"https:\/\/www.ilhh.lu\/index.php?rest_route=\/wp\/v2\/users\/1"}],"replies":[{"embeddable":true,"href":"https:\/\/www.ilhh.lu\/index.php?rest_route=%2Fwp%2Fv2%2Fcomments&post=267"}],"version-history":[{"count":10,"href":"https:\/\/www.ilhh.lu\/index.php?rest_route=\/wp\/v2\/pages\/267\/revisions"}],"predecessor-version":[{"id":474,"href":"https:\/\/www.ilhh.lu\/index.php?rest_route=\/wp\/v2\/pages\/267\/revisions\/474"}],"wp:attachment":[{"href":"https:\/\/www.ilhh.lu\/index.php?rest_route=%2Fwp%2Fv2%2Fmedia&parent=267"}],"curies":[{"name":"wp","href":"https:\/\/api.w.org\/{rel}","templated":true}]}}