{"id":269,"date":"2016-06-18T20:53:04","date_gmt":"2016-06-18T18:53:04","guid":{"rendered":"https:\/\/www.ilhh.lu\/?page_id=269"},"modified":"2022-04-29T07:34:01","modified_gmt":"2022-04-29T05:34:01","slug":"programme-formation-15-jours","status":"publish","type":"page","link":"https:\/\/www.ilhh.lu\/?page_id=269","title":{"rendered":"Programme formation 15 jours"},"content":{"rendered":"<div class=\"page\" title=\"Page 8\">\n<div class=\"section\">\n<div class=\"layoutArea\">\n<div class=\"column\">\n<h4 style=\"text-align: center;\"><span style=\"color: #ff0000;\">Cette seconde partie n&rsquo;est accessible qu&rsquo;apr\u00e8s ach\u00e8vement de la <a href=\"https:\/\/www.ilhh.lu\/?page_id=267&amp;lang=fr\">premi\u00e8re partie de base<\/a>!<\/span><\/h4>\n<hr>\n<h3>PROGRAMME DES 15 JOURS DU PRATICIEN EN HYPNOSE&nbsp;HUMANISTE<\/h3>\n<\/div>\n<div class=\"page\" title=\"Page 11\">\n<div class=\"section\">\n<div class=\"layoutArea\">\n<div class=\"column\">\n<hr>\n<p><em>Une attestation de pr\u00e9sence est remise aux personnes qui assistent \u00e0 la formation.<\/em><\/p>\n<ul style=\"list-style-type: circle;\">\n<li><em>Notes de cours : Vous recevrez un manuel de cours qui contient l\u2019essentiel de ce qui est enseign\u00e9 durant la formation. Vous n\u2019aurez donc qu\u2019\u00e0 apporter votre crayon et y ajouter vos notes personnelles.<\/em><\/li>\n<li><em>Collation : Nous fournissons le th\u00e9, caf\u00e9, biscuits, etc pour les collations. Au besoin, nous vous conseillons d\u2019apporter des collations suppl\u00e9mentaires pour \u00eatre \u00e0 l\u2019aise tout au long de la dur\u00e9e du cours.<\/em><\/li>\n<\/ul>\n<\/div>\n<\/div>\n<\/div>\n<\/div>\n<div class=\"column\">\n<hr>\n<h4>I \u2013 CHANGER EN CONSCIENCE<\/h4>\n<p>Chaque matin\u00e9e commence par une discussion sur la philosophie humaniste.<\/p>\n<p>P\u00e9dagogie :<\/p>\n<p>Les diff\u00e9rentes techniques sont expliqu\u00e9es en d\u00e9tail avec d\u00e9monstrations et vous pratiquerez et vivrez vous-m\u00eame chacune des techniques.<\/p>\n<p>Jour 1<\/p>\n<ul>\n<li>L&rsquo;Inconscient, le Conscient, l&rsquo;\u00c2me, la Conscience<\/li>\n<li>Les inductions hypnotiques de l&rsquo;Hypnose Humaniste 1\/6<\/li>\n<li>Augmenter le niveau vibratoire<\/li>\n<li>La pouss\u00e9e aux \u00e9paules : une v\u00e9rification corporelle<\/li>\n<\/ul>\n<p>Jour 2<\/p>\n<ul>\n<li>La Synchronisation Positive en Hypnose Humaniste<\/li>\n<li>Les inductions hypnotiques de l&rsquo;Hypnose Humaniste 2\/6<\/li>\n<li>La \u00ab R\u00e9capitulation Humaniste \u00bb : grand nettoyage personnel !<\/li>\n<li>Le Cercle de Conception : utiliser les id\u00e9es Humanistes pour trouver sa voie<\/li>\n<\/ul>\n<p>Jour 3<\/p>\n<ul>\n<li>La \u00ab s\u00e9ance type \u00bb en Hypnose Humaniste<\/li>\n<li>Les Objets Informationnels<\/li>\n<li>La Th\u00e9rapie Symbolique : principal outil d&rsquo;intervention en Conscience<\/li>\n<\/ul>\n<p>Jour 4<\/p>\n<ul>\n<li>Les inductions hypnotiques de l&rsquo;Hypnose Humaniste 3\/6<\/li>\n<li>Le Soi Id\u00e9al<\/li>\n<li>Connexion au Soi Id\u00e9al<\/li>\n<li>Transformer une technique d\u2019Hypnose en version Hypnose Humaniste<\/li>\n<\/ul>\n<\/div>\n<\/div>\n<\/div>\n<\/div>\n<div class=\"page\" title=\"Page 9\">\n<div class=\"section\">\n<div class=\"layoutArea\">\n<div class=\"column\">\n<p>Jour 5<\/p>\n<ul>\n<li>Les inductions hypnotiques de l&rsquo;Hypnose Humaniste 4\/6<\/li>\n<li>Explorer le pass\u00e9 en Conscience<\/li>\n<li>La futurisation en Hypnose Humaniste<\/li>\n<li>Application transg\u00e9n\u00e9rationelle : les Chemins de Lumi\u00e8re<\/li>\n<\/ul>\n<h4>II &#8211; AU C\u0152UR DE VOUS-M\u00caME : La Th\u00e9rapie Symbolique Avanc\u00e9e<\/h4>\n<p>Chaque matin\u00e9e commence par une discussion sur la philosophie humaniste.<\/p>\n<\/div>\n<\/div>\n<\/div>\n<\/div>\n<div class=\"page\" title=\"Page 10\">\n<div class=\"section\">\n<div class=\"layoutArea\">\n<div class=\"column\">\n<p>Jour 6<\/p>\n<ul>\n<li>Cartographie inconsciente : mieux comprendre l\u2019Inconscient<\/li>\n<li>Les Arch\u00e9types : au c\u0153ur de la symbolique universelle<\/li>\n<li>Les blessures fondamentales<\/li>\n<li>R\u00e9actions possibles face aux blessures<\/li>\n<li>Rencontrer son Enfant int\u00e9rieur<\/li>\n<li>Soin de l\u2019Enfant int\u00e9rieur<\/li>\n<\/ul>\n<p>Jour 7<\/p>\n<ul>\n<li>Les symboles du F\u00e9minin et du Masculin<\/li>\n<li>Rencontrer ses arch\u00e9types \u00ab F\u00e9minin \u00bb et \u00ab Masculin \u00bb<\/li>\n<li>Soin du F\u00e9minin et du Masculin<\/li>\n<li>R\u00e9harmonisation du F\u00e9minin et du Masculin<\/li>\n<li>Naissance de l\u2019Enfant divin<\/li>\n<\/ul>\n<p>Jour 8<\/p>\n<ul>\n<li>Le travail de deuil en Hypnose Humaniste<\/li>\n<li>Rencontrer son arch\u00e9type \u00ab Le Critique \u00bb<\/li>\n<li>Travail sur le Critique<\/li>\n<li>L\u2019arch\u00e9type \u00ab Le Sage \u00bb<\/li>\n<li>Rencontrer son Sage int\u00e9rieur<\/li>\n<\/ul>\n<p>Jour 9<\/p>\n<ul>\n<li>La Th\u00e9rapie Symbolique Avanc\u00e9e : exercice compl\u00e9mentaire<\/li>\n<li>Les diff\u00e9rentes \u00e9tapes du couple<\/li>\n<li>Le principe de la r\u00e9sonance<\/li>\n<li>L\u2019Anima et l\u2019Animus- Le travail avec les couples<\/li>\n<li>Protocole de soin du couple : exercices pratiques<\/li>\n<\/ul>\n<p>Jour 10<\/p>\n<ul>\n<li>Les grands types de r\u00eaves<\/li>\n<li>Le travail sur les r\u00eaves : analyse et interpr\u00e9tation<\/li>\n<li>Le R\u00eave Eveill\u00e9 Dirig\u00e9 : m\u00e9taphore ouverte et analyse symbolique<\/li>\n<\/ul>\n<\/div>\n<\/div>\n<div class=\"layoutArea\">&nbsp;<\/div>\n<\/div>\n<\/div>\n<div class=\"page\" title=\"Page 11\">\n<div class=\"section\">\n<div class=\"layoutArea\">\n<div class=\"column\">\n<h4>III &#8211; GRANDIR EN CONSCIENCE<\/h4>\n<p>Chaque matin\u00e9e commence par une discussion sur la philosophie humaniste.<\/p>\n<p>Jour 11<\/p>\n<ul>\n<li>Les inductions hypnotiques de l&rsquo;Hypnose Humaniste 5\/6<\/li>\n<li>Rendre symbolique et Humaniste une technique d\u2019Hypnose ordinaire<\/li>\n<li>Le Recadrage Hypnotique en version symbolique humaniste<\/li>\n<li>Se connecter \u00e0 la Motivation, \u00e0 la Cr\u00e9ativit\u00e9<\/li>\n<li>ReConnexion entre Consciences<\/li>\n<\/ul>\n<p>Jour 12<\/p>\n<ul>\n<li>Personnifier la maladie : technique pr\u00e9ventive et curative<\/li>\n<li>Technique du \u00ab Tourbillon \u00bb : une RHV symbolique humaniste<\/li>\n<li>Les anesth\u00e9sies en Th\u00e9rapie Symbolique<\/li>\n<\/ul>\n<p>Jour 13<\/p>\n<ul>\n<li>Les inductions hypnotiques de l&rsquo;Hypnose Humaniste 6\/6<\/li>\n<li>Effacer l\u2019illusion : retrouver son identit\u00e9 profonde&#8230;<\/li>\n<li>Ouvrir la Conscience : encore plus loin !<\/li>\n<\/ul>\n<p>Jour 14<\/p>\n<ul>\n<li>La Marelle de Lumi\u00e8re : autre version symbolique humaniste<\/li>\n<li>R\u00e9vision des acquis du Praticien<\/li>\n<\/ul>\n<p>Jour 15<\/p>\n<ul>\n<li>Journ\u00e9e de mise en pratique<\/li>\n<li>Dipl\u00f4me de \u00ab Praticien en Hypnose Humaniste \u00bb et \u00ab\u00a0Praticien en Th\u00e9rapie symbolique avanc\u00e9e\u00a0\u00bb.<\/li>\n<\/ul>\n<p>PRIX DE LA FORMATION<\/p>\n<div class=\"_h8t\">\n<div id=\"js_4qq\" class=\"_5wd9\" data-tooltip-content=\"18:43\" data-hover=\"tooltip\" data-tooltip-position=\"right\">\n<div class=\"_5wde _n4o\">\n<div class=\"_5w1r _3_om _5wdf\">\n<div class=\"_4gx_\">\n<div class=\"_d97\"><span class=\"_5yl5\">Vous obtiendrez beaucoup&nbsp;&nbsp;d&rsquo;informations qui vous enrichiront, exercerez toutes les techniques sur d&rsquo;autres \u00e9l\u00e8ves et les vivrez \u00e0 votre tour. <\/span><\/div>\n<div class=\"_d97\"><span class=\"_5yl5\"><span class=\"_5yl5\">Les techniques seront d\u00e9montr\u00e9es devant les \u00e9l\u00e8ves. Vous serez soutenus par des superviseurs.&nbsp;<br \/>\nLe prix de ce cours est de 3510 \u20ac. Prix \u00ab\u00a0early bird \ud83d\ude09 \u00a0\u00bb pour ceux qui avant fin septembre 2022 payent le montant en une fois : 3250 \u20ac<br \/>\nPour les payements en tranche, prenez contact avec l&rsquo;institut.<br \/>\nJe me tiens \u00e0 votre disposition pour plus d&rsquo;informations.<br \/>\nA bient\u00f4t<br \/>\nJudith Schmit<br \/>\n<\/span><\/span><\/div>\n<\/div>\n<\/div>\n<\/div>\n<\/div>\n<\/div>\n<\/div>\n<\/div>\n<\/div>\n<\/div>\n","protected":false},"excerpt":{"rendered":"<p>Cette seconde partie n&rsquo;est accessible qu&rsquo;apr\u00e8s ach\u00e8vement de la premi\u00e8re partie de base! PROGRAMME DES 15 JOURS DU PRATICIEN EN HYPNOSE&nbsp;HUMANISTE Une [&hellip;]<\/p>\n","protected":false},"author":1,"featured_media":0,"parent":0,"menu_order":0,"comment_status":"closed","ping_status":"closed","template":"page-templates\/page_fullwidth.php","meta":{"ngg_post_thumbnail":0,"footnotes":""},"class_list":["post-269","page","type-page","status-publish","hentry"],"yoast_head":"<!-- This site is optimized with the Yoast SEO plugin v27.4 - https:\/\/yoast.com\/product\/yoast-seo-wordpress\/ -->\n<title>Programme formation 15 jours - ILHH<\/title>\n<meta name=\"robots\" content=\"index, follow, max-snippet:-1, max-image-preview:large, max-video-preview:-1\" \/>\n<link rel=\"canonical\" href=\"https:\/\/www.ilhh.lu\/?page_id=269\" \/>\n<meta property=\"og:locale\" content=\"fr_FR\" \/>\n<meta property=\"og:type\" content=\"article\" \/>\n<meta property=\"og:title\" content=\"Programme formation 15 jours - ILHH\" \/>\n<meta property=\"og:description\" content=\"Cette seconde partie n&rsquo;est accessible qu&rsquo;apr\u00e8s ach\u00e8vement de la premi\u00e8re partie de base! PROGRAMME DES 15 JOURS DU PRATICIEN EN HYPNOSE&nbsp;HUMANISTE Une [&hellip;]\" \/>\n<meta property=\"og:url\" content=\"https:\/\/www.ilhh.lu\/?page_id=269\" \/>\n<meta property=\"og:site_name\" content=\"ILHH\" \/>\n<meta property=\"article:publisher\" content=\"http:\/\/www.fb.com\/ILHH\" \/>\n<meta property=\"article:modified_time\" content=\"2022-04-29T05:34:01+00:00\" \/>\n<meta name=\"twitter:card\" content=\"summary_large_image\" \/>\n<meta name=\"twitter:site\" content=\"@ilhh_lu\" \/>\n<meta name=\"twitter:label1\" content=\"Dur\u00e9e de lecture estim\u00e9e\" \/>\n\t<meta name=\"twitter:data1\" content=\"3 minutes\" \/>\n<script type=\"application\/ld+json\" class=\"yoast-schema-graph\">{\"@context\":\"https:\\\/\\\/schema.org\",\"@graph\":[{\"@type\":\"WebPage\",\"@id\":\"https:\\\/\\\/www.ilhh.lu\\\/?page_id=269\",\"url\":\"https:\\\/\\\/www.ilhh.lu\\\/?page_id=269\",\"name\":\"Programme formation 15 jours - ILHH\",\"isPartOf\":{\"@id\":\"https:\\\/\\\/www.ilhh.lu\\\/#website\"},\"datePublished\":\"2016-06-18T18:53:04+00:00\",\"dateModified\":\"2022-04-29T05:34:01+00:00\",\"breadcrumb\":{\"@id\":\"https:\\\/\\\/www.ilhh.lu\\\/?page_id=269#breadcrumb\"},\"inLanguage\":\"fr-FR\",\"potentialAction\":[{\"@type\":\"ReadAction\",\"target\":[\"https:\\\/\\\/www.ilhh.lu\\\/?page_id=269\"]}]},{\"@type\":\"BreadcrumbList\",\"@id\":\"https:\\\/\\\/www.ilhh.lu\\\/?page_id=269#breadcrumb\",\"itemListElement\":[{\"@type\":\"ListItem\",\"position\":1,\"name\":\"Accueil\",\"item\":\"https:\\\/\\\/www.ilhh.lu\\\/\"},{\"@type\":\"ListItem\",\"position\":2,\"name\":\"Programme formation 15 jours\"}]},{\"@type\":\"WebSite\",\"@id\":\"https:\\\/\\\/www.ilhh.lu\\\/#website\",\"url\":\"https:\\\/\\\/www.ilhh.lu\\\/\",\"name\":\"ILHH\",\"description\":\"the symbolic work\",\"publisher\":{\"@id\":\"https:\\\/\\\/www.ilhh.lu\\\/#organization\"},\"potentialAction\":[{\"@type\":\"SearchAction\",\"target\":{\"@type\":\"EntryPoint\",\"urlTemplate\":\"https:\\\/\\\/www.ilhh.lu\\\/?s={search_term_string}\"},\"query-input\":{\"@type\":\"PropertyValueSpecification\",\"valueRequired\":true,\"valueName\":\"search_term_string\"}}],\"inLanguage\":\"fr-FR\"},{\"@type\":\"Organization\",\"@id\":\"https:\\\/\\\/www.ilhh.lu\\\/#organization\",\"name\":\"Institut Luxembourgeois d'Hypnose Humaniste\",\"url\":\"https:\\\/\\\/www.ilhh.lu\\\/\",\"logo\":{\"@type\":\"ImageObject\",\"inLanguage\":\"fr-FR\",\"@id\":\"https:\\\/\\\/www.ilhh.lu\\\/#\\\/schema\\\/logo\\\/image\\\/\",\"url\":\"https:\\\/\\\/www.ilhh.lu\\\/wp-content\\\/uploads\\\/2016\\\/05\\\/Logo-ILHH-v1.0.png\",\"contentUrl\":\"https:\\\/\\\/www.ilhh.lu\\\/wp-content\\\/uploads\\\/2016\\\/05\\\/Logo-ILHH-v1.0.png\",\"width\":818,\"height\":953,\"caption\":\"Institut Luxembourgeois d'Hypnose Humaniste\"},\"image\":{\"@id\":\"https:\\\/\\\/www.ilhh.lu\\\/#\\\/schema\\\/logo\\\/image\\\/\"},\"sameAs\":[\"http:\\\/\\\/www.fb.com\\\/ILHH\",\"https:\\\/\\\/x.com\\\/ilhh_lu\"]}]}<\/script>\n<!-- \/ Yoast SEO plugin. -->","yoast_head_json":{"title":"Programme formation 15 jours - ILHH","robots":{"index":"index","follow":"follow","max-snippet":"max-snippet:-1","max-image-preview":"max-image-preview:large","max-video-preview":"max-video-preview:-1"},"canonical":"https:\/\/www.ilhh.lu\/?page_id=269","og_locale":"fr_FR","og_type":"article","og_title":"Programme formation 15 jours - ILHH","og_description":"Cette seconde partie n&rsquo;est accessible qu&rsquo;apr\u00e8s ach\u00e8vement de la premi\u00e8re partie de base! PROGRAMME DES 15 JOURS DU PRATICIEN EN HYPNOSE&nbsp;HUMANISTE Une [&hellip;]","og_url":"https:\/\/www.ilhh.lu\/?page_id=269","og_site_name":"ILHH","article_publisher":"http:\/\/www.fb.com\/ILHH","article_modified_time":"2022-04-29T05:34:01+00:00","twitter_card":"summary_large_image","twitter_site":"@ilhh_lu","twitter_misc":{"Dur\u00e9e de lecture estim\u00e9e":"3 minutes"},"schema":{"@context":"https:\/\/schema.org","@graph":[{"@type":"WebPage","@id":"https:\/\/www.ilhh.lu\/?page_id=269","url":"https:\/\/www.ilhh.lu\/?page_id=269","name":"Programme formation 15 jours - ILHH","isPartOf":{"@id":"https:\/\/www.ilhh.lu\/#website"},"datePublished":"2016-06-18T18:53:04+00:00","dateModified":"2022-04-29T05:34:01+00:00","breadcrumb":{"@id":"https:\/\/www.ilhh.lu\/?page_id=269#breadcrumb"},"inLanguage":"fr-FR","potentialAction":[{"@type":"ReadAction","target":["https:\/\/www.ilhh.lu\/?page_id=269"]}]},{"@type":"BreadcrumbList","@id":"https:\/\/www.ilhh.lu\/?page_id=269#breadcrumb","itemListElement":[{"@type":"ListItem","position":1,"name":"Accueil","item":"https:\/\/www.ilhh.lu\/"},{"@type":"ListItem","position":2,"name":"Programme formation 15 jours"}]},{"@type":"WebSite","@id":"https:\/\/www.ilhh.lu\/#website","url":"https:\/\/www.ilhh.lu\/","name":"ILHH","description":"the symbolic work","publisher":{"@id":"https:\/\/www.ilhh.lu\/#organization"},"potentialAction":[{"@type":"SearchAction","target":{"@type":"EntryPoint","urlTemplate":"https:\/\/www.ilhh.lu\/?s={search_term_string}"},"query-input":{"@type":"PropertyValueSpecification","valueRequired":true,"valueName":"search_term_string"}}],"inLanguage":"fr-FR"},{"@type":"Organization","@id":"https:\/\/www.ilhh.lu\/#organization","name":"Institut Luxembourgeois d'Hypnose Humaniste","url":"https:\/\/www.ilhh.lu\/","logo":{"@type":"ImageObject","inLanguage":"fr-FR","@id":"https:\/\/www.ilhh.lu\/#\/schema\/logo\/image\/","url":"https:\/\/www.ilhh.lu\/wp-content\/uploads\/2016\/05\/Logo-ILHH-v1.0.png","contentUrl":"https:\/\/www.ilhh.lu\/wp-content\/uploads\/2016\/05\/Logo-ILHH-v1.0.png","width":818,"height":953,"caption":"Institut Luxembourgeois d'Hypnose Humaniste"},"image":{"@id":"https:\/\/www.ilhh.lu\/#\/schema\/logo\/image\/"},"sameAs":["http:\/\/www.fb.com\/ILHH","https:\/\/x.com\/ilhh_lu"]}]}},"jetpack_sharing_enabled":true,"_links":{"self":[{"href":"https:\/\/www.ilhh.lu\/index.php?rest_route=\/wp\/v2\/pages\/269","targetHints":{"allow":["GET"]}}],"collection":[{"href":"https:\/\/www.ilhh.lu\/index.php?rest_route=\/wp\/v2\/pages"}],"about":[{"href":"https:\/\/www.ilhh.lu\/index.php?rest_route=\/wp\/v2\/types\/page"}],"author":[{"embeddable":true,"href":"https:\/\/www.ilhh.lu\/index.php?rest_route=\/wp\/v2\/users\/1"}],"replies":[{"embeddable":true,"href":"https:\/\/www.ilhh.lu\/index.php?rest_route=%2Fwp%2Fv2%2Fcomments&post=269"}],"version-history":[{"count":13,"href":"https:\/\/www.ilhh.lu\/index.php?rest_route=\/wp\/v2\/pages\/269\/revisions"}],"predecessor-version":[{"id":1753,"href":"https:\/\/www.ilhh.lu\/index.php?rest_route=\/wp\/v2\/pages\/269\/revisions\/1753"}],"wp:attachment":[{"href":"https:\/\/www.ilhh.lu\/index.php?rest_route=%2Fwp%2Fv2%2Fmedia&parent=269"}],"curies":[{"name":"wp","href":"https:\/\/api.w.org\/{rel}","templated":true}]}}