{"id":280,"date":"2016-06-18T21:07:10","date_gmt":"2016-06-18T19:07:10","guid":{"rendered":"https:\/\/www.ilhh.lu\/?page_id=280"},"modified":"2016-07-26T09:29:30","modified_gmt":"2016-07-26T07:29:30","slug":"plan-de-la-formation-hh","status":"publish","type":"page","link":"https:\/\/www.ilhh.lu\/?page_id=280","title":{"rendered":"Plan de la formation HH"},"content":{"rendered":"<div title=\"Page 12\">\n<h2>Horaire de chaque journ\u00e9e<\/h2>\n<p>D\u00e9but des cours :<\/p>\n<ul style=\"list-style-type: circle;\">\n<li><del>Universit\u00e9 d\u2019\u00e9t\u00e9 (juillet &#8211; ao\u00fbt ): 8:00 heures Les portes s\u2019ouvrent \u00e0 7:45\u00a0<\/del> \u00a0formation annul\u00e9e<\/li>\n<li>Cours du printemps et de l\u2019automne: 13:00 heures Les portes s\u2019ouvrent \u00e0 12:45<\/li>\n<\/ul>\n<p style=\"padding-left: 60px;\">Veuillez arriver quelques minutes \u00e0 l\u2019avance pour prendre votre place et vous mettre \u00e0 l\u2019aise.<\/p>\n<table style=\"height: 65px;\" width=\"854\">\n<tbody>\n<tr style=\"height: 24px;\">\n<td style=\"width: 164px; background-color: #f2a5a5; text-align: center; height: 24px;\"><\/td>\n<td style=\"width: 164px; background-color: #f2a5a5; text-align: center; height: 24px;\"><strong>Universit\u00e9 d\u2019\u00e9t\u00e9 <\/strong><\/td>\n<td style=\"width: 164px; background-color: #f2a5a5; text-align: center; height: 24px;\"><strong>Printemps \/ automne<\/strong><\/td>\n<\/tr>\n<tr style=\"height: 24px;\">\n<td style=\"width: 164px; height: 24px; text-align: center; vertical-align: middle;\"><strong>Pause 1 (15 minutes)<\/strong><\/td>\n<td style=\"width: 164px; text-align: center; height: 24px;\">10 h 00<\/td>\n<td style=\"width: 164px; text-align: center; height: 24px;\">15 h 00<\/td>\n<\/tr>\n<tr style=\"height: 24px;\">\n<td style=\"width: 164px; height: 24px; text-align: center; vertical-align: middle;\"><strong>Pause\u00a02\u00a0(15 minutes)<\/strong><\/td>\n<td style=\"width: 164px; text-align: center; height: 24px;\">12 h 00<\/td>\n<td style=\"width: 164px; text-align: center; height: 24px;\">17 h 00<\/td>\n<\/tr>\n<tr style=\"height: 24.8125px;\">\n<td style=\"width: 164px; height: 24px; text-align: center; vertical-align: middle;\"><strong>Fin de la journ\u00e9e<\/strong><\/td>\n<td style=\"width: 164px; text-align: center; height: 24.8125px;\">14 h 00<\/td>\n<td style=\"width: 164px; text-align: center; height: 24.8125px;\">19 h 00<\/td>\n<\/tr>\n<\/tbody>\n<\/table>\n<p>Une fois obtenu votre dipl\u00f4me vous aurez l\u2019occasion de participer \u00e0 une s\u00e9ance de supervision mensuelle (dur\u00e9e : 2 heures).<br \/>\nDiscussion sur les difficult\u00e9s rencontr\u00e9es, dossiers posant soucis.<\/p>\n<h3>Co\u00fbt : 50,00\u20ac<\/h3>\n<\/div>\n","protected":false},"excerpt":{"rendered":"<p>Horaire de chaque journ\u00e9e D\u00e9but des cours : Universit\u00e9 d\u2019\u00e9t\u00e9 (juillet &#8211; ao\u00fbt ): 8:00 heures Les portes s\u2019ouvrent \u00e0 7:45\u00a0 \u00a0formation [&hellip;]<\/p>\n","protected":false},"author":1,"featured_media":0,"parent":0,"menu_order":0,"comment_status":"closed","ping_status":"closed","template":"page-templates\/page_fullwidth.php","meta":{"ngg_post_thumbnail":0,"footnotes":""},"class_list":["post-280","page","type-page","status-publish","hentry"],"yoast_head":"<!-- This site is optimized with the Yoast SEO plugin v27.4 - https:\/\/yoast.com\/product\/yoast-seo-wordpress\/ -->\n<title>Plan de la formation HH - ILHH<\/title>\n<meta name=\"robots\" content=\"index, follow, max-snippet:-1, max-image-preview:large, max-video-preview:-1\" \/>\n<link rel=\"canonical\" href=\"https:\/\/www.ilhh.lu\/?page_id=280\" \/>\n<meta property=\"og:locale\" content=\"fr_FR\" \/>\n<meta property=\"og:type\" content=\"article\" \/>\n<meta property=\"og:title\" content=\"Plan de la formation HH - ILHH\" \/>\n<meta property=\"og:description\" content=\"Horaire de chaque journ\u00e9e D\u00e9but des cours : Universit\u00e9 d\u2019\u00e9t\u00e9 (juillet &#8211; ao\u00fbt ): 8:00 heures Les portes s\u2019ouvrent \u00e0 7:45\u00a0 \u00a0formation [&hellip;]\" \/>\n<meta property=\"og:url\" content=\"https:\/\/www.ilhh.lu\/?page_id=280\" \/>\n<meta property=\"og:site_name\" content=\"ILHH\" \/>\n<meta property=\"article:publisher\" content=\"http:\/\/www.fb.com\/ILHH\" \/>\n<meta property=\"article:modified_time\" content=\"2016-07-26T07:29:30+00:00\" \/>\n<meta name=\"twitter:card\" content=\"summary_large_image\" \/>\n<meta name=\"twitter:site\" content=\"@ilhh_lu\" \/>\n<meta name=\"twitter:label1\" content=\"Dur\u00e9e de lecture estim\u00e9e\" \/>\n\t<meta name=\"twitter:data1\" content=\"1 minute\" \/>\n<script type=\"application\/ld+json\" class=\"yoast-schema-graph\">{\"@context\":\"https:\\\/\\\/schema.org\",\"@graph\":[{\"@type\":\"WebPage\",\"@id\":\"https:\\\/\\\/www.ilhh.lu\\\/?page_id=280\",\"url\":\"https:\\\/\\\/www.ilhh.lu\\\/?page_id=280\",\"name\":\"Plan de la formation HH - ILHH\",\"isPartOf\":{\"@id\":\"https:\\\/\\\/www.ilhh.lu\\\/#website\"},\"datePublished\":\"2016-06-18T19:07:10+00:00\",\"dateModified\":\"2016-07-26T07:29:30+00:00\",\"breadcrumb\":{\"@id\":\"https:\\\/\\\/www.ilhh.lu\\\/?page_id=280#breadcrumb\"},\"inLanguage\":\"fr-FR\",\"potentialAction\":[{\"@type\":\"ReadAction\",\"target\":[\"https:\\\/\\\/www.ilhh.lu\\\/?page_id=280\"]}]},{\"@type\":\"BreadcrumbList\",\"@id\":\"https:\\\/\\\/www.ilhh.lu\\\/?page_id=280#breadcrumb\",\"itemListElement\":[{\"@type\":\"ListItem\",\"position\":1,\"name\":\"Accueil\",\"item\":\"https:\\\/\\\/www.ilhh.lu\\\/\"},{\"@type\":\"ListItem\",\"position\":2,\"name\":\"Plan de la formation HH\"}]},{\"@type\":\"WebSite\",\"@id\":\"https:\\\/\\\/www.ilhh.lu\\\/#website\",\"url\":\"https:\\\/\\\/www.ilhh.lu\\\/\",\"name\":\"ILHH\",\"description\":\"the symbolic work\",\"publisher\":{\"@id\":\"https:\\\/\\\/www.ilhh.lu\\\/#organization\"},\"potentialAction\":[{\"@type\":\"SearchAction\",\"target\":{\"@type\":\"EntryPoint\",\"urlTemplate\":\"https:\\\/\\\/www.ilhh.lu\\\/?s={search_term_string}\"},\"query-input\":{\"@type\":\"PropertyValueSpecification\",\"valueRequired\":true,\"valueName\":\"search_term_string\"}}],\"inLanguage\":\"fr-FR\"},{\"@type\":\"Organization\",\"@id\":\"https:\\\/\\\/www.ilhh.lu\\\/#organization\",\"name\":\"Institut Luxembourgeois d'Hypnose Humaniste\",\"url\":\"https:\\\/\\\/www.ilhh.lu\\\/\",\"logo\":{\"@type\":\"ImageObject\",\"inLanguage\":\"fr-FR\",\"@id\":\"https:\\\/\\\/www.ilhh.lu\\\/#\\\/schema\\\/logo\\\/image\\\/\",\"url\":\"https:\\\/\\\/www.ilhh.lu\\\/wp-content\\\/uploads\\\/2016\\\/05\\\/Logo-ILHH-v1.0.png\",\"contentUrl\":\"https:\\\/\\\/www.ilhh.lu\\\/wp-content\\\/uploads\\\/2016\\\/05\\\/Logo-ILHH-v1.0.png\",\"width\":818,\"height\":953,\"caption\":\"Institut Luxembourgeois d'Hypnose Humaniste\"},\"image\":{\"@id\":\"https:\\\/\\\/www.ilhh.lu\\\/#\\\/schema\\\/logo\\\/image\\\/\"},\"sameAs\":[\"http:\\\/\\\/www.fb.com\\\/ILHH\",\"https:\\\/\\\/x.com\\\/ilhh_lu\"]}]}<\/script>\n<!-- \/ Yoast SEO plugin. -->","yoast_head_json":{"title":"Plan de la formation HH - ILHH","robots":{"index":"index","follow":"follow","max-snippet":"max-snippet:-1","max-image-preview":"max-image-preview:large","max-video-preview":"max-video-preview:-1"},"canonical":"https:\/\/www.ilhh.lu\/?page_id=280","og_locale":"fr_FR","og_type":"article","og_title":"Plan de la formation HH - ILHH","og_description":"Horaire de chaque journ\u00e9e D\u00e9but des cours : Universit\u00e9 d\u2019\u00e9t\u00e9 (juillet &#8211; ao\u00fbt ): 8:00 heures Les portes s\u2019ouvrent \u00e0 7:45\u00a0 \u00a0formation [&hellip;]","og_url":"https:\/\/www.ilhh.lu\/?page_id=280","og_site_name":"ILHH","article_publisher":"http:\/\/www.fb.com\/ILHH","article_modified_time":"2016-07-26T07:29:30+00:00","twitter_card":"summary_large_image","twitter_site":"@ilhh_lu","twitter_misc":{"Dur\u00e9e de lecture estim\u00e9e":"1 minute"},"schema":{"@context":"https:\/\/schema.org","@graph":[{"@type":"WebPage","@id":"https:\/\/www.ilhh.lu\/?page_id=280","url":"https:\/\/www.ilhh.lu\/?page_id=280","name":"Plan de la formation HH - ILHH","isPartOf":{"@id":"https:\/\/www.ilhh.lu\/#website"},"datePublished":"2016-06-18T19:07:10+00:00","dateModified":"2016-07-26T07:29:30+00:00","breadcrumb":{"@id":"https:\/\/www.ilhh.lu\/?page_id=280#breadcrumb"},"inLanguage":"fr-FR","potentialAction":[{"@type":"ReadAction","target":["https:\/\/www.ilhh.lu\/?page_id=280"]}]},{"@type":"BreadcrumbList","@id":"https:\/\/www.ilhh.lu\/?page_id=280#breadcrumb","itemListElement":[{"@type":"ListItem","position":1,"name":"Accueil","item":"https:\/\/www.ilhh.lu\/"},{"@type":"ListItem","position":2,"name":"Plan de la formation HH"}]},{"@type":"WebSite","@id":"https:\/\/www.ilhh.lu\/#website","url":"https:\/\/www.ilhh.lu\/","name":"ILHH","description":"the symbolic work","publisher":{"@id":"https:\/\/www.ilhh.lu\/#organization"},"potentialAction":[{"@type":"SearchAction","target":{"@type":"EntryPoint","urlTemplate":"https:\/\/www.ilhh.lu\/?s={search_term_string}"},"query-input":{"@type":"PropertyValueSpecification","valueRequired":true,"valueName":"search_term_string"}}],"inLanguage":"fr-FR"},{"@type":"Organization","@id":"https:\/\/www.ilhh.lu\/#organization","name":"Institut Luxembourgeois d'Hypnose Humaniste","url":"https:\/\/www.ilhh.lu\/","logo":{"@type":"ImageObject","inLanguage":"fr-FR","@id":"https:\/\/www.ilhh.lu\/#\/schema\/logo\/image\/","url":"https:\/\/www.ilhh.lu\/wp-content\/uploads\/2016\/05\/Logo-ILHH-v1.0.png","contentUrl":"https:\/\/www.ilhh.lu\/wp-content\/uploads\/2016\/05\/Logo-ILHH-v1.0.png","width":818,"height":953,"caption":"Institut Luxembourgeois d'Hypnose Humaniste"},"image":{"@id":"https:\/\/www.ilhh.lu\/#\/schema\/logo\/image\/"},"sameAs":["http:\/\/www.fb.com\/ILHH","https:\/\/x.com\/ilhh_lu"]}]}},"jetpack_sharing_enabled":true,"_links":{"self":[{"href":"https:\/\/www.ilhh.lu\/index.php?rest_route=\/wp\/v2\/pages\/280","targetHints":{"allow":["GET"]}}],"collection":[{"href":"https:\/\/www.ilhh.lu\/index.php?rest_route=\/wp\/v2\/pages"}],"about":[{"href":"https:\/\/www.ilhh.lu\/index.php?rest_route=\/wp\/v2\/types\/page"}],"author":[{"embeddable":true,"href":"https:\/\/www.ilhh.lu\/index.php?rest_route=\/wp\/v2\/users\/1"}],"replies":[{"embeddable":true,"href":"https:\/\/www.ilhh.lu\/index.php?rest_route=%2Fwp%2Fv2%2Fcomments&post=280"}],"version-history":[{"count":4,"href":"https:\/\/www.ilhh.lu\/index.php?rest_route=\/wp\/v2\/pages\/280\/revisions"}],"predecessor-version":[{"id":644,"href":"https:\/\/www.ilhh.lu\/index.php?rest_route=\/wp\/v2\/pages\/280\/revisions\/644"}],"wp:attachment":[{"href":"https:\/\/www.ilhh.lu\/index.php?rest_route=%2Fwp%2Fv2%2Fmedia&parent=280"}],"curies":[{"name":"wp","href":"https:\/\/api.w.org\/{rel}","templated":true}]}}