{"id":292,"date":"2016-06-18T21:17:58","date_gmt":"2016-06-18T19:17:58","guid":{"rendered":"https:\/\/www.ilhh.lu\/?page_id=292"},"modified":"2016-06-18T21:19:00","modified_gmt":"2016-06-18T19:19:00","slug":"comment-se-deroule-une-seance-dhypnose-humaniste","status":"publish","type":"page","link":"https:\/\/www.ilhh.lu\/?page_id=292","title":{"rendered":"Comment se d\u00e9roule une s\u00e9ance d&rsquo;hypnose humaniste?"},"content":{"rendered":"<div title=\"Page 15\">\n<p>Une s\u00e9ance d\u2019hypnose commence toujours par une intention.<br \/>\nQue voulez-vous transformer et am\u00e9liorer dans votre vie?<br \/>\nEn hypnose humaniste, vous pouvez remplir le questionnaire du guide \u00bb avant la rencontre.<br \/>\nVous verrez que les questions sont courtes et simples.<br \/>\nOn se concentre sur l\u2019essentiel et sur les r\u00e9sultats recherch\u00e9s.<br \/>\nUne fois que l\u2019intention est claire, la s\u00e9ance peut commencer officiellement.<br \/>\nVous pouvez \u00e9galement r\u00e9pondre \u00e0 ces questions en pr\u00e9sence de votre guide.<\/p>\n<p>Diff\u00e9rentes techniques de mise en \u00e9tat d\u2019hypnose peuvent \u00eatre utilis\u00e9es. C\u2019est un \u00e9tat augment\u00e9 de conscience qui favorise les transformations int\u00e9rieures. Cela vous permet de vous connecter \u00e0 votre monde int\u00e9rieur par le biais de la Grande Conscience, source de tout ce qui existe et d\u2019utiliser votre imagination.<\/p>\n<ul>\n<li>Vous \u00eates pr\u00e9sent et conscient \u00e0 tout instant;<\/li>\n<li>Vous \u00eates assis sur un si\u00e8ge normal ou relax;<\/li>\n<li>Vous pouvez parler, bouger, \u00e9couter&#8230;;<\/li>\n<li>Vous pouvez vous lever \u00e0 tout moment si l\u2019envie se fait sentir;<\/li>\n<li>Vous avez habituellement les yeux ferm\u00e9s. Vous y verrez\u00a0plus clair;<\/li>\n<\/ul>\n<p>Le guide va ensuite vous accompagner afin de trouver et de soigner vos blessures et\/ou de transformer des \u00e9tats internes vous permettant d\u2019\u00eatre mieux dans votre corps.<\/p>\n<p>Une s\u00e9ance dure g\u00e9n\u00e9ralement de 30 \u00e0 60 minutes.<br \/>\nVotre guide la terminera en vous demandant simplement d\u2019ouvrir vos yeux. Pas besoin de revenir de quelque part car vous n\u2019\u00eates jamais partis.<br \/>\nC\u2019est tout simple. Il s\u2019agit d\u2019une collaboration, d\u2019un travail commun. Vu de l\u2019ext\u00e9rieur, c\u2019est une conversation entre une personne qui a les yeux ouverts (le guide) et une autre qui a les yeux ferm\u00e9s (le guid\u00e9).<\/p>\n<\/div>\n<div title=\"Page 16\">\n<div>\n<div>\n<div>\n<hr \/>\n<p>Voici quelques strat\u00e9gies que nous n\u2019employons jamais:<\/p>\n<h6>Nous n\u2019utilisons pas de scripts<\/h6>\n<p>Certaines formes\u00a0d\u2019hypnose comme l\u2019hypnose Ericksonienne utilisent des scripts. Ce sont des textes lus par le guide avec des m\u00e9taphores, des suggestions directes et autres strat\u00e9gies propres \u00e0 cette forme d\u2019hypnose. Le guid\u00e9 est alors en \u00e9tat de transe et \u00ab re\u00e7oit \u00bb ce script sans parler. Ce n\u2019est pas une strat\u00e9gie que nous employons.<\/p>\n<p>En hypnose humaniste, les techniques sont interactives. Le client \u00e0 le plein pouvoir sur sa transformation.<\/p>\n<h6>Nous ne faisons jamais revivre les \u00e9v\u00e8nements du pass\u00e9.<\/h6>\n<p>Nous ne voulons pas les revisiter pendant la s\u00e9ance. Nous ne voulons pas en parler longuement non plus. Pourquoi?<\/p>\n<p>Il ne sert \u00e0 rien de revivre une souffrance pour pouvoir s\u2019en d\u00e9barrasser !<\/p>\n<p>Nous ne travaillons pas dans le contenu mais dans la structure du probl\u00e8me. En travaillant le symbole correspondant au probl\u00e8me (pointe de l\u2019iceberg) nous transformant toutes les situations, ressentis identiques v\u00e9cues auparavant par le client, programmations g\u00e9n\u00e9alogiques inscrites dans sa g\u00e9n\u00e9tique (dessous de l\u2019iceberg) et ce en une et seule technique. G\u00e9nial, non ?<\/p>\n<h6>Nous ne faisons pas de suggestions hypnotiques directes ni de manipulations.<\/h6>\n<p>Nous ne dictons pas aux gens quelles sont les meilleures solutions pour eux. Jamais. \u00c7a ne servirait \u00e0 rien de toute fa\u00e7on.<br \/>\nToutes les solutions et les transformations \u00e9mergent du client !<br \/>\nEt voil\u00e0 ! Lors d\u2019une s\u00e9ance, vous trouvez vos propres solutions.<br \/>\nVous faites vos propres transformations int\u00e9rieures selon ce qui est beau et harmonieux pour vous.<br \/>\nVotre guide est l\u00e0 pour vous guider, vous encourager et vous ouvrir le champ des possibilit\u00e9s.<\/p>\n<h5 style=\"text-align: center;\">C\u2019est bien cela la magie &#8211; l\u2019\u00e2me agit !<\/h5>\n<\/div>\n<\/div>\n<\/div>\n<\/div>\n","protected":false},"excerpt":{"rendered":"<p>Une s\u00e9ance d\u2019hypnose commence toujours par une intention. Que voulez-vous transformer et am\u00e9liorer dans votre vie? En hypnose humaniste, vous pouvez remplir [&hellip;]<\/p>\n","protected":false},"author":1,"featured_media":0,"parent":0,"menu_order":0,"comment_status":"closed","ping_status":"closed","template":"","meta":{"ngg_post_thumbnail":0,"footnotes":""},"class_list":["post-292","page","type-page","status-publish","hentry"],"yoast_head":"<!-- This site is optimized with the Yoast SEO plugin v27.4 - https:\/\/yoast.com\/product\/yoast-seo-wordpress\/ -->\n<title>Comment se d\u00e9roule une s\u00e9ance d&#039;hypnose humaniste? - ILHH<\/title>\n<meta name=\"robots\" content=\"index, follow, max-snippet:-1, max-image-preview:large, max-video-preview:-1\" \/>\n<link rel=\"canonical\" href=\"https:\/\/www.ilhh.lu\/?page_id=292\" \/>\n<meta property=\"og:locale\" content=\"fr_FR\" \/>\n<meta property=\"og:type\" content=\"article\" \/>\n<meta property=\"og:title\" content=\"Comment se d\u00e9roule une s\u00e9ance d&#039;hypnose humaniste? - ILHH\" \/>\n<meta property=\"og:description\" content=\"Une s\u00e9ance d\u2019hypnose commence toujours par une intention. Que voulez-vous transformer et am\u00e9liorer dans votre vie? En hypnose humaniste, vous pouvez remplir [&hellip;]\" \/>\n<meta property=\"og:url\" content=\"https:\/\/www.ilhh.lu\/?page_id=292\" \/>\n<meta property=\"og:site_name\" content=\"ILHH\" \/>\n<meta property=\"article:publisher\" content=\"http:\/\/www.fb.com\/ILHH\" \/>\n<meta property=\"article:modified_time\" content=\"2016-06-18T19:19:00+00:00\" \/>\n<meta name=\"twitter:card\" content=\"summary_large_image\" \/>\n<meta name=\"twitter:site\" content=\"@ilhh_lu\" \/>\n<meta name=\"twitter:label1\" content=\"Dur\u00e9e de lecture estim\u00e9e\" \/>\n\t<meta name=\"twitter:data1\" content=\"3 minutes\" \/>\n<script type=\"application\/ld+json\" class=\"yoast-schema-graph\">{\"@context\":\"https:\\\/\\\/schema.org\",\"@graph\":[{\"@type\":\"WebPage\",\"@id\":\"https:\\\/\\\/www.ilhh.lu\\\/?page_id=292\",\"url\":\"https:\\\/\\\/www.ilhh.lu\\\/?page_id=292\",\"name\":\"Comment se d\u00e9roule une s\u00e9ance d'hypnose humaniste? - ILHH\",\"isPartOf\":{\"@id\":\"https:\\\/\\\/www.ilhh.lu\\\/#website\"},\"datePublished\":\"2016-06-18T19:17:58+00:00\",\"dateModified\":\"2016-06-18T19:19:00+00:00\",\"breadcrumb\":{\"@id\":\"https:\\\/\\\/www.ilhh.lu\\\/?page_id=292#breadcrumb\"},\"inLanguage\":\"fr-FR\",\"potentialAction\":[{\"@type\":\"ReadAction\",\"target\":[\"https:\\\/\\\/www.ilhh.lu\\\/?page_id=292\"]}]},{\"@type\":\"BreadcrumbList\",\"@id\":\"https:\\\/\\\/www.ilhh.lu\\\/?page_id=292#breadcrumb\",\"itemListElement\":[{\"@type\":\"ListItem\",\"position\":1,\"name\":\"Accueil\",\"item\":\"https:\\\/\\\/www.ilhh.lu\\\/\"},{\"@type\":\"ListItem\",\"position\":2,\"name\":\"Comment se d\u00e9roule une s\u00e9ance d&rsquo;hypnose humaniste?\"}]},{\"@type\":\"WebSite\",\"@id\":\"https:\\\/\\\/www.ilhh.lu\\\/#website\",\"url\":\"https:\\\/\\\/www.ilhh.lu\\\/\",\"name\":\"ILHH\",\"description\":\"the symbolic work\",\"publisher\":{\"@id\":\"https:\\\/\\\/www.ilhh.lu\\\/#organization\"},\"potentialAction\":[{\"@type\":\"SearchAction\",\"target\":{\"@type\":\"EntryPoint\",\"urlTemplate\":\"https:\\\/\\\/www.ilhh.lu\\\/?s={search_term_string}\"},\"query-input\":{\"@type\":\"PropertyValueSpecification\",\"valueRequired\":true,\"valueName\":\"search_term_string\"}}],\"inLanguage\":\"fr-FR\"},{\"@type\":\"Organization\",\"@id\":\"https:\\\/\\\/www.ilhh.lu\\\/#organization\",\"name\":\"Institut Luxembourgeois d'Hypnose Humaniste\",\"url\":\"https:\\\/\\\/www.ilhh.lu\\\/\",\"logo\":{\"@type\":\"ImageObject\",\"inLanguage\":\"fr-FR\",\"@id\":\"https:\\\/\\\/www.ilhh.lu\\\/#\\\/schema\\\/logo\\\/image\\\/\",\"url\":\"https:\\\/\\\/www.ilhh.lu\\\/wp-content\\\/uploads\\\/2016\\\/05\\\/Logo-ILHH-v1.0.png\",\"contentUrl\":\"https:\\\/\\\/www.ilhh.lu\\\/wp-content\\\/uploads\\\/2016\\\/05\\\/Logo-ILHH-v1.0.png\",\"width\":818,\"height\":953,\"caption\":\"Institut Luxembourgeois d'Hypnose Humaniste\"},\"image\":{\"@id\":\"https:\\\/\\\/www.ilhh.lu\\\/#\\\/schema\\\/logo\\\/image\\\/\"},\"sameAs\":[\"http:\\\/\\\/www.fb.com\\\/ILHH\",\"https:\\\/\\\/x.com\\\/ilhh_lu\"]}]}<\/script>\n<!-- \/ Yoast SEO plugin. -->","yoast_head_json":{"title":"Comment se d\u00e9roule une s\u00e9ance d'hypnose humaniste? - ILHH","robots":{"index":"index","follow":"follow","max-snippet":"max-snippet:-1","max-image-preview":"max-image-preview:large","max-video-preview":"max-video-preview:-1"},"canonical":"https:\/\/www.ilhh.lu\/?page_id=292","og_locale":"fr_FR","og_type":"article","og_title":"Comment se d\u00e9roule une s\u00e9ance d'hypnose humaniste? - ILHH","og_description":"Une s\u00e9ance d\u2019hypnose commence toujours par une intention. Que voulez-vous transformer et am\u00e9liorer dans votre vie? En hypnose humaniste, vous pouvez remplir [&hellip;]","og_url":"https:\/\/www.ilhh.lu\/?page_id=292","og_site_name":"ILHH","article_publisher":"http:\/\/www.fb.com\/ILHH","article_modified_time":"2016-06-18T19:19:00+00:00","twitter_card":"summary_large_image","twitter_site":"@ilhh_lu","twitter_misc":{"Dur\u00e9e de lecture estim\u00e9e":"3 minutes"},"schema":{"@context":"https:\/\/schema.org","@graph":[{"@type":"WebPage","@id":"https:\/\/www.ilhh.lu\/?page_id=292","url":"https:\/\/www.ilhh.lu\/?page_id=292","name":"Comment se d\u00e9roule une s\u00e9ance d'hypnose humaniste? - ILHH","isPartOf":{"@id":"https:\/\/www.ilhh.lu\/#website"},"datePublished":"2016-06-18T19:17:58+00:00","dateModified":"2016-06-18T19:19:00+00:00","breadcrumb":{"@id":"https:\/\/www.ilhh.lu\/?page_id=292#breadcrumb"},"inLanguage":"fr-FR","potentialAction":[{"@type":"ReadAction","target":["https:\/\/www.ilhh.lu\/?page_id=292"]}]},{"@type":"BreadcrumbList","@id":"https:\/\/www.ilhh.lu\/?page_id=292#breadcrumb","itemListElement":[{"@type":"ListItem","position":1,"name":"Accueil","item":"https:\/\/www.ilhh.lu\/"},{"@type":"ListItem","position":2,"name":"Comment se d\u00e9roule une s\u00e9ance d&rsquo;hypnose humaniste?"}]},{"@type":"WebSite","@id":"https:\/\/www.ilhh.lu\/#website","url":"https:\/\/www.ilhh.lu\/","name":"ILHH","description":"the symbolic work","publisher":{"@id":"https:\/\/www.ilhh.lu\/#organization"},"potentialAction":[{"@type":"SearchAction","target":{"@type":"EntryPoint","urlTemplate":"https:\/\/www.ilhh.lu\/?s={search_term_string}"},"query-input":{"@type":"PropertyValueSpecification","valueRequired":true,"valueName":"search_term_string"}}],"inLanguage":"fr-FR"},{"@type":"Organization","@id":"https:\/\/www.ilhh.lu\/#organization","name":"Institut Luxembourgeois d'Hypnose Humaniste","url":"https:\/\/www.ilhh.lu\/","logo":{"@type":"ImageObject","inLanguage":"fr-FR","@id":"https:\/\/www.ilhh.lu\/#\/schema\/logo\/image\/","url":"https:\/\/www.ilhh.lu\/wp-content\/uploads\/2016\/05\/Logo-ILHH-v1.0.png","contentUrl":"https:\/\/www.ilhh.lu\/wp-content\/uploads\/2016\/05\/Logo-ILHH-v1.0.png","width":818,"height":953,"caption":"Institut Luxembourgeois d'Hypnose Humaniste"},"image":{"@id":"https:\/\/www.ilhh.lu\/#\/schema\/logo\/image\/"},"sameAs":["http:\/\/www.fb.com\/ILHH","https:\/\/x.com\/ilhh_lu"]}]}},"jetpack_sharing_enabled":true,"_links":{"self":[{"href":"https:\/\/www.ilhh.lu\/index.php?rest_route=\/wp\/v2\/pages\/292","targetHints":{"allow":["GET"]}}],"collection":[{"href":"https:\/\/www.ilhh.lu\/index.php?rest_route=\/wp\/v2\/pages"}],"about":[{"href":"https:\/\/www.ilhh.lu\/index.php?rest_route=\/wp\/v2\/types\/page"}],"author":[{"embeddable":true,"href":"https:\/\/www.ilhh.lu\/index.php?rest_route=\/wp\/v2\/users\/1"}],"replies":[{"embeddable":true,"href":"https:\/\/www.ilhh.lu\/index.php?rest_route=%2Fwp%2Fv2%2Fcomments&post=292"}],"version-history":[{"count":3,"href":"https:\/\/www.ilhh.lu\/index.php?rest_route=\/wp\/v2\/pages\/292\/revisions"}],"predecessor-version":[{"id":296,"href":"https:\/\/www.ilhh.lu\/index.php?rest_route=\/wp\/v2\/pages\/292\/revisions\/296"}],"wp:attachment":[{"href":"https:\/\/www.ilhh.lu\/index.php?rest_route=%2Fwp%2Fv2%2Fmedia&parent=292"}],"curies":[{"name":"wp","href":"https:\/\/api.w.org\/{rel}","templated":true}]}}