{"id":359,"date":"2016-06-19T10:19:55","date_gmt":"2016-06-19T08:19:55","guid":{"rendered":"https:\/\/www.ilhh.lu\/?page_id=359"},"modified":"2016-06-20T13:46:22","modified_gmt":"2016-06-20T11:46:22","slug":"inhalt-der-ausbildung-die-ersten-5-tage","status":"publish","type":"page","link":"https:\/\/www.ilhh.lu\/?page_id=359","title":{"rendered":"Inhalt der Ausbildung in Humanistischer Hypnose"},"content":{"rendered":"<h4><span style=\"color: #ff0000;\"><strong>Gesamtdauer der Ausbildung : 20 Tage<\/strong><\/span><\/h4>\n<ul>\n<li>Basis\u00a0Ausbildung\u00a0(5 ersten Tage)<\/li>\n<li><a href=\"https:\/\/www.ilhh.lu\/?page_id=366&amp;lang=de\">Erweiterte Ausbildung<\/a>\u00a0(15 Tage)<\/li>\n<\/ul>\n<hr \/>\n<p>DIE BASIS<\/p>\n<p>TAG 1<\/p>\n<ul>\n<li>Die verschiedenen Hypnosen : \u00ab die klassische \u00bb, \u00ab nach Ericsson \u00bb, \u00ab die Neue \u00bb und \u00ab die Humanistische \u00bb<\/li>\n<li>Die Indikationen der Humanistischen Hypnose<\/li>\n<li>Das Kalibrieren : Das Erkennen der Gedanken durch die \u00e4ussere Aktion<\/li>\n<li>Das VAKO : die sensorischen Orientierungssysteme erkennen<\/li>\n<\/ul>\n<p>TAG 2<\/p>\n<ul>\n<li>Das Unbewusste, das Bewusste und das h\u00f6here Bewusstsein :\u00a0Definitionen und Eigenschaften<\/li>\n<li>Einf\u00fchrung in die zwischenmenschliche Beziehung : Synchron, Neuformulierung, Fragestellung, usw.<\/li>\n<li>Einfache Hypnotische Induktion: Offene Basisstrukturen<\/li>\n<li>Erste Werkzeuge<\/li>\n<\/ul>\n<p>TAG 3<\/p>\n<ul>\n<li>Zielbestimmung: Tr\u00e4ume verwirklichen k\u00f6nnen.<\/li>\n<li>Druck gegen die Schultern: \u00dcberpr\u00fcfen am K\u00f6rper.<\/li>\n<li>Erkennen der ver\u00e4nderten Bewusstseinszust\u00e4nde: Anzeichen einer Trance.<\/li>\n<\/ul>\n<p>TAG 4<\/p>\n<ul>\n<li>Einfache hypnotische Induktion. Die offene Spirale.<\/li>\n<li>Die humanistische hypnotische Sprache : was muss getan und was vermieden werden.<\/li>\n<li>Auto-Hypnose: zum pers\u00f6nlichen Nutzen.<\/li>\n<li>Induktionen der Humanistischen Hypnose : Materielle und subtile Erweiterung<\/li>\n<li>Hypnotische Ph\u00e4nomene: Starre (Katalepsie), Armlevitation, Schwere-Gef\u00fchl.<\/li>\n<li>Erlernen auf der Ebene des h\u00f6heren Bewusstseins zu handeln, seine tiefen Ressourcen aktivieren.<\/li>\n<\/ul>\n<p>TAG 5<\/p>\n<ul>\n<li>Die Matrix, die Informativen Objekte, Das ideale Selbst: Vorstellung und Eigenschaften.<\/li>\n<li>Vertiefung der Trance und tiefe hypnotische Trance.<\/li>\n<li>Induktionen der Humanistischen Hypnose: Materielle und\u00a0subtile Erh\u00f6hung.<\/li>\n<li>Die einfache Symbolische Therapie: die Grundlagen der\u00a0Humanistischen Praxis.<\/li>\n<\/ul>\n<p>Nachdem die Basis gut verinnerlicht ist, fahren wir fort mit dem <a href=\"https:\/\/www.ilhh.lu\/?page_id=366&amp;lang=de\">15 Tage Programm<\/a> des Praktitioner in Humanistischer Hypnose.<\/p>\n","protected":false},"excerpt":{"rendered":"<p>Gesamtdauer der Ausbildung : 20 Tage Basis\u00a0Ausbildung\u00a0(5 ersten Tage) Erweiterte Ausbildung\u00a0(15 Tage) DIE BASIS TAG 1 Die verschiedenen Hypnosen : \u00ab die [&hellip;]<\/p>\n","protected":false},"author":1,"featured_media":0,"parent":0,"menu_order":0,"comment_status":"closed","ping_status":"closed","template":"","meta":{"ngg_post_thumbnail":0,"footnotes":""},"class_list":["post-359","page","type-page","status-publish","hentry"],"yoast_head":"<!-- This site is optimized with the Yoast SEO plugin v27.4 - https:\/\/yoast.com\/product\/yoast-seo-wordpress\/ -->\n<title>Inhalt der Ausbildung in Humanistischer Hypnose - ILHH<\/title>\n<meta name=\"robots\" content=\"index, follow, max-snippet:-1, max-image-preview:large, max-video-preview:-1\" \/>\n<link rel=\"canonical\" href=\"https:\/\/www.ilhh.lu\/?page_id=359\" \/>\n<meta property=\"og:locale\" content=\"fr_FR\" \/>\n<meta property=\"og:type\" content=\"article\" \/>\n<meta property=\"og:title\" content=\"Inhalt der Ausbildung in Humanistischer Hypnose - ILHH\" \/>\n<meta property=\"og:description\" content=\"Gesamtdauer der Ausbildung : 20 Tage Basis\u00a0Ausbildung\u00a0(5 ersten Tage) Erweiterte Ausbildung\u00a0(15 Tage) DIE BASIS TAG 1 Die verschiedenen Hypnosen : \u00ab die [&hellip;]\" \/>\n<meta property=\"og:url\" content=\"https:\/\/www.ilhh.lu\/?page_id=359\" \/>\n<meta property=\"og:site_name\" content=\"ILHH\" \/>\n<meta property=\"article:publisher\" content=\"http:\/\/www.fb.com\/ILHH\" \/>\n<meta property=\"article:modified_time\" content=\"2016-06-20T11:46:22+00:00\" \/>\n<meta name=\"twitter:card\" content=\"summary_large_image\" \/>\n<meta name=\"twitter:site\" content=\"@ilhh_lu\" \/>\n<meta name=\"twitter:label1\" content=\"Dur\u00e9e de lecture estim\u00e9e\" \/>\n\t<meta name=\"twitter:data1\" content=\"1 minute\" \/>\n<script type=\"application\/ld+json\" class=\"yoast-schema-graph\">{\"@context\":\"https:\\\/\\\/schema.org\",\"@graph\":[{\"@type\":\"WebPage\",\"@id\":\"https:\\\/\\\/www.ilhh.lu\\\/?page_id=359\",\"url\":\"https:\\\/\\\/www.ilhh.lu\\\/?page_id=359\",\"name\":\"Inhalt der Ausbildung in Humanistischer Hypnose - ILHH\",\"isPartOf\":{\"@id\":\"https:\\\/\\\/www.ilhh.lu\\\/#website\"},\"datePublished\":\"2016-06-19T08:19:55+00:00\",\"dateModified\":\"2016-06-20T11:46:22+00:00\",\"breadcrumb\":{\"@id\":\"https:\\\/\\\/www.ilhh.lu\\\/?page_id=359#breadcrumb\"},\"inLanguage\":\"fr-FR\",\"potentialAction\":[{\"@type\":\"ReadAction\",\"target\":[\"https:\\\/\\\/www.ilhh.lu\\\/?page_id=359\"]}]},{\"@type\":\"BreadcrumbList\",\"@id\":\"https:\\\/\\\/www.ilhh.lu\\\/?page_id=359#breadcrumb\",\"itemListElement\":[{\"@type\":\"ListItem\",\"position\":1,\"name\":\"Accueil\",\"item\":\"https:\\\/\\\/www.ilhh.lu\\\/\"},{\"@type\":\"ListItem\",\"position\":2,\"name\":\"Inhalt der Ausbildung in Humanistischer Hypnose\"}]},{\"@type\":\"WebSite\",\"@id\":\"https:\\\/\\\/www.ilhh.lu\\\/#website\",\"url\":\"https:\\\/\\\/www.ilhh.lu\\\/\",\"name\":\"ILHH\",\"description\":\"the symbolic work\",\"publisher\":{\"@id\":\"https:\\\/\\\/www.ilhh.lu\\\/#organization\"},\"potentialAction\":[{\"@type\":\"SearchAction\",\"target\":{\"@type\":\"EntryPoint\",\"urlTemplate\":\"https:\\\/\\\/www.ilhh.lu\\\/?s={search_term_string}\"},\"query-input\":{\"@type\":\"PropertyValueSpecification\",\"valueRequired\":true,\"valueName\":\"search_term_string\"}}],\"inLanguage\":\"fr-FR\"},{\"@type\":\"Organization\",\"@id\":\"https:\\\/\\\/www.ilhh.lu\\\/#organization\",\"name\":\"Institut Luxembourgeois d'Hypnose Humaniste\",\"url\":\"https:\\\/\\\/www.ilhh.lu\\\/\",\"logo\":{\"@type\":\"ImageObject\",\"inLanguage\":\"fr-FR\",\"@id\":\"https:\\\/\\\/www.ilhh.lu\\\/#\\\/schema\\\/logo\\\/image\\\/\",\"url\":\"https:\\\/\\\/www.ilhh.lu\\\/wp-content\\\/uploads\\\/2016\\\/05\\\/Logo-ILHH-v1.0.png\",\"contentUrl\":\"https:\\\/\\\/www.ilhh.lu\\\/wp-content\\\/uploads\\\/2016\\\/05\\\/Logo-ILHH-v1.0.png\",\"width\":818,\"height\":953,\"caption\":\"Institut Luxembourgeois d'Hypnose Humaniste\"},\"image\":{\"@id\":\"https:\\\/\\\/www.ilhh.lu\\\/#\\\/schema\\\/logo\\\/image\\\/\"},\"sameAs\":[\"http:\\\/\\\/www.fb.com\\\/ILHH\",\"https:\\\/\\\/x.com\\\/ilhh_lu\"]}]}<\/script>\n<!-- \/ Yoast SEO plugin. -->","yoast_head_json":{"title":"Inhalt der Ausbildung in Humanistischer Hypnose - ILHH","robots":{"index":"index","follow":"follow","max-snippet":"max-snippet:-1","max-image-preview":"max-image-preview:large","max-video-preview":"max-video-preview:-1"},"canonical":"https:\/\/www.ilhh.lu\/?page_id=359","og_locale":"fr_FR","og_type":"article","og_title":"Inhalt der Ausbildung in Humanistischer Hypnose - ILHH","og_description":"Gesamtdauer der Ausbildung : 20 Tage Basis\u00a0Ausbildung\u00a0(5 ersten Tage) Erweiterte Ausbildung\u00a0(15 Tage) DIE BASIS TAG 1 Die verschiedenen Hypnosen : \u00ab die [&hellip;]","og_url":"https:\/\/www.ilhh.lu\/?page_id=359","og_site_name":"ILHH","article_publisher":"http:\/\/www.fb.com\/ILHH","article_modified_time":"2016-06-20T11:46:22+00:00","twitter_card":"summary_large_image","twitter_site":"@ilhh_lu","twitter_misc":{"Dur\u00e9e de lecture estim\u00e9e":"1 minute"},"schema":{"@context":"https:\/\/schema.org","@graph":[{"@type":"WebPage","@id":"https:\/\/www.ilhh.lu\/?page_id=359","url":"https:\/\/www.ilhh.lu\/?page_id=359","name":"Inhalt der Ausbildung in Humanistischer Hypnose - ILHH","isPartOf":{"@id":"https:\/\/www.ilhh.lu\/#website"},"datePublished":"2016-06-19T08:19:55+00:00","dateModified":"2016-06-20T11:46:22+00:00","breadcrumb":{"@id":"https:\/\/www.ilhh.lu\/?page_id=359#breadcrumb"},"inLanguage":"fr-FR","potentialAction":[{"@type":"ReadAction","target":["https:\/\/www.ilhh.lu\/?page_id=359"]}]},{"@type":"BreadcrumbList","@id":"https:\/\/www.ilhh.lu\/?page_id=359#breadcrumb","itemListElement":[{"@type":"ListItem","position":1,"name":"Accueil","item":"https:\/\/www.ilhh.lu\/"},{"@type":"ListItem","position":2,"name":"Inhalt der Ausbildung in Humanistischer Hypnose"}]},{"@type":"WebSite","@id":"https:\/\/www.ilhh.lu\/#website","url":"https:\/\/www.ilhh.lu\/","name":"ILHH","description":"the symbolic work","publisher":{"@id":"https:\/\/www.ilhh.lu\/#organization"},"potentialAction":[{"@type":"SearchAction","target":{"@type":"EntryPoint","urlTemplate":"https:\/\/www.ilhh.lu\/?s={search_term_string}"},"query-input":{"@type":"PropertyValueSpecification","valueRequired":true,"valueName":"search_term_string"}}],"inLanguage":"fr-FR"},{"@type":"Organization","@id":"https:\/\/www.ilhh.lu\/#organization","name":"Institut Luxembourgeois d'Hypnose Humaniste","url":"https:\/\/www.ilhh.lu\/","logo":{"@type":"ImageObject","inLanguage":"fr-FR","@id":"https:\/\/www.ilhh.lu\/#\/schema\/logo\/image\/","url":"https:\/\/www.ilhh.lu\/wp-content\/uploads\/2016\/05\/Logo-ILHH-v1.0.png","contentUrl":"https:\/\/www.ilhh.lu\/wp-content\/uploads\/2016\/05\/Logo-ILHH-v1.0.png","width":818,"height":953,"caption":"Institut Luxembourgeois d'Hypnose Humaniste"},"image":{"@id":"https:\/\/www.ilhh.lu\/#\/schema\/logo\/image\/"},"sameAs":["http:\/\/www.fb.com\/ILHH","https:\/\/x.com\/ilhh_lu"]}]}},"jetpack_sharing_enabled":true,"_links":{"self":[{"href":"https:\/\/www.ilhh.lu\/index.php?rest_route=\/wp\/v2\/pages\/359","targetHints":{"allow":["GET"]}}],"collection":[{"href":"https:\/\/www.ilhh.lu\/index.php?rest_route=\/wp\/v2\/pages"}],"about":[{"href":"https:\/\/www.ilhh.lu\/index.php?rest_route=\/wp\/v2\/types\/page"}],"author":[{"embeddable":true,"href":"https:\/\/www.ilhh.lu\/index.php?rest_route=\/wp\/v2\/users\/1"}],"replies":[{"embeddable":true,"href":"https:\/\/www.ilhh.lu\/index.php?rest_route=%2Fwp%2Fv2%2Fcomments&post=359"}],"version-history":[{"count":10,"href":"https:\/\/www.ilhh.lu\/index.php?rest_route=\/wp\/v2\/pages\/359\/revisions"}],"predecessor-version":[{"id":466,"href":"https:\/\/www.ilhh.lu\/index.php?rest_route=\/wp\/v2\/pages\/359\/revisions\/466"}],"wp:attachment":[{"href":"https:\/\/www.ilhh.lu\/index.php?rest_route=%2Fwp%2Fv2%2Fmedia&parent=359"}],"curies":[{"name":"wp","href":"https:\/\/api.w.org\/{rel}","templated":true}]}}