{"id":366,"date":"2016-06-18T20:53:04","date_gmt":"2016-06-18T18:53:04","guid":{"rendered":"https:\/\/www.ilhh.lu\/?page_id=366"},"modified":"2022-04-29T07:47:41","modified_gmt":"2022-04-29T05:47:41","slug":"das-15-tage-programm-der-ausbildung","status":"publish","type":"page","link":"https:\/\/www.ilhh.lu\/?page_id=366","title":{"rendered":"Das 15 Tage Programm der Ausbildung"},"content":{"rendered":"<h4 style=\"text-align: center;\"><span style=\"color: #ff0000;\">Dieser Teil der Ausbildung setzt die Teilnahme an den&nbsp;<a href=\"https:\/\/www.ilhh.lu\/?page_id=359&amp;lang=de\">ersten 5 Tagen<\/a> voraus!<\/span><\/h4>\n<h3>15 TAGE PROGRAMM DES PRAKTITIONERS IN HUMANISTISCHER HYPNOSE<\/h3>\n<hr>\n<p>Hinweis: die zahlreichen praktischen \u00dcbungen werden nicht erw\u00e4hnt.<\/p>\n<p>Jeder Morgen beginnt mit einer Diskussion der humanistischen Philosophie.<\/p>\n<p><strong>P\u00e4dagogik<\/strong><br \/>\nDie verschiedenen Techniken werden im Detail erkl\u00e4rt mit praktischen Vorf\u00fchrungen. Sie werden jede Technik in den Kursen selbst erleben und anwenden.<\/p>\n<hr>\n<h4>I &#8211; Bewusstseinswandel<\/h4>\n<p>Tag 1.<\/p>\n<ul>\n<li>Das Unbewusste, das Bewusste, die Seele, das h\u00f6here Bewusstsein<\/li>\n<li>Die hypnotischen Induktionen der Humanistischen Hypnose 1\/6<\/li>\n<li>Die Schwingungsebene erh\u00f6hen<\/li>\n<li>Der SchulterSchub: ein K\u00f6rper-Check<\/li>\n<\/ul>\n<p>Tag 2.<\/p>\n<ul>\n<li>Die Positive Synchronisation in der Humanistischen Hypnose<\/li>\n<li>Die hypnotische Induktionen der Humanistischen Hypnose 2\/6<\/li>\n<li>Die \u00ab\u00a0Humanistische Zusammenfassung\u00a0\u00bb : Die gro\u00dfe pers\u00f6nliche Reinigung !<\/li>\n<li>Der Konzeptions Kreis: Wie Sie die humanistische Ideen verwenden, um ihren Weg zu finden.<\/li>\n<\/ul>\n<p>Tag 3.<\/p>\n<ul>\n<li>Der Ablauf einer \u00ab\u00a0typischen Sitzung\u00a0\u00bb der Humanistischen Hypnose<\/li>\n<li>Die Informationellen Objekte<\/li>\n<li>Die Symbolische Therapie: Hauptwerkzeug im h\u00f6heren Bewusstsein<\/li>\n<\/ul>\n<p>Tag 4.<\/p>\n<ul>\n<li>Die hypnotische Induktionen der Humanistischen Hypnose 3\/6<\/li>\n<li>Das Ideale Selbst<\/li>\n<li>Anbindung an das Ideale Selbst<\/li>\n<li>Um\u00e4ndern einer allgemeinen Hypnose Technik in eine Humanistische Version<\/li>\n<\/ul>\n<p>Tag 5.<\/p>\n<ul>\n<li>Die hypnotischen Induktionen der Humanistischen Hypnose 4\/6<\/li>\n<li>Erforschung der Vergangenheit im h\u00f6heren Bewusstsein<\/li>\n<li>Die Zukunftsvision in der Humanistischen Hypnose<\/li>\n<li>Generations\u00fcbergreifende Anwendung: Die Lichtwege<\/li>\n<\/ul>\n<h4>II \u2013 Im Herzen ihrer Selbst: Fortgeschrittene Symbolische Therapie<\/h4>\n<p>Tag 6.<\/p>\n<ul>\n<li>Kartographie des Unbewussten: besseres Verst\u00e4ndnis des Unbewussten<\/li>\n<li>Die Archetypen: im Herzen der universellen Symbolik<\/li>\n<li>Die Hauptverletzungen<\/li>\n<li>M\u00f6gliche Reaktionen gegen\u00fcber Verletzungen<\/li>\n<li>Treffen mit Ihrem inneren Kind<\/li>\n<li>Betreuung des verletzten inneren Kindes<\/li>\n<\/ul>\n<p>Tag 7.<\/p>\n<ul>\n<li>Die Symbole des Weiblichen und M\u00e4nnlichen<\/li>\n<li>Seine \u00ab\u00a0weiblichen\u00a0\u00bb und \u00ab m\u00e4nnlichen\u00a0\u00bb Archetypen treffen<\/li>\n<li>Pflege des Weiblichen und M\u00e4nnlichen<\/li>\n<li>Harmonisierung des Weiblichen und M\u00e4nnlichen<\/li>\n<li>Geburt des g\u00f6ttlichen Kindes<\/li>\n<\/ul>\n<p>Tag 8.<\/p>\n<ul>\n<li>Die Trauer Arbeit in der Humanistischen Hypnose<\/li>\n<li>Treffen des Archetyp \u00ab der Kritiker \u00bb.<\/li>\n<li>Arbeit am Kritiker<\/li>\n<li>Der Archetyp \u00ab der Weise \u00bb<\/li>\n<li>Treffen Ihres Inneren Weisen<\/li>\n<\/ul>\n<p>Tag 9.<\/p>\n<ul>\n<li>Die Fortgeschrittene Symbolische Therapie: Zus\u00e4tzliche \u00dcbung.<\/li>\n<li>Die verschiedenen Stufen des Paares.<\/li>\n<li>Das Resonanz Prinzip.<\/li>\n<li>Anima und Animus.<\/li>\n<li>Paar Arbeit.<\/li>\n<li>Protokoll der Pflege des Paares : praktische \u00dcbungen.<\/li>\n<\/ul>\n<p>Tag 10.<\/p>\n<ul>\n<li>Die Haupt Traumkategorien<\/li>\n<li>Traumarbeit : Analyse und Interpretation<\/li>\n<li>Der gef\u00fchrte Wachtraum : offene Metapher und symbolische Analyse<\/li>\n<\/ul>\n<h4>III &#8211; Im Bewusstsein Wachsen<\/h4>\n<p>Tag 11.<\/p>\n<ul>\n<li>Die hypnotischen Induktionen der Humanistischen Hypnose 5\/6<\/li>\n<li>Eine klassische hypnotische Technik in eine symbolische, humanistische umwandeln<\/li>\n<li>Das hypnotische Refraiming in humanistischer Version<\/li>\n<li>Sich an den Ursprung der Motivation und Kreativit\u00e4t anbinden<\/li>\n<li>Verbindung zwischen zwei Bewusstseinen<\/li>\n<\/ul>\n<p>Tag 12.<\/p>\n<ul>\n<li>Personifizierung der Krankheit: vorbeugende und heilende Technik<\/li>\n<li>Technik des \u00ab\u00a0Wirbelwindes\u00a0\u00bb: eine symbolische, humanistische Strukturierung der Lebensabschnitte<\/li>\n<li>An\u00e4sthesie, Analgesie in der Symbolischen Therapie.<\/li>\n<\/ul>\n<p>Tag 13.<\/p>\n<ul>\n<li>Die hypnotische Induktionen der Humanistischen Hypnose 6\/6<\/li>\n<li>Das Ausl\u00f6schen der Illusion: Seine wahre Identit\u00e4t wieder finden &#8230;<\/li>\n<li>\u00d6ffnen des Bewusstseins : immer weiter !<\/li>\n<\/ul>\n<p>Tag 14.<\/p>\n<ul>\n<li>Himmel und H\u00f6lle im Licht : eine weitere symbolisch humanistische Version<\/li>\n<li>Gesamte Wiederholung des erlernten Stoffes des Praktitioner Lehrgangs<\/li>\n<\/ul>\n<p>Tag 15.<\/p>\n<ul>\n<li>Abschluss &nbsp;\u00a0\u00bb Praktitioner in Humanistischer Hypnose \u00ab\u00a0<\/li>\n<\/ul>\n<p>PREIS DES KURSES<\/p>\n<div class=\"_h8t\">\n<div id=\"js_4qq\" class=\"_5wd9\" data-tooltip-content=\"18:43\" data-hover=\"tooltip\" data-tooltip-position=\"right\">\n<div class=\"_5wde _n4o\">\n<div class=\"_5w1r _3_om _5wdf\">\n<div class=\"_4gx_\">\n<div class=\"_d97\"><span class=\"_5yl5\">Sie werden viele lebensver\u00e4ndernde Informationen erhalten, die s\u00e4mtlichen Techniken an anderen Mitsch\u00fcler trainieren&nbsp;und alle Techniken selbst erleben.&nbsp;<\/span><\/div>\n<div class=\"_d97\">Die Techniken werden Ihnen zuerst life vorgezeigt. W\u00e4hrend des ganzen Kurses werden Sie von erfahrenen Humanistischen Hypnotiseure unterst\u00fctzt werden.&nbsp;<\/div>\n<div class=\"_d97\">&nbsp;<\/div>\n<div class=\"_d97\"><span class=\"_5yl5\">Der gesamte Kurs kostet 3510 \u20ac.<br \/>\nF\u00fcr early birds : Bei Bezahlung des Gesamtbetrages nach der Einschreibung und vor Ende Sept 2022, betr\u00e4gt der Preis : 3250 \u20ac. F\u00fcr Rate-Zahlung wendet Euch bitte an das ILHH. <\/span><\/div>\n<div class=\"_d97\"><span class=\"_5yl5\">Der Kurs schliesst mit einem Examen ab.&nbsp;&nbsp;<br \/>\nF\u00fcr weitere Informationen stehe ich Ihnen gerne zur Verf\u00fcgung. Ich freue mich auf Sie<\/span><\/div>\n<\/div>\n<\/div>\n<\/div>\n<\/div>\n<\/div>\n","protected":false},"excerpt":{"rendered":"<p>Dieser Teil der Ausbildung setzt die Teilnahme an den&nbsp;ersten 5 Tagen voraus! 15 TAGE PROGRAMM DES PRAKTITIONERS IN HUMANISTISCHER HYPNOSE Hinweis: die [&hellip;]<\/p>\n","protected":false},"author":1,"featured_media":0,"parent":0,"menu_order":0,"comment_status":"closed","ping_status":"closed","template":"page-templates\/page_fullwidth.php","meta":{"ngg_post_thumbnail":0,"footnotes":""},"class_list":["post-366","page","type-page","status-publish","hentry"],"yoast_head":"<!-- This site is optimized with the Yoast SEO plugin v27.4 - https:\/\/yoast.com\/product\/yoast-seo-wordpress\/ -->\n<title>Das 15 Tage Programm der Ausbildung - ILHH<\/title>\n<meta name=\"robots\" content=\"index, follow, max-snippet:-1, max-image-preview:large, max-video-preview:-1\" \/>\n<link rel=\"canonical\" href=\"https:\/\/www.ilhh.lu\/?page_id=366\" \/>\n<meta property=\"og:locale\" content=\"fr_FR\" \/>\n<meta property=\"og:type\" content=\"article\" \/>\n<meta property=\"og:title\" content=\"Das 15 Tage Programm der Ausbildung - ILHH\" \/>\n<meta property=\"og:description\" content=\"Dieser Teil der Ausbildung setzt die Teilnahme an den&nbsp;ersten 5 Tagen voraus! 15 TAGE PROGRAMM DES PRAKTITIONERS IN HUMANISTISCHER HYPNOSE Hinweis: die [&hellip;]\" \/>\n<meta property=\"og:url\" content=\"https:\/\/www.ilhh.lu\/?page_id=366\" \/>\n<meta property=\"og:site_name\" content=\"ILHH\" \/>\n<meta property=\"article:publisher\" content=\"http:\/\/www.fb.com\/ILHH\" \/>\n<meta property=\"article:modified_time\" content=\"2022-04-29T05:47:41+00:00\" \/>\n<meta name=\"twitter:card\" content=\"summary_large_image\" \/>\n<meta name=\"twitter:site\" content=\"@ilhh_lu\" \/>\n<meta name=\"twitter:label1\" content=\"Dur\u00e9e de lecture estim\u00e9e\" \/>\n\t<meta name=\"twitter:data1\" content=\"3 minutes\" \/>\n<script type=\"application\/ld+json\" class=\"yoast-schema-graph\">{\"@context\":\"https:\\\/\\\/schema.org\",\"@graph\":[{\"@type\":\"WebPage\",\"@id\":\"https:\\\/\\\/www.ilhh.lu\\\/?page_id=366\",\"url\":\"https:\\\/\\\/www.ilhh.lu\\\/?page_id=366\",\"name\":\"Das 15 Tage Programm der Ausbildung - ILHH\",\"isPartOf\":{\"@id\":\"https:\\\/\\\/www.ilhh.lu\\\/#website\"},\"datePublished\":\"2016-06-18T18:53:04+00:00\",\"dateModified\":\"2022-04-29T05:47:41+00:00\",\"breadcrumb\":{\"@id\":\"https:\\\/\\\/www.ilhh.lu\\\/?page_id=366#breadcrumb\"},\"inLanguage\":\"fr-FR\",\"potentialAction\":[{\"@type\":\"ReadAction\",\"target\":[\"https:\\\/\\\/www.ilhh.lu\\\/?page_id=366\"]}]},{\"@type\":\"BreadcrumbList\",\"@id\":\"https:\\\/\\\/www.ilhh.lu\\\/?page_id=366#breadcrumb\",\"itemListElement\":[{\"@type\":\"ListItem\",\"position\":1,\"name\":\"Accueil\",\"item\":\"https:\\\/\\\/www.ilhh.lu\\\/\"},{\"@type\":\"ListItem\",\"position\":2,\"name\":\"Das 15 Tage Programm der Ausbildung\"}]},{\"@type\":\"WebSite\",\"@id\":\"https:\\\/\\\/www.ilhh.lu\\\/#website\",\"url\":\"https:\\\/\\\/www.ilhh.lu\\\/\",\"name\":\"ILHH\",\"description\":\"the symbolic work\",\"publisher\":{\"@id\":\"https:\\\/\\\/www.ilhh.lu\\\/#organization\"},\"potentialAction\":[{\"@type\":\"SearchAction\",\"target\":{\"@type\":\"EntryPoint\",\"urlTemplate\":\"https:\\\/\\\/www.ilhh.lu\\\/?s={search_term_string}\"},\"query-input\":{\"@type\":\"PropertyValueSpecification\",\"valueRequired\":true,\"valueName\":\"search_term_string\"}}],\"inLanguage\":\"fr-FR\"},{\"@type\":\"Organization\",\"@id\":\"https:\\\/\\\/www.ilhh.lu\\\/#organization\",\"name\":\"Institut Luxembourgeois d'Hypnose Humaniste\",\"url\":\"https:\\\/\\\/www.ilhh.lu\\\/\",\"logo\":{\"@type\":\"ImageObject\",\"inLanguage\":\"fr-FR\",\"@id\":\"https:\\\/\\\/www.ilhh.lu\\\/#\\\/schema\\\/logo\\\/image\\\/\",\"url\":\"https:\\\/\\\/www.ilhh.lu\\\/wp-content\\\/uploads\\\/2016\\\/05\\\/Logo-ILHH-v1.0.png\",\"contentUrl\":\"https:\\\/\\\/www.ilhh.lu\\\/wp-content\\\/uploads\\\/2016\\\/05\\\/Logo-ILHH-v1.0.png\",\"width\":818,\"height\":953,\"caption\":\"Institut Luxembourgeois d'Hypnose Humaniste\"},\"image\":{\"@id\":\"https:\\\/\\\/www.ilhh.lu\\\/#\\\/schema\\\/logo\\\/image\\\/\"},\"sameAs\":[\"http:\\\/\\\/www.fb.com\\\/ILHH\",\"https:\\\/\\\/x.com\\\/ilhh_lu\"]}]}<\/script>\n<!-- \/ Yoast SEO plugin. -->","yoast_head_json":{"title":"Das 15 Tage Programm der Ausbildung - ILHH","robots":{"index":"index","follow":"follow","max-snippet":"max-snippet:-1","max-image-preview":"max-image-preview:large","max-video-preview":"max-video-preview:-1"},"canonical":"https:\/\/www.ilhh.lu\/?page_id=366","og_locale":"fr_FR","og_type":"article","og_title":"Das 15 Tage Programm der Ausbildung - ILHH","og_description":"Dieser Teil der Ausbildung setzt die Teilnahme an den&nbsp;ersten 5 Tagen voraus! 15 TAGE PROGRAMM DES PRAKTITIONERS IN HUMANISTISCHER HYPNOSE Hinweis: die [&hellip;]","og_url":"https:\/\/www.ilhh.lu\/?page_id=366","og_site_name":"ILHH","article_publisher":"http:\/\/www.fb.com\/ILHH","article_modified_time":"2022-04-29T05:47:41+00:00","twitter_card":"summary_large_image","twitter_site":"@ilhh_lu","twitter_misc":{"Dur\u00e9e de lecture estim\u00e9e":"3 minutes"},"schema":{"@context":"https:\/\/schema.org","@graph":[{"@type":"WebPage","@id":"https:\/\/www.ilhh.lu\/?page_id=366","url":"https:\/\/www.ilhh.lu\/?page_id=366","name":"Das 15 Tage Programm der Ausbildung - ILHH","isPartOf":{"@id":"https:\/\/www.ilhh.lu\/#website"},"datePublished":"2016-06-18T18:53:04+00:00","dateModified":"2022-04-29T05:47:41+00:00","breadcrumb":{"@id":"https:\/\/www.ilhh.lu\/?page_id=366#breadcrumb"},"inLanguage":"fr-FR","potentialAction":[{"@type":"ReadAction","target":["https:\/\/www.ilhh.lu\/?page_id=366"]}]},{"@type":"BreadcrumbList","@id":"https:\/\/www.ilhh.lu\/?page_id=366#breadcrumb","itemListElement":[{"@type":"ListItem","position":1,"name":"Accueil","item":"https:\/\/www.ilhh.lu\/"},{"@type":"ListItem","position":2,"name":"Das 15 Tage Programm der Ausbildung"}]},{"@type":"WebSite","@id":"https:\/\/www.ilhh.lu\/#website","url":"https:\/\/www.ilhh.lu\/","name":"ILHH","description":"the symbolic work","publisher":{"@id":"https:\/\/www.ilhh.lu\/#organization"},"potentialAction":[{"@type":"SearchAction","target":{"@type":"EntryPoint","urlTemplate":"https:\/\/www.ilhh.lu\/?s={search_term_string}"},"query-input":{"@type":"PropertyValueSpecification","valueRequired":true,"valueName":"search_term_string"}}],"inLanguage":"fr-FR"},{"@type":"Organization","@id":"https:\/\/www.ilhh.lu\/#organization","name":"Institut Luxembourgeois d'Hypnose Humaniste","url":"https:\/\/www.ilhh.lu\/","logo":{"@type":"ImageObject","inLanguage":"fr-FR","@id":"https:\/\/www.ilhh.lu\/#\/schema\/logo\/image\/","url":"https:\/\/www.ilhh.lu\/wp-content\/uploads\/2016\/05\/Logo-ILHH-v1.0.png","contentUrl":"https:\/\/www.ilhh.lu\/wp-content\/uploads\/2016\/05\/Logo-ILHH-v1.0.png","width":818,"height":953,"caption":"Institut Luxembourgeois d'Hypnose Humaniste"},"image":{"@id":"https:\/\/www.ilhh.lu\/#\/schema\/logo\/image\/"},"sameAs":["http:\/\/www.fb.com\/ILHH","https:\/\/x.com\/ilhh_lu"]}]}},"jetpack_sharing_enabled":true,"_links":{"self":[{"href":"https:\/\/www.ilhh.lu\/index.php?rest_route=\/wp\/v2\/pages\/366","targetHints":{"allow":["GET"]}}],"collection":[{"href":"https:\/\/www.ilhh.lu\/index.php?rest_route=\/wp\/v2\/pages"}],"about":[{"href":"https:\/\/www.ilhh.lu\/index.php?rest_route=\/wp\/v2\/types\/page"}],"author":[{"embeddable":true,"href":"https:\/\/www.ilhh.lu\/index.php?rest_route=\/wp\/v2\/users\/1"}],"replies":[{"embeddable":true,"href":"https:\/\/www.ilhh.lu\/index.php?rest_route=%2Fwp%2Fv2%2Fcomments&post=366"}],"version-history":[{"count":15,"href":"https:\/\/www.ilhh.lu\/index.php?rest_route=\/wp\/v2\/pages\/366\/revisions"}],"predecessor-version":[{"id":1759,"href":"https:\/\/www.ilhh.lu\/index.php?rest_route=\/wp\/v2\/pages\/366\/revisions\/1759"}],"wp:attachment":[{"href":"https:\/\/www.ilhh.lu\/index.php?rest_route=%2Fwp%2Fv2%2Fmedia&parent=366"}],"curies":[{"name":"wp","href":"https:\/\/api.w.org\/{rel}","templated":true}]}}