{"id":412,"date":"2016-06-19T17:03:27","date_gmt":"2016-06-19T15:03:27","guid":{"rendered":"https:\/\/www.ilhh.lu\/?page_id=412"},"modified":"2025-02-10T08:33:28","modified_gmt":"2025-02-10T07:33:28","slug":"11-11-2018-um-1500-am-scarabeus-letzebuerg-an-den-03-12-2018-um-1930-zu-nidderkuer","status":"publish","type":"page","link":"https:\/\/www.ilhh.lu\/?page_id=412","title":{"rendered":""},"content":{"rendered":"<div id=\"pl-412\"  class=\"panel-layout\" ><div id=\"pg-412-0\"  class=\"panel-grid panel-has-style\" ><div style=\"padding: 100px 0; \" data-overlay=\"true\" class=\"panel-row-style panel-row-style-for-412-0\" ><div id=\"pgc-412-0-0\"  class=\"panel-grid-cell\" ><div id=\"panel-412-0-0-0\" class=\"so-panel widget widget_black-studio-tinymce widget_black_studio_tinymce panel-first-child\" data-index=\"0\" ><div style=\"text-align: left;\" data-title-color=\"#443f3f\" data-headings-color=\"#443f3f\" class=\"panel-widget-style panel-widget-style-for-412-0-0-0\" ><div class=\"textwidget\"><p>Voici un aper\u00e7u sur les prochains \u00e9v\u00e9nements \u00e0 venir. Veuillez cliquer sur les \u00e9v\u00e9nements respectifs pour obtenir de plus amples informations.<\/p>\n<\/div><\/div><\/div><div id=\"panel-412-0-0-1\" class=\"so-panel widget panel-last-child\" data-index=\"1\" ><div style=\"text-align: left;\" data-title-color=\"#443f3f\" data-headings-color=\"#443f3f\" class=\"panel-widget-style panel-widget-style-for-412-0-0-1\" ><\/div><\/div><\/div><\/div><\/div><\/div>","protected":false},"excerpt":{"rendered":"<p>CONTENTS<\/p>\n","protected":false},"author":1,"featured_media":0,"parent":0,"menu_order":0,"comment_status":"closed","ping_status":"closed","template":"","meta":{"ngg_post_thumbnail":0,"footnotes":""},"class_list":["post-412","page","type-page","status-publish","hentry"],"yoast_head":"<!-- This site is optimized with the Yoast SEO plugin v27.4 - https:\/\/yoast.com\/product\/yoast-seo-wordpress\/ -->\n<title>Informations Setzung - S\u00e9ance information Hypnose Humaniste<\/title>\n<meta name=\"description\" content=\"Hei gidd dir gewuer waat d&#039;Hypnose Humaniste ass, virwaat se schnell, efficace, keng Reckf\u00e4ll an schein ze durchliewen ass. Dir kennt och d&#039;Ausbildung matmachen dei am Januar start, entweder aus EegenEntwecklung doer vir den Leit eng aussergeweinlech Hellef kennen ze bidden. Ech free mech aer Bekanntschaft ze machen. Bis geschwenn. Judith\" \/>\n<meta name=\"robots\" content=\"index, follow, max-snippet:-1, max-image-preview:large, max-video-preview:-1\" \/>\n<link rel=\"canonical\" href=\"https:\/\/www.ilhh.lu\/?page_id=412\" \/>\n<meta property=\"og:locale\" content=\"fr_FR\" \/>\n<meta property=\"og:type\" content=\"article\" \/>\n<meta property=\"og:title\" content=\"Informations Setzung - S\u00e9ance information Hypnose Humaniste\" \/>\n<meta property=\"og:description\" content=\"Hei gidd dir gewuer waat d&#039;Hypnose Humaniste ass, virwaat se schnell, efficace, keng Reckf\u00e4ll an schein ze durchliewen ass. Dir kennt och d&#039;Ausbildung matmachen dei am Januar start, entweder aus EegenEntwecklung doer vir den Leit eng aussergeweinlech Hellef kennen ze bidden. Ech free mech aer Bekanntschaft ze machen. Bis geschwenn. Judith\" \/>\n<meta property=\"og:url\" content=\"https:\/\/www.ilhh.lu\/?page_id=412\" \/>\n<meta property=\"og:site_name\" content=\"ILHH\" \/>\n<meta property=\"article:publisher\" content=\"http:\/\/www.fb.com\/ILHH\" \/>\n<meta property=\"article:modified_time\" content=\"2025-02-10T07:33:28+00:00\" \/>\n<meta name=\"twitter:card\" content=\"summary_large_image\" \/>\n<meta name=\"twitter:site\" content=\"@ilhh_lu\" \/>\n<meta name=\"twitter:label1\" content=\"Dur\u00e9e de lecture estim\u00e9e\" \/>\n\t<meta name=\"twitter:data1\" content=\"1 minute\" \/>\n<script type=\"application\/ld+json\" class=\"yoast-schema-graph\">{\"@context\":\"https:\\\/\\\/schema.org\",\"@graph\":[{\"@type\":\"WebPage\",\"@id\":\"https:\\\/\\\/www.ilhh.lu\\\/?page_id=412\",\"url\":\"https:\\\/\\\/www.ilhh.lu\\\/?page_id=412\",\"name\":\"Informations Setzung - S\u00e9ance information Hypnose Humaniste\",\"isPartOf\":{\"@id\":\"https:\\\/\\\/www.ilhh.lu\\\/#website\"},\"datePublished\":\"2016-06-19T15:03:27+00:00\",\"dateModified\":\"2025-02-10T07:33:28+00:00\",\"description\":\"Hei gidd dir gewuer waat d'Hypnose Humaniste ass, virwaat se schnell, efficace, keng Reckf\u00e4ll an schein ze durchliewen ass. Dir kennt och d'Ausbildung matmachen dei am Januar start, entweder aus EegenEntwecklung doer vir den Leit eng aussergeweinlech Hellef kennen ze bidden. Ech free mech aer Bekanntschaft ze machen. Bis geschwenn. Judith\",\"inLanguage\":\"fr-FR\",\"potentialAction\":[{\"@type\":\"ReadAction\",\"target\":[\"https:\\\/\\\/www.ilhh.lu\\\/?page_id=412\"]}]},{\"@type\":\"WebSite\",\"@id\":\"https:\\\/\\\/www.ilhh.lu\\\/#website\",\"url\":\"https:\\\/\\\/www.ilhh.lu\\\/\",\"name\":\"ILHH\",\"description\":\"the symbolic work\",\"publisher\":{\"@id\":\"https:\\\/\\\/www.ilhh.lu\\\/#organization\"},\"potentialAction\":[{\"@type\":\"SearchAction\",\"target\":{\"@type\":\"EntryPoint\",\"urlTemplate\":\"https:\\\/\\\/www.ilhh.lu\\\/?s={search_term_string}\"},\"query-input\":{\"@type\":\"PropertyValueSpecification\",\"valueRequired\":true,\"valueName\":\"search_term_string\"}}],\"inLanguage\":\"fr-FR\"},{\"@type\":\"Organization\",\"@id\":\"https:\\\/\\\/www.ilhh.lu\\\/#organization\",\"name\":\"Institut Luxembourgeois d'Hypnose Humaniste\",\"url\":\"https:\\\/\\\/www.ilhh.lu\\\/\",\"logo\":{\"@type\":\"ImageObject\",\"inLanguage\":\"fr-FR\",\"@id\":\"https:\\\/\\\/www.ilhh.lu\\\/#\\\/schema\\\/logo\\\/image\\\/\",\"url\":\"https:\\\/\\\/www.ilhh.lu\\\/wp-content\\\/uploads\\\/2016\\\/05\\\/Logo-ILHH-v1.0.png\",\"contentUrl\":\"https:\\\/\\\/www.ilhh.lu\\\/wp-content\\\/uploads\\\/2016\\\/05\\\/Logo-ILHH-v1.0.png\",\"width\":818,\"height\":953,\"caption\":\"Institut Luxembourgeois d'Hypnose Humaniste\"},\"image\":{\"@id\":\"https:\\\/\\\/www.ilhh.lu\\\/#\\\/schema\\\/logo\\\/image\\\/\"},\"sameAs\":[\"http:\\\/\\\/www.fb.com\\\/ILHH\",\"https:\\\/\\\/x.com\\\/ilhh_lu\"]}]}<\/script>\n<!-- \/ Yoast SEO plugin. -->","yoast_head_json":{"title":"Informations Setzung - S\u00e9ance information Hypnose Humaniste","description":"Hei gidd dir gewuer waat d'Hypnose Humaniste ass, virwaat se schnell, efficace, keng Reckf\u00e4ll an schein ze durchliewen ass. Dir kennt och d'Ausbildung matmachen dei am Januar start, entweder aus EegenEntwecklung doer vir den Leit eng aussergeweinlech Hellef kennen ze bidden. Ech free mech aer Bekanntschaft ze machen. Bis geschwenn. Judith","robots":{"index":"index","follow":"follow","max-snippet":"max-snippet:-1","max-image-preview":"max-image-preview:large","max-video-preview":"max-video-preview:-1"},"canonical":"https:\/\/www.ilhh.lu\/?page_id=412","og_locale":"fr_FR","og_type":"article","og_title":"Informations Setzung - S\u00e9ance information Hypnose Humaniste","og_description":"Hei gidd dir gewuer waat d'Hypnose Humaniste ass, virwaat se schnell, efficace, keng Reckf\u00e4ll an schein ze durchliewen ass. Dir kennt och d'Ausbildung matmachen dei am Januar start, entweder aus EegenEntwecklung doer vir den Leit eng aussergeweinlech Hellef kennen ze bidden. Ech free mech aer Bekanntschaft ze machen. Bis geschwenn. Judith","og_url":"https:\/\/www.ilhh.lu\/?page_id=412","og_site_name":"ILHH","article_publisher":"http:\/\/www.fb.com\/ILHH","article_modified_time":"2025-02-10T07:33:28+00:00","twitter_card":"summary_large_image","twitter_site":"@ilhh_lu","twitter_misc":{"Dur\u00e9e de lecture estim\u00e9e":"1 minute"},"schema":{"@context":"https:\/\/schema.org","@graph":[{"@type":"WebPage","@id":"https:\/\/www.ilhh.lu\/?page_id=412","url":"https:\/\/www.ilhh.lu\/?page_id=412","name":"Informations Setzung - S\u00e9ance information Hypnose Humaniste","isPartOf":{"@id":"https:\/\/www.ilhh.lu\/#website"},"datePublished":"2016-06-19T15:03:27+00:00","dateModified":"2025-02-10T07:33:28+00:00","description":"Hei gidd dir gewuer waat d'Hypnose Humaniste ass, virwaat se schnell, efficace, keng Reckf\u00e4ll an schein ze durchliewen ass. Dir kennt och d'Ausbildung matmachen dei am Januar start, entweder aus EegenEntwecklung doer vir den Leit eng aussergeweinlech Hellef kennen ze bidden. Ech free mech aer Bekanntschaft ze machen. Bis geschwenn. Judith","inLanguage":"fr-FR","potentialAction":[{"@type":"ReadAction","target":["https:\/\/www.ilhh.lu\/?page_id=412"]}]},{"@type":"WebSite","@id":"https:\/\/www.ilhh.lu\/#website","url":"https:\/\/www.ilhh.lu\/","name":"ILHH","description":"the symbolic work","publisher":{"@id":"https:\/\/www.ilhh.lu\/#organization"},"potentialAction":[{"@type":"SearchAction","target":{"@type":"EntryPoint","urlTemplate":"https:\/\/www.ilhh.lu\/?s={search_term_string}"},"query-input":{"@type":"PropertyValueSpecification","valueRequired":true,"valueName":"search_term_string"}}],"inLanguage":"fr-FR"},{"@type":"Organization","@id":"https:\/\/www.ilhh.lu\/#organization","name":"Institut Luxembourgeois d'Hypnose Humaniste","url":"https:\/\/www.ilhh.lu\/","logo":{"@type":"ImageObject","inLanguage":"fr-FR","@id":"https:\/\/www.ilhh.lu\/#\/schema\/logo\/image\/","url":"https:\/\/www.ilhh.lu\/wp-content\/uploads\/2016\/05\/Logo-ILHH-v1.0.png","contentUrl":"https:\/\/www.ilhh.lu\/wp-content\/uploads\/2016\/05\/Logo-ILHH-v1.0.png","width":818,"height":953,"caption":"Institut Luxembourgeois d'Hypnose Humaniste"},"image":{"@id":"https:\/\/www.ilhh.lu\/#\/schema\/logo\/image\/"},"sameAs":["http:\/\/www.fb.com\/ILHH","https:\/\/x.com\/ilhh_lu"]}]}},"jetpack_sharing_enabled":true,"_links":{"self":[{"href":"https:\/\/www.ilhh.lu\/index.php?rest_route=\/wp\/v2\/pages\/412","targetHints":{"allow":["GET"]}}],"collection":[{"href":"https:\/\/www.ilhh.lu\/index.php?rest_route=\/wp\/v2\/pages"}],"about":[{"href":"https:\/\/www.ilhh.lu\/index.php?rest_route=\/wp\/v2\/types\/page"}],"author":[{"embeddable":true,"href":"https:\/\/www.ilhh.lu\/index.php?rest_route=\/wp\/v2\/users\/1"}],"replies":[{"embeddable":true,"href":"https:\/\/www.ilhh.lu\/index.php?rest_route=%2Fwp%2Fv2%2Fcomments&post=412"}],"version-history":[{"count":24,"href":"https:\/\/www.ilhh.lu\/index.php?rest_route=\/wp\/v2\/pages\/412\/revisions"}],"predecessor-version":[{"id":1782,"href":"https:\/\/www.ilhh.lu\/index.php?rest_route=\/wp\/v2\/pages\/412\/revisions\/1782"}],"wp:attachment":[{"href":"https:\/\/www.ilhh.lu\/index.php?rest_route=%2Fwp%2Fv2%2Fmedia&parent=412"}],"curies":[{"name":"wp","href":"https:\/\/api.w.org\/{rel}","templated":true}]}}