{"id":429,"date":"2016-06-20T08:18:25","date_gmt":"2016-06-20T06:18:25","guid":{"rendered":"https:\/\/www.ilhh.lu\/?page_id=429"},"modified":"2025-02-10T08:29:23","modified_gmt":"2025-02-10T07:29:23","slug":"universite-dete-2016","status":"publish","type":"page","link":"https:\/\/www.ilhh.lu\/?page_id=429","title":{"rendered":"Formations en langue fran\u00e7aise"},"content":{"rendered":"<div class=\"page\" title=\"Page 13\">\n<div class=\"section\">\n<div class=\"layoutArea\">\n<div class=\"column\">\n<p><strong>&nbsp;<\/strong><\/p>\n<h2 style=\"text-align: center;\">Dates des formations dispens\u00e9es en fran\u00e7ais<\/h2>\n<p style=\"padding-left: 30px;\"><strong>Formation dispens\u00e9e \u00e0 raison d&rsquo;un weekend par mois durant une ann\u00e9e.<br \/>\n<\/strong><\/p>\n<p style=\"padding-left: 30px;\"><strong>De d\u00e9licieuses collations, th\u00e9, caf\u00e9, eau, jus ainsi que classeur et feuilles de cours vous attendent.&nbsp;<\/strong><\/p>\n<p style=\"padding-left: 30px;\"><strong>&#8211;&gt; SESSION \u00e0 Strassen, ILHH, Luxembourg<br \/>\nVeuillez prendre contact avec l&rsquo;Institut <\/strong><\/p>\n<p style=\"padding-left: 30px;\"><strong><br \/>\nLes cours auront lieu de 9 &#8211; 12 heures et 13 &#8211; 17 heures.<\/strong><\/p>\n<p>L&rsquo;examen aura lieu lors d&rsquo;une journ\u00e9e. Th\u00e9orie de 9 \u00e0 12 heures. Pratique de 14 \u00e0 18 heures.<\/p>\n<p>&nbsp;<\/p>\n<p>&nbsp; &nbsp; &nbsp; &nbsp; Pas de pr\u00e9-requis.<em><strong><br \/>\nContactez l&rsquo;ILHH judith@ilhh.lu pour obtenir vos documents d&rsquo;inscription.<\/strong> <\/em><\/p>\n<\/div>\n<p style=\"padding-left: 30px;\">Les places sont limit\u00e9es puisque petits groupes, car non seulement on rajoute une corde \u00e0 votre arc mais vous travaillerez \u00e9norm\u00e9ment sur vous ce qui vous fera faire des pas de g\u00e9ant dans votre vie.<\/p>\n<p><strong>&#8211;&gt; Atelier Psycho-g\u00e9n\u00e9alogie &#8211; G\u00e9nosociogramme &#8211; M\u00e9moire cellulaire&nbsp;&nbsp;&nbsp;&nbsp;&nbsp;&nbsp; POUR TOUS <\/strong><\/p>\n<p>Sans pr\u00e9requis cette formation s&rsquo;adresse \u00e0 chacun voulant travailler sur soi et sa g\u00e9n\u00e9alogie. Nous ferons un travail en profondeur dans votre m\u00e9moire cellulaire qui vous changera profond\u00e9ment et vous rendra un fi\u00e8re service en lib\u00e9rant vos descendants.&nbsp;<\/p>\n<p>Co\u00fbt : 522 \u20ac TTC<\/p>\n<p><strong>&#8211;&gt; Atelier Deuil &#8211; Accompagnement du mourant &#8211; Vie entre les vies<\/strong><\/p>\n<p>&nbsp;&nbsp;&nbsp;&nbsp;&nbsp;&nbsp;&nbsp;&nbsp;&nbsp;&nbsp;&nbsp;<br \/>\nPr\u00e9requis pour cette formation : \u00catre d\u00e9tenteur(trice) du praticien en Hypnose Humaniste<\/p>\n<p>Vous apprendrez \u00e0 adapter la technique du deuil \u00e0 toute situation difficile que vous serez amen\u00e9(e) \u00e0 rencontrer.<br \/>\nLors de la 2\u00e8me journ\u00e9e vous ferez la connaissance avec une technique hors du commun qui vous permettra d&rsquo;accompagner une personne qui ne sait plus interagir, comateuse ou trop faible. Vos interactions seront visibles.<br \/>\nLors de la 3\u00e8me journ\u00e9e vous vivrez la vie entre les vies. D\u00e8s que la peur de la mort s&rsquo;\u00e9vanouit, la vie en devient plus vibrante.<\/p>\n<p>Tout un programme hors du commun, dans le plus grand respect de la personne et d&rsquo;une beaut\u00e9 indescriptible.&nbsp;<\/p>\n<p>Co\u00fbt : 522 \u20ac TTC<\/p>\n<div class=\"column\">\n<p style=\"padding-left: 30px;\"><a href=\"https:\/\/www.ilhh.lu\/?page_id=280&amp;lang=fr\">Programme d\u00e9taill\u00e9 visible ici&nbsp;<\/a><\/p>\n<p>&nbsp;<\/p>\n<\/div>\n<\/div>\n<\/div>\n<\/div>\n","protected":false},"excerpt":{"rendered":"<p>&nbsp; Dates des formations dispens\u00e9es en fran\u00e7ais Formation dispens\u00e9e \u00e0 raison d&rsquo;un weekend par mois durant une ann\u00e9e. De d\u00e9licieuses collations, th\u00e9, [&hellip;]<\/p>\n","protected":false},"author":1,"featured_media":0,"parent":0,"menu_order":0,"comment_status":"closed","ping_status":"closed","template":"page-templates\/page_fullwidth.php","meta":{"ngg_post_thumbnail":0,"footnotes":""},"class_list":["post-429","page","type-page","status-publish","hentry"],"yoast_head":"<!-- This site is optimized with the Yoast SEO plugin v27.4 - https:\/\/yoast.com\/product\/yoast-seo-wordpress\/ -->\n<title>Formations en langue fran\u00e7aise - ILHH<\/title>\n<meta name=\"description\" content=\"Cette formation va vous permettre de d\u00e9velopper votre puissance dans la compr\u00e9hension hollistique de l&#039;\u00eatre humain, de ce qui cr\u00e9e ses mal-\u00eatres, sa m\u00e9moire cellulaire, l&#039;\u00e9pig\u00e9n\u00e9tique ainsi que l&#039;outil phare utilis\u00e9 pour le lib\u00e9rer, l&#039;Hypnose Humaniste, seule hypnose consciente travaillant en Grande Conscience, sans aucune contre-indication mais plein de b\u00e9n\u00e9fices\" \/>\n<meta name=\"robots\" content=\"index, follow, max-snippet:-1, max-image-preview:large, max-video-preview:-1\" \/>\n<link rel=\"canonical\" href=\"https:\/\/www.ilhh.lu\/?page_id=429\" \/>\n<meta property=\"og:locale\" content=\"fr_FR\" \/>\n<meta property=\"og:type\" content=\"article\" \/>\n<meta property=\"og:title\" content=\"Formations en langue fran\u00e7aise - ILHH\" \/>\n<meta property=\"og:description\" content=\"Cette formation va vous permettre de d\u00e9velopper votre puissance dans la compr\u00e9hension hollistique de l&#039;\u00eatre humain, de ce qui cr\u00e9e ses mal-\u00eatres, sa m\u00e9moire cellulaire, l&#039;\u00e9pig\u00e9n\u00e9tique ainsi que l&#039;outil phare utilis\u00e9 pour le lib\u00e9rer, l&#039;Hypnose Humaniste, seule hypnose consciente travaillant en Grande Conscience, sans aucune contre-indication mais plein de b\u00e9n\u00e9fices\" \/>\n<meta property=\"og:url\" content=\"https:\/\/www.ilhh.lu\/?page_id=429\" \/>\n<meta property=\"og:site_name\" content=\"ILHH\" \/>\n<meta property=\"article:publisher\" content=\"http:\/\/www.fb.com\/ILHH\" \/>\n<meta property=\"article:modified_time\" content=\"2025-02-10T07:29:23+00:00\" \/>\n<meta name=\"twitter:card\" content=\"summary_large_image\" \/>\n<meta name=\"twitter:site\" content=\"@ilhh_lu\" \/>\n<meta name=\"twitter:label1\" content=\"Dur\u00e9e de lecture estim\u00e9e\" \/>\n\t<meta name=\"twitter:data1\" content=\"2 minutes\" \/>\n<script type=\"application\/ld+json\" class=\"yoast-schema-graph\">{\"@context\":\"https:\\\/\\\/schema.org\",\"@graph\":[{\"@type\":\"WebPage\",\"@id\":\"https:\\\/\\\/www.ilhh.lu\\\/?page_id=429\",\"url\":\"https:\\\/\\\/www.ilhh.lu\\\/?page_id=429\",\"name\":\"Formations en langue fran\u00e7aise - ILHH\",\"isPartOf\":{\"@id\":\"https:\\\/\\\/www.ilhh.lu\\\/#website\"},\"datePublished\":\"2016-06-20T06:18:25+00:00\",\"dateModified\":\"2025-02-10T07:29:23+00:00\",\"description\":\"Cette formation va vous permettre de d\u00e9velopper votre puissance dans la compr\u00e9hension hollistique de l'\u00eatre humain, de ce qui cr\u00e9e ses mal-\u00eatres, sa m\u00e9moire cellulaire, l'\u00e9pig\u00e9n\u00e9tique ainsi que l'outil phare utilis\u00e9 pour le lib\u00e9rer, l'Hypnose Humaniste, seule hypnose consciente travaillant en Grande Conscience, sans aucune contre-indication mais plein de b\u00e9n\u00e9fices\",\"breadcrumb\":{\"@id\":\"https:\\\/\\\/www.ilhh.lu\\\/?page_id=429#breadcrumb\"},\"inLanguage\":\"fr-FR\",\"potentialAction\":[{\"@type\":\"ReadAction\",\"target\":[\"https:\\\/\\\/www.ilhh.lu\\\/?page_id=429\"]}]},{\"@type\":\"BreadcrumbList\",\"@id\":\"https:\\\/\\\/www.ilhh.lu\\\/?page_id=429#breadcrumb\",\"itemListElement\":[{\"@type\":\"ListItem\",\"position\":1,\"name\":\"Accueil\",\"item\":\"https:\\\/\\\/www.ilhh.lu\\\/\"},{\"@type\":\"ListItem\",\"position\":2,\"name\":\"Formations en langue fran\u00e7aise\"}]},{\"@type\":\"WebSite\",\"@id\":\"https:\\\/\\\/www.ilhh.lu\\\/#website\",\"url\":\"https:\\\/\\\/www.ilhh.lu\\\/\",\"name\":\"ILHH\",\"description\":\"the symbolic work\",\"publisher\":{\"@id\":\"https:\\\/\\\/www.ilhh.lu\\\/#organization\"},\"potentialAction\":[{\"@type\":\"SearchAction\",\"target\":{\"@type\":\"EntryPoint\",\"urlTemplate\":\"https:\\\/\\\/www.ilhh.lu\\\/?s={search_term_string}\"},\"query-input\":{\"@type\":\"PropertyValueSpecification\",\"valueRequired\":true,\"valueName\":\"search_term_string\"}}],\"inLanguage\":\"fr-FR\"},{\"@type\":\"Organization\",\"@id\":\"https:\\\/\\\/www.ilhh.lu\\\/#organization\",\"name\":\"Institut Luxembourgeois d'Hypnose Humaniste\",\"url\":\"https:\\\/\\\/www.ilhh.lu\\\/\",\"logo\":{\"@type\":\"ImageObject\",\"inLanguage\":\"fr-FR\",\"@id\":\"https:\\\/\\\/www.ilhh.lu\\\/#\\\/schema\\\/logo\\\/image\\\/\",\"url\":\"https:\\\/\\\/www.ilhh.lu\\\/wp-content\\\/uploads\\\/2016\\\/05\\\/Logo-ILHH-v1.0.png\",\"contentUrl\":\"https:\\\/\\\/www.ilhh.lu\\\/wp-content\\\/uploads\\\/2016\\\/05\\\/Logo-ILHH-v1.0.png\",\"width\":818,\"height\":953,\"caption\":\"Institut Luxembourgeois d'Hypnose Humaniste\"},\"image\":{\"@id\":\"https:\\\/\\\/www.ilhh.lu\\\/#\\\/schema\\\/logo\\\/image\\\/\"},\"sameAs\":[\"http:\\\/\\\/www.fb.com\\\/ILHH\",\"https:\\\/\\\/x.com\\\/ilhh_lu\"]}]}<\/script>\n<!-- \/ Yoast SEO plugin. -->","yoast_head_json":{"title":"Formations en langue fran\u00e7aise - ILHH","description":"Cette formation va vous permettre de d\u00e9velopper votre puissance dans la compr\u00e9hension hollistique de l'\u00eatre humain, de ce qui cr\u00e9e ses mal-\u00eatres, sa m\u00e9moire cellulaire, l'\u00e9pig\u00e9n\u00e9tique ainsi que l'outil phare utilis\u00e9 pour le lib\u00e9rer, l'Hypnose Humaniste, seule hypnose consciente travaillant en Grande Conscience, sans aucune contre-indication mais plein de b\u00e9n\u00e9fices","robots":{"index":"index","follow":"follow","max-snippet":"max-snippet:-1","max-image-preview":"max-image-preview:large","max-video-preview":"max-video-preview:-1"},"canonical":"https:\/\/www.ilhh.lu\/?page_id=429","og_locale":"fr_FR","og_type":"article","og_title":"Formations en langue fran\u00e7aise - ILHH","og_description":"Cette formation va vous permettre de d\u00e9velopper votre puissance dans la compr\u00e9hension hollistique de l'\u00eatre humain, de ce qui cr\u00e9e ses mal-\u00eatres, sa m\u00e9moire cellulaire, l'\u00e9pig\u00e9n\u00e9tique ainsi que l'outil phare utilis\u00e9 pour le lib\u00e9rer, l'Hypnose Humaniste, seule hypnose consciente travaillant en Grande Conscience, sans aucune contre-indication mais plein de b\u00e9n\u00e9fices","og_url":"https:\/\/www.ilhh.lu\/?page_id=429","og_site_name":"ILHH","article_publisher":"http:\/\/www.fb.com\/ILHH","article_modified_time":"2025-02-10T07:29:23+00:00","twitter_card":"summary_large_image","twitter_site":"@ilhh_lu","twitter_misc":{"Dur\u00e9e de lecture estim\u00e9e":"2 minutes"},"schema":{"@context":"https:\/\/schema.org","@graph":[{"@type":"WebPage","@id":"https:\/\/www.ilhh.lu\/?page_id=429","url":"https:\/\/www.ilhh.lu\/?page_id=429","name":"Formations en langue fran\u00e7aise - ILHH","isPartOf":{"@id":"https:\/\/www.ilhh.lu\/#website"},"datePublished":"2016-06-20T06:18:25+00:00","dateModified":"2025-02-10T07:29:23+00:00","description":"Cette formation va vous permettre de d\u00e9velopper votre puissance dans la compr\u00e9hension hollistique de l'\u00eatre humain, de ce qui cr\u00e9e ses mal-\u00eatres, sa m\u00e9moire cellulaire, l'\u00e9pig\u00e9n\u00e9tique ainsi que l'outil phare utilis\u00e9 pour le lib\u00e9rer, l'Hypnose Humaniste, seule hypnose consciente travaillant en Grande Conscience, sans aucune contre-indication mais plein de b\u00e9n\u00e9fices","breadcrumb":{"@id":"https:\/\/www.ilhh.lu\/?page_id=429#breadcrumb"},"inLanguage":"fr-FR","potentialAction":[{"@type":"ReadAction","target":["https:\/\/www.ilhh.lu\/?page_id=429"]}]},{"@type":"BreadcrumbList","@id":"https:\/\/www.ilhh.lu\/?page_id=429#breadcrumb","itemListElement":[{"@type":"ListItem","position":1,"name":"Accueil","item":"https:\/\/www.ilhh.lu\/"},{"@type":"ListItem","position":2,"name":"Formations en langue fran\u00e7aise"}]},{"@type":"WebSite","@id":"https:\/\/www.ilhh.lu\/#website","url":"https:\/\/www.ilhh.lu\/","name":"ILHH","description":"the symbolic work","publisher":{"@id":"https:\/\/www.ilhh.lu\/#organization"},"potentialAction":[{"@type":"SearchAction","target":{"@type":"EntryPoint","urlTemplate":"https:\/\/www.ilhh.lu\/?s={search_term_string}"},"query-input":{"@type":"PropertyValueSpecification","valueRequired":true,"valueName":"search_term_string"}}],"inLanguage":"fr-FR"},{"@type":"Organization","@id":"https:\/\/www.ilhh.lu\/#organization","name":"Institut Luxembourgeois d'Hypnose Humaniste","url":"https:\/\/www.ilhh.lu\/","logo":{"@type":"ImageObject","inLanguage":"fr-FR","@id":"https:\/\/www.ilhh.lu\/#\/schema\/logo\/image\/","url":"https:\/\/www.ilhh.lu\/wp-content\/uploads\/2016\/05\/Logo-ILHH-v1.0.png","contentUrl":"https:\/\/www.ilhh.lu\/wp-content\/uploads\/2016\/05\/Logo-ILHH-v1.0.png","width":818,"height":953,"caption":"Institut Luxembourgeois d'Hypnose Humaniste"},"image":{"@id":"https:\/\/www.ilhh.lu\/#\/schema\/logo\/image\/"},"sameAs":["http:\/\/www.fb.com\/ILHH","https:\/\/x.com\/ilhh_lu"]}]}},"jetpack_sharing_enabled":true,"_links":{"self":[{"href":"https:\/\/www.ilhh.lu\/index.php?rest_route=\/wp\/v2\/pages\/429","targetHints":{"allow":["GET"]}}],"collection":[{"href":"https:\/\/www.ilhh.lu\/index.php?rest_route=\/wp\/v2\/pages"}],"about":[{"href":"https:\/\/www.ilhh.lu\/index.php?rest_route=\/wp\/v2\/types\/page"}],"author":[{"embeddable":true,"href":"https:\/\/www.ilhh.lu\/index.php?rest_route=\/wp\/v2\/users\/1"}],"replies":[{"embeddable":true,"href":"https:\/\/www.ilhh.lu\/index.php?rest_route=%2Fwp%2Fv2%2Fcomments&post=429"}],"version-history":[{"count":36,"href":"https:\/\/www.ilhh.lu\/index.php?rest_route=\/wp\/v2\/pages\/429\/revisions"}],"predecessor-version":[{"id":1781,"href":"https:\/\/www.ilhh.lu\/index.php?rest_route=\/wp\/v2\/pages\/429\/revisions\/1781"}],"wp:attachment":[{"href":"https:\/\/www.ilhh.lu\/index.php?rest_route=%2Fwp%2Fv2%2Fmedia&parent=429"}],"curies":[{"name":"wp","href":"https:\/\/api.w.org\/{rel}","templated":true}]}}