{"id":471,"date":"2016-06-18T21:17:58","date_gmt":"2016-06-18T19:17:58","guid":{"rendered":"https:\/\/www.ilhh.lu\/?page_id=471"},"modified":"2016-06-20T13:52:43","modified_gmt":"2016-06-20T11:52:43","slug":"wie-verlauft-eine-humanistische-hypnose-sitzung","status":"publish","type":"page","link":"https:\/\/www.ilhh.lu\/?page_id=471","title":{"rendered":"Wie verl\u00e4uft eine humanistische Hypnose Sitzung ?"},"content":{"rendered":"<div title=\"Page 16\">\n<div>\n<div>\n<p>Eine Hypnose Sitzung beginnt immer mit einer Absicht.<br \/>\nWas m\u00f6chten Sie in Ihrem Leben verbessern oder \u00e4ndern ?<br \/>\nIn der humanistischen Hypnose k\u00f6nnen Sie den Fragebogen des Begleiters vor dem Treffen ausf\u00fcllen.<br \/>\nSie werden sehen, die Fragen sind kurz und einfach.<br \/>\nWir konzentrieren uns auf das Wesentliche sowie auf die erw\u00fcnschten Ergebnisse. So wie die Absichten klar sind, kann die Sitzung beginnen. Diese Fragen k\u00f6nnen Sie auch mit Ihrem Begleiter beantworten.<\/p>\n<\/div>\n<\/div>\n<div>\n<p>Verschiede Techniken k\u00f6nnen benutzt werden um einen TransZustand zu erlangen. Hier sprechen wir von einem h\u00f6heren Bewusstseinszustand welcher innere Ver\u00e4nderungen erm\u00f6glicht. Dieser Bewusstseinszustand erlaubt Ihnen mit Ihrer inneren Welt in Kontakt zu treten \u00fcber den Weg des h\u00f6heren Bewusstsein, Ursprung, Quelle von allem was existiert ebenso wie unsere Vorstellungskraft zu befl\u00fcgeln.<\/p>\n<ul>\n<li>Sie sind jeder Zeit bei vollem Bewusstsein ;<\/li>\n<li>Sie sitzen bequem auf einem normalen Stuhl oder einem Relax ;<\/li>\n<li>Sie reden, bewegen sich und h\u00f6ren ganz normal und klar ;<\/li>\n<li>Sie k\u00f6nnen zu jeder Zeit aufstehen falls Sie dies m\u00f6chten ;<\/li>\n<li>Sie haben normalerweise die Augenlieder geschlossen, Sie werden\u00a0sehen, man sieht klarer.<\/li>\n<\/ul>\n<p>Ihr Begleiter wird Sie f\u00fchren damit Sie Ihre Wunden finden und heilen und \/ oder Ihr Inneres umwandeln k\u00f6nnen um ein besseres k\u00f6rperliches und psychisches Wohlbefinden zu erreichen.<\/p>\n<p>Eine Sitzung dauert normalerweise zwischen 30 und 60 Minuten. Ihr Begleiter wird die Arbeit beenden indem er Ihnen einfach mitteilt dass Sie Ihre Augen \u00f6ffnen. Sie brauchen von nirgendwoher zur\u00fcckzukommen da Sie nie weg waren.<\/p>\n<p>Es ist ganz einfach und respektvoll. Das Ganze besteht aus einer gegenseitigen Zusammenarbeit.<br \/>\nVon aussen gesehen, k\u00f6nnte man eine Besprechung beobachten zwischen einer Person mit geschlossenen Augen (Kunde) und einer mit ge\u00f6ffneten Augen (Begleiter).<\/p>\n<\/div>\n<\/div>\n<div title=\"Page 17\">\n<div>\n<div>\n<div>\n<h4>Hier einige Strategien die wir NIE benutzen:<\/h4>\n<ul>\n<li>Wir benutzen kein Skript, Vorbereitung: Verschiedene klassische Hypnoseformen benutzen gerne Skripts. Dies sind Texte welche der Hypnotiseur vorliest. Sie beinhalten Metapher, Vorschl\u00e4ge, Anregungen sowie andere Strategien welche dieser Form der Hypnose vorbehalten sind. Der Kunde ist in einem Transezustand, und h\u00f6rt diese Texte ohne aktiv teil zu nehmen.<\/li>\n<\/ul>\n<p style=\"padding-left: 30px;\">Dies ist keine Strategie die wir nutzen.<br \/>\nIn der humanistischen Hypnose sind die Techniken interaktiv. Der Kunde hat die volle Macht auf seine innere Ver\u00e4nderung.<\/p>\n<ul>\n<li>Wir erleben NIE, zu keinem Moment ein schmerzhaftes Ereignis der Vergangenheit.<\/li>\n<\/ul>\n<p style=\"padding-left: 30px;\">Wir m\u00f6chten zu keinem Moment diese Ereignisse wiedererleben. Wir m\u00f6chten auch zu keinem Moment l\u00e4nger auf diese Ereignisse eingehen, dar\u00fcber reden oder \u00e4hnliches.<br \/>\nWeshalb ?<\/p>\n<p>Es nutzt nichts ein schmerzhaftes Ereignis wieder zu erleben um es verarbeiten zu d\u00fcrfen !<\/p>\n<p>Wir arbeiten nicht im Inhalt des Geschehnis sondern in der Struktur des Problems. Indem wir das Symbol des Problems bearbeiten (Spitze des Icebergs) ver\u00e4ndern wir jede \u00e4hnlich erlebte Situation, \u00e4hnliches Gef\u00fchl, Wiederholungen des Stammbaumgeschehens, (untere Seite des Icebergs) und dies alles in einer und derselben Technik. Ist das nicht genial ?<\/p>\n<p>Wir bringen keine hypnotischen Vorschl\u00e4ge mit ein oder andere Manipulationen. Wir schreiben dem Kunden nie vor welche L\u00f6sung die bessere f\u00fcr ihn ist. NIE. Dies hat keinen Sinn.\u00a0Jede L\u00f6sung soll aus dem inneren des Kunden hervorkommen !<\/p>\n<p>Somit finden Sie, w\u00e4hrend der humanistischen Hypnose Sitzung, Ihre eigene L\u00f6sungen.<br \/>\nSie vollbringen Ihre eigene innere \u00c4nderungen in Hinsicht auf das was sch\u00f6n und harmonisch f\u00fcr Sie ist.<\/p>\n<p>Ihr Begleiter f\u00fchrt Sie, ermutigt Sie und \u00f6ffnet f\u00fcr Sie das Feld der unbegrenzten M\u00f6glichkeiten.<\/p>\n<h4 style=\"text-align: center;\">Dies ist die Magie der Humanistischen<\/h4>\n<\/div>\n<\/div>\n<\/div>\n<\/div>\n","protected":false},"excerpt":{"rendered":"<p>Eine Hypnose Sitzung beginnt immer mit einer Absicht. Was m\u00f6chten Sie in Ihrem Leben verbessern oder \u00e4ndern ? In der humanistischen Hypnose [&hellip;]<\/p>\n","protected":false},"author":1,"featured_media":0,"parent":0,"menu_order":0,"comment_status":"closed","ping_status":"closed","template":"","meta":{"ngg_post_thumbnail":0,"footnotes":""},"class_list":["post-471","page","type-page","status-publish","hentry"],"yoast_head":"<!-- This site is optimized with the Yoast SEO plugin v27.4 - https:\/\/yoast.com\/product\/yoast-seo-wordpress\/ -->\n<title>Wie verl\u00e4uft eine humanistische Hypnose Sitzung ? - ILHH<\/title>\n<meta name=\"robots\" content=\"index, follow, max-snippet:-1, max-image-preview:large, max-video-preview:-1\" \/>\n<link rel=\"canonical\" href=\"https:\/\/www.ilhh.lu\/?page_id=471\" \/>\n<meta property=\"og:locale\" content=\"fr_FR\" \/>\n<meta property=\"og:type\" content=\"article\" \/>\n<meta property=\"og:title\" content=\"Wie verl\u00e4uft eine humanistische Hypnose Sitzung ? - ILHH\" \/>\n<meta property=\"og:description\" content=\"Eine Hypnose Sitzung beginnt immer mit einer Absicht. Was m\u00f6chten Sie in Ihrem Leben verbessern oder \u00e4ndern ? In der humanistischen Hypnose [&hellip;]\" \/>\n<meta property=\"og:url\" content=\"https:\/\/www.ilhh.lu\/?page_id=471\" \/>\n<meta property=\"og:site_name\" content=\"ILHH\" \/>\n<meta property=\"article:publisher\" content=\"http:\/\/www.fb.com\/ILHH\" \/>\n<meta property=\"article:modified_time\" content=\"2016-06-20T11:52:43+00:00\" \/>\n<meta name=\"twitter:card\" content=\"summary_large_image\" \/>\n<meta name=\"twitter:site\" content=\"@ilhh_lu\" \/>\n<meta name=\"twitter:label1\" content=\"Dur\u00e9e de lecture estim\u00e9e\" \/>\n\t<meta name=\"twitter:data1\" content=\"3 minutes\" \/>\n<script type=\"application\/ld+json\" class=\"yoast-schema-graph\">{\"@context\":\"https:\\\/\\\/schema.org\",\"@graph\":[{\"@type\":\"WebPage\",\"@id\":\"https:\\\/\\\/www.ilhh.lu\\\/?page_id=471\",\"url\":\"https:\\\/\\\/www.ilhh.lu\\\/?page_id=471\",\"name\":\"Wie verl\u00e4uft eine humanistische Hypnose Sitzung ? - ILHH\",\"isPartOf\":{\"@id\":\"https:\\\/\\\/www.ilhh.lu\\\/#website\"},\"datePublished\":\"2016-06-18T19:17:58+00:00\",\"dateModified\":\"2016-06-20T11:52:43+00:00\",\"breadcrumb\":{\"@id\":\"https:\\\/\\\/www.ilhh.lu\\\/?page_id=471#breadcrumb\"},\"inLanguage\":\"fr-FR\",\"potentialAction\":[{\"@type\":\"ReadAction\",\"target\":[\"https:\\\/\\\/www.ilhh.lu\\\/?page_id=471\"]}]},{\"@type\":\"BreadcrumbList\",\"@id\":\"https:\\\/\\\/www.ilhh.lu\\\/?page_id=471#breadcrumb\",\"itemListElement\":[{\"@type\":\"ListItem\",\"position\":1,\"name\":\"Accueil\",\"item\":\"https:\\\/\\\/www.ilhh.lu\\\/\"},{\"@type\":\"ListItem\",\"position\":2,\"name\":\"Wie verl\u00e4uft eine humanistische Hypnose Sitzung ?\"}]},{\"@type\":\"WebSite\",\"@id\":\"https:\\\/\\\/www.ilhh.lu\\\/#website\",\"url\":\"https:\\\/\\\/www.ilhh.lu\\\/\",\"name\":\"ILHH\",\"description\":\"the symbolic work\",\"publisher\":{\"@id\":\"https:\\\/\\\/www.ilhh.lu\\\/#organization\"},\"potentialAction\":[{\"@type\":\"SearchAction\",\"target\":{\"@type\":\"EntryPoint\",\"urlTemplate\":\"https:\\\/\\\/www.ilhh.lu\\\/?s={search_term_string}\"},\"query-input\":{\"@type\":\"PropertyValueSpecification\",\"valueRequired\":true,\"valueName\":\"search_term_string\"}}],\"inLanguage\":\"fr-FR\"},{\"@type\":\"Organization\",\"@id\":\"https:\\\/\\\/www.ilhh.lu\\\/#organization\",\"name\":\"Institut Luxembourgeois d'Hypnose Humaniste\",\"url\":\"https:\\\/\\\/www.ilhh.lu\\\/\",\"logo\":{\"@type\":\"ImageObject\",\"inLanguage\":\"fr-FR\",\"@id\":\"https:\\\/\\\/www.ilhh.lu\\\/#\\\/schema\\\/logo\\\/image\\\/\",\"url\":\"https:\\\/\\\/www.ilhh.lu\\\/wp-content\\\/uploads\\\/2016\\\/05\\\/Logo-ILHH-v1.0.png\",\"contentUrl\":\"https:\\\/\\\/www.ilhh.lu\\\/wp-content\\\/uploads\\\/2016\\\/05\\\/Logo-ILHH-v1.0.png\",\"width\":818,\"height\":953,\"caption\":\"Institut Luxembourgeois d'Hypnose Humaniste\"},\"image\":{\"@id\":\"https:\\\/\\\/www.ilhh.lu\\\/#\\\/schema\\\/logo\\\/image\\\/\"},\"sameAs\":[\"http:\\\/\\\/www.fb.com\\\/ILHH\",\"https:\\\/\\\/x.com\\\/ilhh_lu\"]}]}<\/script>\n<!-- \/ Yoast SEO plugin. -->","yoast_head_json":{"title":"Wie verl\u00e4uft eine humanistische Hypnose Sitzung ? - ILHH","robots":{"index":"index","follow":"follow","max-snippet":"max-snippet:-1","max-image-preview":"max-image-preview:large","max-video-preview":"max-video-preview:-1"},"canonical":"https:\/\/www.ilhh.lu\/?page_id=471","og_locale":"fr_FR","og_type":"article","og_title":"Wie verl\u00e4uft eine humanistische Hypnose Sitzung ? - ILHH","og_description":"Eine Hypnose Sitzung beginnt immer mit einer Absicht. Was m\u00f6chten Sie in Ihrem Leben verbessern oder \u00e4ndern ? In der humanistischen Hypnose [&hellip;]","og_url":"https:\/\/www.ilhh.lu\/?page_id=471","og_site_name":"ILHH","article_publisher":"http:\/\/www.fb.com\/ILHH","article_modified_time":"2016-06-20T11:52:43+00:00","twitter_card":"summary_large_image","twitter_site":"@ilhh_lu","twitter_misc":{"Dur\u00e9e de lecture estim\u00e9e":"3 minutes"},"schema":{"@context":"https:\/\/schema.org","@graph":[{"@type":"WebPage","@id":"https:\/\/www.ilhh.lu\/?page_id=471","url":"https:\/\/www.ilhh.lu\/?page_id=471","name":"Wie verl\u00e4uft eine humanistische Hypnose Sitzung ? - ILHH","isPartOf":{"@id":"https:\/\/www.ilhh.lu\/#website"},"datePublished":"2016-06-18T19:17:58+00:00","dateModified":"2016-06-20T11:52:43+00:00","breadcrumb":{"@id":"https:\/\/www.ilhh.lu\/?page_id=471#breadcrumb"},"inLanguage":"fr-FR","potentialAction":[{"@type":"ReadAction","target":["https:\/\/www.ilhh.lu\/?page_id=471"]}]},{"@type":"BreadcrumbList","@id":"https:\/\/www.ilhh.lu\/?page_id=471#breadcrumb","itemListElement":[{"@type":"ListItem","position":1,"name":"Accueil","item":"https:\/\/www.ilhh.lu\/"},{"@type":"ListItem","position":2,"name":"Wie verl\u00e4uft eine humanistische Hypnose Sitzung ?"}]},{"@type":"WebSite","@id":"https:\/\/www.ilhh.lu\/#website","url":"https:\/\/www.ilhh.lu\/","name":"ILHH","description":"the symbolic work","publisher":{"@id":"https:\/\/www.ilhh.lu\/#organization"},"potentialAction":[{"@type":"SearchAction","target":{"@type":"EntryPoint","urlTemplate":"https:\/\/www.ilhh.lu\/?s={search_term_string}"},"query-input":{"@type":"PropertyValueSpecification","valueRequired":true,"valueName":"search_term_string"}}],"inLanguage":"fr-FR"},{"@type":"Organization","@id":"https:\/\/www.ilhh.lu\/#organization","name":"Institut Luxembourgeois d'Hypnose Humaniste","url":"https:\/\/www.ilhh.lu\/","logo":{"@type":"ImageObject","inLanguage":"fr-FR","@id":"https:\/\/www.ilhh.lu\/#\/schema\/logo\/image\/","url":"https:\/\/www.ilhh.lu\/wp-content\/uploads\/2016\/05\/Logo-ILHH-v1.0.png","contentUrl":"https:\/\/www.ilhh.lu\/wp-content\/uploads\/2016\/05\/Logo-ILHH-v1.0.png","width":818,"height":953,"caption":"Institut Luxembourgeois d'Hypnose Humaniste"},"image":{"@id":"https:\/\/www.ilhh.lu\/#\/schema\/logo\/image\/"},"sameAs":["http:\/\/www.fb.com\/ILHH","https:\/\/x.com\/ilhh_lu"]}]}},"jetpack_sharing_enabled":true,"_links":{"self":[{"href":"https:\/\/www.ilhh.lu\/index.php?rest_route=\/wp\/v2\/pages\/471","targetHints":{"allow":["GET"]}}],"collection":[{"href":"https:\/\/www.ilhh.lu\/index.php?rest_route=\/wp\/v2\/pages"}],"about":[{"href":"https:\/\/www.ilhh.lu\/index.php?rest_route=\/wp\/v2\/types\/page"}],"author":[{"embeddable":true,"href":"https:\/\/www.ilhh.lu\/index.php?rest_route=\/wp\/v2\/users\/1"}],"replies":[{"embeddable":true,"href":"https:\/\/www.ilhh.lu\/index.php?rest_route=%2Fwp%2Fv2%2Fcomments&post=471"}],"version-history":[{"count":1,"href":"https:\/\/www.ilhh.lu\/index.php?rest_route=\/wp\/v2\/pages\/471\/revisions"}],"predecessor-version":[{"id":472,"href":"https:\/\/www.ilhh.lu\/index.php?rest_route=\/wp\/v2\/pages\/471\/revisions\/472"}],"wp:attachment":[{"href":"https:\/\/www.ilhh.lu\/index.php?rest_route=%2Fwp%2Fv2%2Fmedia&parent=471"}],"curies":[{"name":"wp","href":"https:\/\/api.w.org\/{rel}","templated":true}]}}