{"id":486,"date":"2016-06-19T15:54:24","date_gmt":"2016-06-19T13:54:24","guid":{"rendered":"https:\/\/www.ilhh.lu\/?page_id=486"},"modified":"2019-11-26T09:58:01","modified_gmt":"2019-11-26T08:58:01","slug":"uber-uns","status":"publish","type":"page","link":"https:\/\/www.ilhh.lu\/?page_id=486","title":{"rendered":"\u00dcber uns"},"content":{"rendered":"<div title=\"Page 1\">\n<p><img loading=\"lazy\" decoding=\"async\" class=\"alignleft wp-image-311\" src=\"https:\/\/www.ilhh.lu\/wp-content\/uploads\/2016\/06\/ILHH_-6-201x300.png\" width=\"216\" height=\"323\" srcset=\"https:\/\/www.ilhh.lu\/wp-content\/uploads\/2016\/06\/ILHH_-6-201x300.png 201w, https:\/\/www.ilhh.lu\/wp-content\/uploads\/2016\/06\/ILHH_-6-230x343.png 230w, https:\/\/www.ilhh.lu\/wp-content\/uploads\/2016\/06\/ILHH_-6-350x522.png 350w, https:\/\/www.ilhh.lu\/wp-content\/uploads\/2016\/06\/ILHH_-6.png 429w\" sizes=\"auto, (max-width: 216px) 100vw, 216px\" \/><\/p>\n<p>Judith, ist eine dynamische, sehr herzliche, begeisterte, engagierte und kreative Hypnotherapeutin.<br \/>\nSie ist eine sehr engagierte Dozentin welche es beherrscht Ihr Wissen mit Freude und Enthusiasmus zu vermitteln.<\/p>\n<p>Wie sie es zu sagen liebt : \u00ab Mein Unterricht ist die Frucht meiner Leidenschaft !\u00bb<\/p>\n<p>Sie geniesst viele Jahre Erfahrung in der Pers\u00f6nlichkeits-Entwicklung und alternative Vorgehensweisen.<br \/>\nBegeistert vom menschlichen Wesen, wird diese Dozentin unerm\u00fcdlich von Wissbegierde vorangetrieben.<\/p>\n<p>Judith Schmit ist sehr interessiert an den wissenschaftlichen Arbeiten von<br \/>\nHenri Laborit welcher zu sagen pflegt:<br \/>\n\u00ab Entwicklung ist nur m\u00f6glich durch das Abspeichern im Gehirn, dem Verhalt \u00bb<\/p>\n<p>Bruce Lipton:<br \/>\n\u00ab Die Empfindungen, Gedanken und Glaubenss\u00e4tze haben mehr Einfluss auf die Gesundheit der Menschen wie ihre Genen \u00bb<br \/>\nsowie Albert Jacquard \u00fcber die Entwicklung.<br \/>\nSie hat sich auch sehr, f\u00fcr viele verschiedene Forschungsarbeiten interessiert.<\/p>\n<p>Sie hat viele Lehrg\u00e4nge absolviert, jedoch nur die f\u00fcr Sie akkuratesten und m\u00e4chtigsten zur\u00fcckbehalten. Diese mussten Ihren Werten und Zielsetzung gerecht sein, um schnell sowie auf angenehme Art und Weise ein gesundes physisches wie lebensbedingtes Gleichgewicht zu erlangen.<\/p>\n<p>Vor mehr als 25 Jahren begann Ihr Weg mit einer Ausbildung in vitaler Vollwertkost bei Dr Max Otto Bruker, Lebenshygiene welche sie t\u00e4glich umsetzt und weitergibt.<\/p>\n<\/div>\n<div title=\"Page 2\">\n<div>\n<p>Mit Josy Kromer auf franz\u00f6sisch und \u00f6sterreichischen sowie deutschen Dozenten, hat sie das Verst\u00e4ndnis der Lebens\u00e4u\u00dferungen welche wir Krankheiten bezeichnen, verstehen gelernt.<\/p>\n<p>Den NLP Kursus hat Sie in Paris mit Michelle-Jeanne Noel absolviert. Damit war ihr wichtig die \u00ab richtige \u00bb Wortwahl sowie das richtige Zuh\u00f6ren zu erlangen. Die Wortwahl ist primordial, denn ein Wort kann t\u00f6ten ebenso kann ein Wort erl\u00f6send, heilend sein.<\/p>\n<p>Das Studium des Verhaltens der Tiere ebenso wie die Lehre des Verst\u00e4ndnisses Mehrgenerationsprobleme, das Zellged\u00e4chtnis, die Epigenetik, begeistert sie schon \u00fcber l\u00e4ngere Jahre. Judith Schmit hat die elementarsten, komplement\u00e4rsten und effiziensten Disziplinen miteinander kombiniert um auf eine schnelle und sch\u00f6ne Art und Weise, das Wohlbefinden auf den verschiedenen Ebenen zu erlangen.<\/p>\n<p>Einige dieser Disziplinen sind:<\/p>\n<\/div>\n<div>\n<div>\n<ul>\n<li>das Verst\u00e4ndnis der Lebens\u00e4u\u00dferungen welche wir Krankheiten bezeichnen<\/li>\n<li>das Verst\u00e4ndnis unserer Wurzeln durch die Bearbeitung des Stammbaums, Zellged\u00e4chtnis, Epigenetik<\/li>\n<li>die NLP<\/li>\n<li>die nach Erickson, der klassischen und der Humanistischen Hypnose, erlernte sie am <a href=\"http:\/\/IFHE.com\" target=\"_blank\" rel=\"noopener noreferrer\">IFHE.com&nbsp;<\/a><\/li>\n<li>die Bachbl\u00fctenTherapie mit V\u00e9ronique Heynen-Rademakers (Presidentin von Belgien der Bachbl\u00fctenschulung)<\/li>\n<\/ul>\n<\/div>\n<div>&nbsp;<\/div>\n<\/div>\n<div>\n<p>Jedoch erh\u00e4lt die h\u00f6chste Auszeichnung aller Werkzeuge die Humanistische Hypnose, erfunden von Olivier Lockert im Jahre 2001. Sie wird sehr schnell die Einzigartigkeit und den wertvollen Charakter dieser Techniken zu sch\u00e4tzen wissen.<br \/>\nDiese Techniken werden alle auf der Ebene des allumfassenden Bewusstseins, Ursprung von Allem und Jedem, gehandhabt. Auf der Ebene der Information selbst. Dies wird der Dreh- und Angelpunkt ihrer Suche, nach der richtigen Betreuung im Hinblick auf Genesung, sein.&nbsp;<br \/>\nSie ist momentan die erste und einzige deutsch-luxemburgisch sprachige Dozentin, welche diese fabelhafte Vorgehensweise und Therapie der Zukunft unterrichten darf. Sie ist auch eine der einzigen welche sich die M\u00fche gemacht hat das Ganze auf deutsch zu \u00fcbersetzen und seit kurzem zu unterrichten damit diese h\u00f6chst respektvolle und zielgerechte Vorgehensweise auch im deutschsprachigen Raum bekannt werden und angewandt werden kann.<\/p>\n<\/div>\n<\/div>\n<div title=\"Page 3\">\n<p>Als Dozentin in der Humanistischen Hypnose und Fortgeschrittene Symbolische Analyse wurde Sie ausgebildet von Olivier Lockert und Patricia d\u2019Angeli in Paris.<\/p>\n<p>Die Anwendung der Humanistischen Hypnose definiert den Therapeuten als Begleiter. Folgende Definition beschreibt dies sehr deutlich:<\/p>\n<p>\u00ab Der Begleiter kann seinen Kunden nie heilen. Dies w\u00fcrde bedeuten dass er eine Macht \u00fcber das Leben und den K\u00f6rper seines Kunden h\u00e4tte. Seine Rolle ist es seinen Kunden zu begleiten und somit diesem zu erm\u00f6glichen SEINE L\u00f6sungen zu finden und umzusetzen. Begleitend, ist es wichtig die Wege und Transportm\u00f6glichkeiten zu kennen welche n\u00f6tig sind um dem Kunden stets zur Seite zu stehen und ihn an SEIN sicheres Ziel zu leiten ! \u00bb<\/p>\n<p>Desweiteren ist das Zuh\u00f6ren und die richtige Wortwahl primordial. Respektvoll und sehr richtig, wie Jacques Salom\u00e9 es zu sagen pflichtete, \u00ab Jemandem zuh\u00f6ren, bedeutet ihm erlauben zu h\u00f6ren was er sagt \u00bb.<\/p>\n<p>Das Verst\u00e4ndnis des Unwohlseins dessen der Kunde sich beklagt, und primordiale Etappe, durch die Anwendung der Humanistischen Hypnose, k\u00f6nnen wir die Wurzeln des Unwohlseins vernichten oder transformieren ohne leiden zu m\u00fcssen. Dies ist m\u00f6glich da wir in dem H\u00f6heren Bewusstsein arbeiten, Ebene welche sich durch Symbole ausdr\u00fcckt. Wir bearbeiten somit die Symbole der entsprechenden Verletzungen auf tiefster Ebene, ohne uns jemals im Geschehen selbst zu befinden. Dies verhindert jedes Leiden und Wiedererleben des Traumata.<\/p>\n<p>Das h\u00f6chste Bestreben, nachdem Judith seine Arbeit und Forschungen betrieben hat, ist und wird immer folgendes Motto bleiben :<\/p>\n<p>Um vorankommen, helfen zu d\u00fcrfen ist es unn\u00f6tig und kontraproduktiv ein zweites Mal zu leiden. Dies sollte NIE vorkommen ! Die Humanistische ist der lebende Beweis.<\/p>\n<\/div>\n<div title=\"Page 4\">\n<p>Judith Schmit hat lange Jahre hindurch viele leidende Menschen begleitet, mit viel Erfolg und Effizienz ohne jemals an Bescheidenheit zu verlieren. In Ihrem unerm\u00fcdlichen Werk, wendet Sie sich immer wieder den Arbeiten zu, der verschiedenen Wissenschaftler welche Sie inspiriert und geleitet haben.<\/p>\n<p>Diese solide praktische Erfahrungen ergeben die Unumg\u00e4nglichkeit dieser Dame f\u00fcr jeden am Menschen arbeitenden Begleiter, welcher seine Praxis deutlich verbessern m\u00f6chte.<\/p>\n<\/div>\n","protected":false},"excerpt":{"rendered":"<p>Judith, ist eine dynamische, sehr herzliche, begeisterte, engagierte und kreative Hypnotherapeutin. Sie ist eine sehr engagierte Dozentin welche es beherrscht Ihr Wissen [&hellip;]<\/p>\n","protected":false},"author":1,"featured_media":0,"parent":0,"menu_order":0,"comment_status":"closed","ping_status":"closed","template":"page-templates\/page_fullwidth.php","meta":{"ngg_post_thumbnail":0,"footnotes":""},"class_list":["post-486","page","type-page","status-publish","hentry"],"yoast_head":"<!-- This site is optimized with the Yoast SEO plugin v27.4 - https:\/\/yoast.com\/product\/yoast-seo-wordpress\/ -->\n<title>\u00dcber uns - ILHH<\/title>\n<meta name=\"description\" content=\"Diese Ausbildung erm\u00f6glicht Ihnen die Kompetenz das ganzheitliche Verst\u00e4ndnis des Menschen zu erlangen, von dem was sein Unwohlsein ausgel\u00f6st hat, sein Zellged\u00e4chtnis, die Epig\u00e9n\u00e9tik und ihr erlernt das g\u00f6ttliche Werkzeug das wir ben\u00f6tigen um ihn zu befreien, die Humanistischen Hypnose, einzige bewusste Hypnose welche auf der Ebene des h\u00f6heren Bewusstseins arbeitet, ohne Nebenwirkungen jedoch alle Vorteile.\" \/>\n<meta name=\"robots\" content=\"index, follow, max-snippet:-1, max-image-preview:large, max-video-preview:-1\" \/>\n<link rel=\"canonical\" href=\"https:\/\/www.ilhh.lu\/?page_id=486\" \/>\n<meta property=\"og:locale\" content=\"fr_FR\" \/>\n<meta property=\"og:type\" content=\"article\" \/>\n<meta property=\"og:title\" content=\"\u00dcber uns - ILHH\" \/>\n<meta property=\"og:description\" content=\"Diese Ausbildung erm\u00f6glicht Ihnen die Kompetenz das ganzheitliche Verst\u00e4ndnis des Menschen zu erlangen, von dem was sein Unwohlsein ausgel\u00f6st hat, sein Zellged\u00e4chtnis, die Epig\u00e9n\u00e9tik und ihr erlernt das g\u00f6ttliche Werkzeug das wir ben\u00f6tigen um ihn zu befreien, die Humanistischen Hypnose, einzige bewusste Hypnose welche auf der Ebene des h\u00f6heren Bewusstseins arbeitet, ohne Nebenwirkungen jedoch alle Vorteile.\" \/>\n<meta property=\"og:url\" content=\"https:\/\/www.ilhh.lu\/?page_id=486\" \/>\n<meta property=\"og:site_name\" content=\"ILHH\" \/>\n<meta property=\"article:publisher\" content=\"http:\/\/www.fb.com\/ILHH\" \/>\n<meta property=\"article:modified_time\" content=\"2019-11-26T08:58:01+00:00\" \/>\n<meta property=\"og:image\" content=\"https:\/\/www.ilhh.lu\/wp-content\/uploads\/2016\/06\/ILHH_-6-201x300.png\" \/>\n<meta name=\"twitter:card\" content=\"summary_large_image\" \/>\n<meta name=\"twitter:site\" content=\"@ilhh_lu\" \/>\n<meta name=\"twitter:label1\" content=\"Dur\u00e9e de lecture estim\u00e9e\" \/>\n\t<meta name=\"twitter:data1\" content=\"4 minutes\" \/>\n<script type=\"application\/ld+json\" class=\"yoast-schema-graph\">{\"@context\":\"https:\\\/\\\/schema.org\",\"@graph\":[{\"@type\":\"WebPage\",\"@id\":\"https:\\\/\\\/www.ilhh.lu\\\/?page_id=486\",\"url\":\"https:\\\/\\\/www.ilhh.lu\\\/?page_id=486\",\"name\":\"\u00dcber uns - ILHH\",\"isPartOf\":{\"@id\":\"https:\\\/\\\/www.ilhh.lu\\\/#website\"},\"primaryImageOfPage\":{\"@id\":\"https:\\\/\\\/www.ilhh.lu\\\/?page_id=486#primaryimage\"},\"image\":{\"@id\":\"https:\\\/\\\/www.ilhh.lu\\\/?page_id=486#primaryimage\"},\"thumbnailUrl\":\"https:\\\/\\\/www.ilhh.lu\\\/wp-content\\\/uploads\\\/2016\\\/06\\\/ILHH_-6-201x300.png\",\"datePublished\":\"2016-06-19T13:54:24+00:00\",\"dateModified\":\"2019-11-26T08:58:01+00:00\",\"description\":\"Diese Ausbildung erm\u00f6glicht Ihnen die Kompetenz das ganzheitliche Verst\u00e4ndnis des Menschen zu erlangen, von dem was sein Unwohlsein ausgel\u00f6st hat, sein Zellged\u00e4chtnis, die Epig\u00e9n\u00e9tik und ihr erlernt das g\u00f6ttliche Werkzeug das wir ben\u00f6tigen um ihn zu befreien, die Humanistischen Hypnose, einzige bewusste Hypnose welche auf der Ebene des h\u00f6heren Bewusstseins arbeitet, ohne Nebenwirkungen jedoch alle Vorteile.\",\"breadcrumb\":{\"@id\":\"https:\\\/\\\/www.ilhh.lu\\\/?page_id=486#breadcrumb\"},\"inLanguage\":\"fr-FR\",\"potentialAction\":[{\"@type\":\"ReadAction\",\"target\":[\"https:\\\/\\\/www.ilhh.lu\\\/?page_id=486\"]}]},{\"@type\":\"ImageObject\",\"inLanguage\":\"fr-FR\",\"@id\":\"https:\\\/\\\/www.ilhh.lu\\\/?page_id=486#primaryimage\",\"url\":\"https:\\\/\\\/www.ilhh.lu\\\/wp-content\\\/uploads\\\/2016\\\/06\\\/ILHH_-6.png\",\"contentUrl\":\"https:\\\/\\\/www.ilhh.lu\\\/wp-content\\\/uploads\\\/2016\\\/06\\\/ILHH_-6.png\",\"width\":429,\"height\":640,\"caption\":\"Judith\"},{\"@type\":\"BreadcrumbList\",\"@id\":\"https:\\\/\\\/www.ilhh.lu\\\/?page_id=486#breadcrumb\",\"itemListElement\":[{\"@type\":\"ListItem\",\"position\":1,\"name\":\"Accueil\",\"item\":\"https:\\\/\\\/www.ilhh.lu\\\/\"},{\"@type\":\"ListItem\",\"position\":2,\"name\":\"\u00dcber uns\"}]},{\"@type\":\"WebSite\",\"@id\":\"https:\\\/\\\/www.ilhh.lu\\\/#website\",\"url\":\"https:\\\/\\\/www.ilhh.lu\\\/\",\"name\":\"ILHH\",\"description\":\"the symbolic work\",\"publisher\":{\"@id\":\"https:\\\/\\\/www.ilhh.lu\\\/#organization\"},\"potentialAction\":[{\"@type\":\"SearchAction\",\"target\":{\"@type\":\"EntryPoint\",\"urlTemplate\":\"https:\\\/\\\/www.ilhh.lu\\\/?s={search_term_string}\"},\"query-input\":{\"@type\":\"PropertyValueSpecification\",\"valueRequired\":true,\"valueName\":\"search_term_string\"}}],\"inLanguage\":\"fr-FR\"},{\"@type\":\"Organization\",\"@id\":\"https:\\\/\\\/www.ilhh.lu\\\/#organization\",\"name\":\"Institut Luxembourgeois d'Hypnose Humaniste\",\"url\":\"https:\\\/\\\/www.ilhh.lu\\\/\",\"logo\":{\"@type\":\"ImageObject\",\"inLanguage\":\"fr-FR\",\"@id\":\"https:\\\/\\\/www.ilhh.lu\\\/#\\\/schema\\\/logo\\\/image\\\/\",\"url\":\"https:\\\/\\\/www.ilhh.lu\\\/wp-content\\\/uploads\\\/2016\\\/05\\\/Logo-ILHH-v1.0.png\",\"contentUrl\":\"https:\\\/\\\/www.ilhh.lu\\\/wp-content\\\/uploads\\\/2016\\\/05\\\/Logo-ILHH-v1.0.png\",\"width\":818,\"height\":953,\"caption\":\"Institut Luxembourgeois d'Hypnose Humaniste\"},\"image\":{\"@id\":\"https:\\\/\\\/www.ilhh.lu\\\/#\\\/schema\\\/logo\\\/image\\\/\"},\"sameAs\":[\"http:\\\/\\\/www.fb.com\\\/ILHH\",\"https:\\\/\\\/x.com\\\/ilhh_lu\"]}]}<\/script>\n<!-- \/ Yoast SEO plugin. -->","yoast_head_json":{"title":"\u00dcber uns - ILHH","description":"Diese Ausbildung erm\u00f6glicht Ihnen die Kompetenz das ganzheitliche Verst\u00e4ndnis des Menschen zu erlangen, von dem was sein Unwohlsein ausgel\u00f6st hat, sein Zellged\u00e4chtnis, die Epig\u00e9n\u00e9tik und ihr erlernt das g\u00f6ttliche Werkzeug das wir ben\u00f6tigen um ihn zu befreien, die Humanistischen Hypnose, einzige bewusste Hypnose welche auf der Ebene des h\u00f6heren Bewusstseins arbeitet, ohne Nebenwirkungen jedoch alle Vorteile.","robots":{"index":"index","follow":"follow","max-snippet":"max-snippet:-1","max-image-preview":"max-image-preview:large","max-video-preview":"max-video-preview:-1"},"canonical":"https:\/\/www.ilhh.lu\/?page_id=486","og_locale":"fr_FR","og_type":"article","og_title":"\u00dcber uns - ILHH","og_description":"Diese Ausbildung erm\u00f6glicht Ihnen die Kompetenz das ganzheitliche Verst\u00e4ndnis des Menschen zu erlangen, von dem was sein Unwohlsein ausgel\u00f6st hat, sein Zellged\u00e4chtnis, die Epig\u00e9n\u00e9tik und ihr erlernt das g\u00f6ttliche Werkzeug das wir ben\u00f6tigen um ihn zu befreien, die Humanistischen Hypnose, einzige bewusste Hypnose welche auf der Ebene des h\u00f6heren Bewusstseins arbeitet, ohne Nebenwirkungen jedoch alle Vorteile.","og_url":"https:\/\/www.ilhh.lu\/?page_id=486","og_site_name":"ILHH","article_publisher":"http:\/\/www.fb.com\/ILHH","article_modified_time":"2019-11-26T08:58:01+00:00","og_image":[{"url":"https:\/\/www.ilhh.lu\/wp-content\/uploads\/2016\/06\/ILHH_-6-201x300.png","type":"","width":"","height":""}],"twitter_card":"summary_large_image","twitter_site":"@ilhh_lu","twitter_misc":{"Dur\u00e9e de lecture estim\u00e9e":"4 minutes"},"schema":{"@context":"https:\/\/schema.org","@graph":[{"@type":"WebPage","@id":"https:\/\/www.ilhh.lu\/?page_id=486","url":"https:\/\/www.ilhh.lu\/?page_id=486","name":"\u00dcber uns - ILHH","isPartOf":{"@id":"https:\/\/www.ilhh.lu\/#website"},"primaryImageOfPage":{"@id":"https:\/\/www.ilhh.lu\/?page_id=486#primaryimage"},"image":{"@id":"https:\/\/www.ilhh.lu\/?page_id=486#primaryimage"},"thumbnailUrl":"https:\/\/www.ilhh.lu\/wp-content\/uploads\/2016\/06\/ILHH_-6-201x300.png","datePublished":"2016-06-19T13:54:24+00:00","dateModified":"2019-11-26T08:58:01+00:00","description":"Diese Ausbildung erm\u00f6glicht Ihnen die Kompetenz das ganzheitliche Verst\u00e4ndnis des Menschen zu erlangen, von dem was sein Unwohlsein ausgel\u00f6st hat, sein Zellged\u00e4chtnis, die Epig\u00e9n\u00e9tik und ihr erlernt das g\u00f6ttliche Werkzeug das wir ben\u00f6tigen um ihn zu befreien, die Humanistischen Hypnose, einzige bewusste Hypnose welche auf der Ebene des h\u00f6heren Bewusstseins arbeitet, ohne Nebenwirkungen jedoch alle Vorteile.","breadcrumb":{"@id":"https:\/\/www.ilhh.lu\/?page_id=486#breadcrumb"},"inLanguage":"fr-FR","potentialAction":[{"@type":"ReadAction","target":["https:\/\/www.ilhh.lu\/?page_id=486"]}]},{"@type":"ImageObject","inLanguage":"fr-FR","@id":"https:\/\/www.ilhh.lu\/?page_id=486#primaryimage","url":"https:\/\/www.ilhh.lu\/wp-content\/uploads\/2016\/06\/ILHH_-6.png","contentUrl":"https:\/\/www.ilhh.lu\/wp-content\/uploads\/2016\/06\/ILHH_-6.png","width":429,"height":640,"caption":"Judith"},{"@type":"BreadcrumbList","@id":"https:\/\/www.ilhh.lu\/?page_id=486#breadcrumb","itemListElement":[{"@type":"ListItem","position":1,"name":"Accueil","item":"https:\/\/www.ilhh.lu\/"},{"@type":"ListItem","position":2,"name":"\u00dcber uns"}]},{"@type":"WebSite","@id":"https:\/\/www.ilhh.lu\/#website","url":"https:\/\/www.ilhh.lu\/","name":"ILHH","description":"the symbolic work","publisher":{"@id":"https:\/\/www.ilhh.lu\/#organization"},"potentialAction":[{"@type":"SearchAction","target":{"@type":"EntryPoint","urlTemplate":"https:\/\/www.ilhh.lu\/?s={search_term_string}"},"query-input":{"@type":"PropertyValueSpecification","valueRequired":true,"valueName":"search_term_string"}}],"inLanguage":"fr-FR"},{"@type":"Organization","@id":"https:\/\/www.ilhh.lu\/#organization","name":"Institut Luxembourgeois d'Hypnose Humaniste","url":"https:\/\/www.ilhh.lu\/","logo":{"@type":"ImageObject","inLanguage":"fr-FR","@id":"https:\/\/www.ilhh.lu\/#\/schema\/logo\/image\/","url":"https:\/\/www.ilhh.lu\/wp-content\/uploads\/2016\/05\/Logo-ILHH-v1.0.png","contentUrl":"https:\/\/www.ilhh.lu\/wp-content\/uploads\/2016\/05\/Logo-ILHH-v1.0.png","width":818,"height":953,"caption":"Institut Luxembourgeois d'Hypnose Humaniste"},"image":{"@id":"https:\/\/www.ilhh.lu\/#\/schema\/logo\/image\/"},"sameAs":["http:\/\/www.fb.com\/ILHH","https:\/\/x.com\/ilhh_lu"]}]}},"jetpack_sharing_enabled":true,"_links":{"self":[{"href":"https:\/\/www.ilhh.lu\/index.php?rest_route=\/wp\/v2\/pages\/486","targetHints":{"allow":["GET"]}}],"collection":[{"href":"https:\/\/www.ilhh.lu\/index.php?rest_route=\/wp\/v2\/pages"}],"about":[{"href":"https:\/\/www.ilhh.lu\/index.php?rest_route=\/wp\/v2\/types\/page"}],"author":[{"embeddable":true,"href":"https:\/\/www.ilhh.lu\/index.php?rest_route=\/wp\/v2\/users\/1"}],"replies":[{"embeddable":true,"href":"https:\/\/www.ilhh.lu\/index.php?rest_route=%2Fwp%2Fv2%2Fcomments&post=486"}],"version-history":[{"count":7,"href":"https:\/\/www.ilhh.lu\/index.php?rest_route=\/wp\/v2\/pages\/486\/revisions"}],"predecessor-version":[{"id":1696,"href":"https:\/\/www.ilhh.lu\/index.php?rest_route=\/wp\/v2\/pages\/486\/revisions\/1696"}],"wp:attachment":[{"href":"https:\/\/www.ilhh.lu\/index.php?rest_route=%2Fwp%2Fv2%2Fmedia&parent=486"}],"curies":[{"name":"wp","href":"https:\/\/api.w.org\/{rel}","templated":true}]}}