{"id":592,"date":"2016-06-20T17:08:47","date_gmt":"2016-06-20T15:08:47","guid":{"rendered":"https:\/\/www.ilhh.lu\/?page_id=592"},"modified":"2018-12-03T13:40:53","modified_gmt":"2018-12-03T12:40:53","slug":"informationen-informations","status":"publish","type":"page","link":"https:\/\/www.ilhh.lu\/?page_id=592","title":{"rendered":"Informations &#8211; Informationen"},"content":{"rendered":"<div id=\"pl-592\"  class=\"panel-layout\" ><div id=\"pg-592-0\"  class=\"panel-grid panel-has-style\" ><div style=\"padding: 100px 0; \" data-overlay=\"true\" data-overlay-color=\"#000000\" class=\"panel-row-style panel-row-style-for-592-0\" ><div id=\"pgc-592-0-0\"  class=\"panel-grid-cell\" ><div id=\"panel-592-0-0-0\" class=\"so-panel widget widget_text panel-first-child panel-last-child\" data-index=\"0\" ><div style=\"text-align: left;\" data-title-color=\"#443f3f\" data-headings-color=\"#443f3f\" class=\"panel-widget-style panel-widget-style-for-592-0-0-0\" >\t\t\t<div class=\"textwidget\"><p><a href=\"https:\/\/www.ilhh.lu\/?page_id=263&amp;lang=fr\"><img loading=\"lazy\" decoding=\"async\" class=\"wp-image-593 alignnone\" src=\"https:\/\/www.ilhh.lu\/wp-content\/uploads\/2016\/06\/french_flag-150x150.jpg\" alt=\"french_flag\" width=\"36\" height=\"36\" \/>\u00a0\u00a0<\/a><a href=\"https:\/\/www.ilhh.lu\/?page_id=263&amp;lang=fr\">Rejoignez nos pages en fran\u00e7ais par ce lien<\/a><\/p>\n<p>Participez \u00e0 une de nos <strong>soir\u00e9es d&rsquo;information<\/strong> dans nos locaux.<\/p>\n<p>R\u00e9servez vos places svp \u00a0: \u00a0(+352) 661 65 15 36<\/p>\n<p>\u2b07\ufe0e faire d\u00e9filer pour afficher les \u00e9v\u00e9nements<\/p>\n<\/div>\n\t\t<\/div><\/div><\/div><div id=\"pgc-592-0-1\"  class=\"panel-grid-cell\" ><div id=\"panel-592-0-1-0\" class=\"so-panel widget widget_text panel-first-child panel-last-child\" data-index=\"1\" ><div style=\"text-align: left;\" data-title-color=\"#443f3f\" data-headings-color=\"#443f3f\" class=\"panel-widget-style panel-widget-style-for-592-0-1-0\" >\t\t\t<div class=\"textwidget\"><p><a href=\"https:\/\/www.ilhh.lu\/?page_id=357&amp;lang=de\"><img loading=\"lazy\" decoding=\"async\" class=\"size-full wp-image-594 alignnone\" src=\"https:\/\/www.ilhh.lu\/wp-content\/uploads\/2016\/06\/deutsch.jpg\" alt=\"deutsch\" width=\"50\" height=\"33\" \/><\/a><a href=\"https:\/\/www.ilhh.lu\/?page_id=357&amp;lang=de\">Sehen Sie sich unsere deutschen Seiten hier an<\/a><\/p>\n<p>Nehmen Sie an einen unserer Informations Abende im Institut teil.<\/p>\n<p>Bitte melden Sie sich an \u00a0: (+352) 661 65 15 36<\/p>\n<p>\u2b07\ufe0e weiter scrollen um die n\u00e4chsten Termine zu sehen<\/p>\n<\/div>\n\t\t<\/div><\/div><\/div><\/div><\/div><div id=\"pg-592-1\"  class=\"panel-grid panel-has-style\" ><div style=\"padding: 100px 0; \" data-overlay=\"true\" data-overlay-color=\"#000000\" class=\"panel-row-style panel-row-style-for-592-1\" ><div id=\"pgc-592-1-0\"  class=\"panel-grid-cell\" ><div id=\"panel-592-1-0-0\" class=\"so-panel widget panel-first-child panel-last-child\" data-index=\"2\" ><div style=\"text-align: left;\" data-title-color=\"#443f3f\" data-headings-color=\"#443f3f\" class=\"panel-widget-style panel-widget-style-for-592-1-0-0\" ><\/div><\/div><\/div><\/div><\/div><\/div>","protected":false},"excerpt":{"rendered":"<p>\u00a0\u00a0Rejoignez nos pages en fran\u00e7ais par ce lien Participez \u00e0 une de nos soir\u00e9es d&rsquo;information dans nos locaux. R\u00e9servez vos places svp [&hellip;]<\/p>\n","protected":false},"author":1,"featured_media":0,"parent":0,"menu_order":0,"comment_status":"closed","ping_status":"closed","template":"page-templates\/page_fullwidth.php","meta":{"ngg_post_thumbnail":0,"footnotes":""},"class_list":["post-592","page","type-page","status-publish","hentry"],"yoast_head":"<!-- This site is optimized with the Yoast SEO plugin v27.4 - https:\/\/yoast.com\/product\/yoast-seo-wordpress\/ -->\n<title>Informations - Informationen - ILHH<\/title>\n<meta name=\"robots\" content=\"index, follow, max-snippet:-1, max-image-preview:large, max-video-preview:-1\" \/>\n<link rel=\"canonical\" href=\"https:\/\/www.ilhh.lu\/?page_id=592\" \/>\n<meta property=\"og:locale\" content=\"fr_FR\" \/>\n<meta property=\"og:type\" content=\"article\" \/>\n<meta property=\"og:title\" content=\"Informations - Informationen - ILHH\" \/>\n<meta property=\"og:description\" content=\"\u00a0\u00a0Rejoignez nos pages en fran\u00e7ais par ce lien Participez \u00e0 une de nos soir\u00e9es d&#039;information dans nos locaux. R\u00e9servez vos places svp [&hellip;]\" \/>\n<meta property=\"og:url\" content=\"https:\/\/www.ilhh.lu\/?page_id=592\" \/>\n<meta property=\"og:site_name\" content=\"ILHH\" \/>\n<meta property=\"article:publisher\" content=\"http:\/\/www.fb.com\/ILHH\" \/>\n<meta property=\"article:modified_time\" content=\"2018-12-03T12:40:53+00:00\" \/>\n<meta property=\"og:image\" content=\"https:\/\/www.ilhh.lu\/wp-content\/uploads\/2016\/06\/french_flag-150x150.jpg\" \/>\n<meta name=\"twitter:card\" content=\"summary_large_image\" \/>\n<meta name=\"twitter:site\" content=\"@ilhh_lu\" \/>\n<script type=\"application\/ld+json\" class=\"yoast-schema-graph\">{\"@context\":\"https:\\\/\\\/schema.org\",\"@graph\":[{\"@type\":\"WebPage\",\"@id\":\"https:\\\/\\\/www.ilhh.lu\\\/?page_id=592\",\"url\":\"https:\\\/\\\/www.ilhh.lu\\\/?page_id=592\",\"name\":\"Informations - Informationen - ILHH\",\"isPartOf\":{\"@id\":\"https:\\\/\\\/www.ilhh.lu\\\/#website\"},\"primaryImageOfPage\":{\"@id\":\"https:\\\/\\\/www.ilhh.lu\\\/?page_id=592#primaryimage\"},\"image\":{\"@id\":\"https:\\\/\\\/www.ilhh.lu\\\/?page_id=592#primaryimage\"},\"thumbnailUrl\":\"https:\\\/\\\/www.ilhh.lu\\\/wp-content\\\/uploads\\\/2016\\\/06\\\/french_flag-150x150.jpg\",\"datePublished\":\"2016-06-20T15:08:47+00:00\",\"dateModified\":\"2018-12-03T12:40:53+00:00\",\"breadcrumb\":{\"@id\":\"https:\\\/\\\/www.ilhh.lu\\\/?page_id=592#breadcrumb\"},\"inLanguage\":\"fr-FR\",\"potentialAction\":[{\"@type\":\"ReadAction\",\"target\":[\"https:\\\/\\\/www.ilhh.lu\\\/?page_id=592\"]}]},{\"@type\":\"ImageObject\",\"inLanguage\":\"fr-FR\",\"@id\":\"https:\\\/\\\/www.ilhh.lu\\\/?page_id=592#primaryimage\",\"url\":\"https:\\\/\\\/www.ilhh.lu\\\/wp-content\\\/uploads\\\/2016\\\/06\\\/french_flag.jpg\",\"contentUrl\":\"https:\\\/\\\/www.ilhh.lu\\\/wp-content\\\/uploads\\\/2016\\\/06\\\/french_flag.jpg\",\"width\":1600,\"height\":1200},{\"@type\":\"BreadcrumbList\",\"@id\":\"https:\\\/\\\/www.ilhh.lu\\\/?page_id=592#breadcrumb\",\"itemListElement\":[{\"@type\":\"ListItem\",\"position\":1,\"name\":\"Accueil\",\"item\":\"https:\\\/\\\/www.ilhh.lu\\\/\"},{\"@type\":\"ListItem\",\"position\":2,\"name\":\"Informations &#8211; Informationen\"}]},{\"@type\":\"WebSite\",\"@id\":\"https:\\\/\\\/www.ilhh.lu\\\/#website\",\"url\":\"https:\\\/\\\/www.ilhh.lu\\\/\",\"name\":\"ILHH\",\"description\":\"the symbolic work\",\"publisher\":{\"@id\":\"https:\\\/\\\/www.ilhh.lu\\\/#organization\"},\"potentialAction\":[{\"@type\":\"SearchAction\",\"target\":{\"@type\":\"EntryPoint\",\"urlTemplate\":\"https:\\\/\\\/www.ilhh.lu\\\/?s={search_term_string}\"},\"query-input\":{\"@type\":\"PropertyValueSpecification\",\"valueRequired\":true,\"valueName\":\"search_term_string\"}}],\"inLanguage\":\"fr-FR\"},{\"@type\":\"Organization\",\"@id\":\"https:\\\/\\\/www.ilhh.lu\\\/#organization\",\"name\":\"Institut Luxembourgeois d'Hypnose Humaniste\",\"url\":\"https:\\\/\\\/www.ilhh.lu\\\/\",\"logo\":{\"@type\":\"ImageObject\",\"inLanguage\":\"fr-FR\",\"@id\":\"https:\\\/\\\/www.ilhh.lu\\\/#\\\/schema\\\/logo\\\/image\\\/\",\"url\":\"https:\\\/\\\/www.ilhh.lu\\\/wp-content\\\/uploads\\\/2016\\\/05\\\/Logo-ILHH-v1.0.png\",\"contentUrl\":\"https:\\\/\\\/www.ilhh.lu\\\/wp-content\\\/uploads\\\/2016\\\/05\\\/Logo-ILHH-v1.0.png\",\"width\":818,\"height\":953,\"caption\":\"Institut Luxembourgeois d'Hypnose Humaniste\"},\"image\":{\"@id\":\"https:\\\/\\\/www.ilhh.lu\\\/#\\\/schema\\\/logo\\\/image\\\/\"},\"sameAs\":[\"http:\\\/\\\/www.fb.com\\\/ILHH\",\"https:\\\/\\\/x.com\\\/ilhh_lu\"]}]}<\/script>\n<!-- \/ Yoast SEO plugin. -->","yoast_head_json":{"title":"Informations - Informationen - ILHH","robots":{"index":"index","follow":"follow","max-snippet":"max-snippet:-1","max-image-preview":"max-image-preview:large","max-video-preview":"max-video-preview:-1"},"canonical":"https:\/\/www.ilhh.lu\/?page_id=592","og_locale":"fr_FR","og_type":"article","og_title":"Informations - Informationen - ILHH","og_description":"\u00a0\u00a0Rejoignez nos pages en fran\u00e7ais par ce lien Participez \u00e0 une de nos soir\u00e9es d'information dans nos locaux. R\u00e9servez vos places svp [&hellip;]","og_url":"https:\/\/www.ilhh.lu\/?page_id=592","og_site_name":"ILHH","article_publisher":"http:\/\/www.fb.com\/ILHH","article_modified_time":"2018-12-03T12:40:53+00:00","og_image":[{"url":"https:\/\/www.ilhh.lu\/wp-content\/uploads\/2016\/06\/french_flag-150x150.jpg","type":"","width":"","height":""}],"twitter_card":"summary_large_image","twitter_site":"@ilhh_lu","schema":{"@context":"https:\/\/schema.org","@graph":[{"@type":"WebPage","@id":"https:\/\/www.ilhh.lu\/?page_id=592","url":"https:\/\/www.ilhh.lu\/?page_id=592","name":"Informations - Informationen - ILHH","isPartOf":{"@id":"https:\/\/www.ilhh.lu\/#website"},"primaryImageOfPage":{"@id":"https:\/\/www.ilhh.lu\/?page_id=592#primaryimage"},"image":{"@id":"https:\/\/www.ilhh.lu\/?page_id=592#primaryimage"},"thumbnailUrl":"https:\/\/www.ilhh.lu\/wp-content\/uploads\/2016\/06\/french_flag-150x150.jpg","datePublished":"2016-06-20T15:08:47+00:00","dateModified":"2018-12-03T12:40:53+00:00","breadcrumb":{"@id":"https:\/\/www.ilhh.lu\/?page_id=592#breadcrumb"},"inLanguage":"fr-FR","potentialAction":[{"@type":"ReadAction","target":["https:\/\/www.ilhh.lu\/?page_id=592"]}]},{"@type":"ImageObject","inLanguage":"fr-FR","@id":"https:\/\/www.ilhh.lu\/?page_id=592#primaryimage","url":"https:\/\/www.ilhh.lu\/wp-content\/uploads\/2016\/06\/french_flag.jpg","contentUrl":"https:\/\/www.ilhh.lu\/wp-content\/uploads\/2016\/06\/french_flag.jpg","width":1600,"height":1200},{"@type":"BreadcrumbList","@id":"https:\/\/www.ilhh.lu\/?page_id=592#breadcrumb","itemListElement":[{"@type":"ListItem","position":1,"name":"Accueil","item":"https:\/\/www.ilhh.lu\/"},{"@type":"ListItem","position":2,"name":"Informations &#8211; Informationen"}]},{"@type":"WebSite","@id":"https:\/\/www.ilhh.lu\/#website","url":"https:\/\/www.ilhh.lu\/","name":"ILHH","description":"the symbolic work","publisher":{"@id":"https:\/\/www.ilhh.lu\/#organization"},"potentialAction":[{"@type":"SearchAction","target":{"@type":"EntryPoint","urlTemplate":"https:\/\/www.ilhh.lu\/?s={search_term_string}"},"query-input":{"@type":"PropertyValueSpecification","valueRequired":true,"valueName":"search_term_string"}}],"inLanguage":"fr-FR"},{"@type":"Organization","@id":"https:\/\/www.ilhh.lu\/#organization","name":"Institut Luxembourgeois d'Hypnose Humaniste","url":"https:\/\/www.ilhh.lu\/","logo":{"@type":"ImageObject","inLanguage":"fr-FR","@id":"https:\/\/www.ilhh.lu\/#\/schema\/logo\/image\/","url":"https:\/\/www.ilhh.lu\/wp-content\/uploads\/2016\/05\/Logo-ILHH-v1.0.png","contentUrl":"https:\/\/www.ilhh.lu\/wp-content\/uploads\/2016\/05\/Logo-ILHH-v1.0.png","width":818,"height":953,"caption":"Institut Luxembourgeois d'Hypnose Humaniste"},"image":{"@id":"https:\/\/www.ilhh.lu\/#\/schema\/logo\/image\/"},"sameAs":["http:\/\/www.fb.com\/ILHH","https:\/\/x.com\/ilhh_lu"]}]}},"jetpack_sharing_enabled":true,"_links":{"self":[{"href":"https:\/\/www.ilhh.lu\/index.php?rest_route=\/wp\/v2\/pages\/592","targetHints":{"allow":["GET"]}}],"collection":[{"href":"https:\/\/www.ilhh.lu\/index.php?rest_route=\/wp\/v2\/pages"}],"about":[{"href":"https:\/\/www.ilhh.lu\/index.php?rest_route=\/wp\/v2\/types\/page"}],"author":[{"embeddable":true,"href":"https:\/\/www.ilhh.lu\/index.php?rest_route=\/wp\/v2\/users\/1"}],"replies":[{"embeddable":true,"href":"https:\/\/www.ilhh.lu\/index.php?rest_route=%2Fwp%2Fv2%2Fcomments&post=592"}],"version-history":[{"count":13,"href":"https:\/\/www.ilhh.lu\/index.php?rest_route=\/wp\/v2\/pages\/592\/revisions"}],"predecessor-version":[{"id":1079,"href":"https:\/\/www.ilhh.lu\/index.php?rest_route=\/wp\/v2\/pages\/592\/revisions\/1079"}],"wp:attachment":[{"href":"https:\/\/www.ilhh.lu\/index.php?rest_route=%2Fwp%2Fv2%2Fmedia&parent=592"}],"curies":[{"name":"wp","href":"https:\/\/api.w.org\/{rel}","templated":true}]}}