{"id":598,"date":"2016-06-20T17:42:44","date_gmt":"2016-06-20T15:42:44","guid":{"rendered":"https:\/\/www.ilhh.lu\/?page_id=598"},"modified":"2020-04-04T14:18:58","modified_gmt":"2020-04-04T12:18:58","slug":"hypnose-mobile","status":"publish","type":"page","link":"https:\/\/www.ilhh.lu\/?page_id=598","title":{"rendered":"T\u00e9l\u00e9chargements"},"content":{"rendered":"<table style=\"border-collapse: collapse; width: 100%; height: 168px;\">\n<tbody>\n<tr style=\"height: 84px;\">\n<td style=\"width: 50%; height: 84px;\">\n<h3 style=\"text-align: center;\">Retrouvez-nous sur <a href=\"https:\/\/soundcloud.com\/ilhh-luxembourg\">SoundCloud<\/a> pour plus de transes audio<\/h3>\n<\/td>\n<td style=\"width: 50%; height: 168px;\" rowspan=\"2\"><a href=\"https:\/\/soundcloud.com\/ilhh-luxembourg\"><img loading=\"lazy\" decoding=\"async\" class=\"aligncenter size-medium wp-image-1730\" src=\"https:\/\/www.ilhh.lu\/wp-content\/uploads\/2020\/04\/SoundCloud_logo-300x171.png\" alt=\"\" width=\"300\" height=\"171\" srcset=\"https:\/\/www.ilhh.lu\/wp-content\/uploads\/2020\/04\/SoundCloud_logo-300x171.png 300w, https:\/\/www.ilhh.lu\/wp-content\/uploads\/2020\/04\/SoundCloud_logo-1024x584.png 1024w, https:\/\/www.ilhh.lu\/wp-content\/uploads\/2020\/04\/SoundCloud_logo-768x438.png 768w, https:\/\/www.ilhh.lu\/wp-content\/uploads\/2020\/04\/SoundCloud_logo-1536x876.png 1536w, https:\/\/www.ilhh.lu\/wp-content\/uploads\/2020\/04\/SoundCloud_logo-480x274.png 480w, https:\/\/www.ilhh.lu\/wp-content\/uploads\/2020\/04\/SoundCloud_logo-830x473.png 830w, https:\/\/www.ilhh.lu\/wp-content\/uploads\/2020\/04\/SoundCloud_logo-230x131.png 230w, https:\/\/www.ilhh.lu\/wp-content\/uploads\/2020\/04\/SoundCloud_logo-350x200.png 350w, https:\/\/www.ilhh.lu\/wp-content\/uploads\/2020\/04\/SoundCloud_logo.png 2000w\" sizes=\"auto, (max-width: 300px) 100vw, 300px\" \/><\/a><\/td>\n<\/tr>\n<tr style=\"height: 84px;\">\n<td style=\"width: 50%; height: 84px;\">\n<h3 style=\"text-align: center;\">Dir fannt eis och op <a href=\"https:\/\/soundcloud.com\/ilhh-luxembourg\">SoundCloud<\/a> fir m\u00e9i Audio Transen.<\/h3>\n<\/td>\n<\/tr>\n<\/tbody>\n<\/table>\n<h3 style=\"text-align: center;\">&nbsp;<\/h3>\n<hr>\n<h2>Hypnose Humaniste \u00e0 t\u00e9l\u00e9charger en MP3<\/h2>\n<p>&nbsp;<\/p>\n<h3>Kraft Kugel<\/h3>\n<audio class=\"wp-audio-shortcode\" id=\"audio-598-1\" preload=\"none\" style=\"width: 100%;\" controls=\"controls\"><source type=\"audio\/mpeg\" src=\"https:\/\/www.ilhh.lu\/wp-content\/uploads\/2020\/04\/Transe-Bulle-Resource.mp3?_=1\" \/><a href=\"https:\/\/www.ilhh.lu\/wp-content\/uploads\/2020\/04\/Transe-Bulle-Resource.mp3\">https:\/\/www.ilhh.lu\/wp-content\/uploads\/2020\/04\/Transe-Bulle-Resource.mp3<\/a><\/audio>\n<h3 style=\"text-align: center;\">&nbsp;<\/h3>\n<hr>\n<h2>Informations \u2022 Informationen (Audio)<\/h2>\n<ul>\n<li><a href=\"https:\/\/www.ilhh.lu\/wp-content\/uploads\/2016\/06\/Hypnose-Humaniste-allemand-3.1.mp3\">Humanistische Hypnose (Deutsch) Version 3.1<\/a><\/li>\n<li><a href=\"https:\/\/www.ilhh.lu\/wp-content\/uploads\/2016\/06\/Hypnose-Humaniste-en-luxembourgeois-v1.1.mp3\">Hypnose Humaniste en luxembourgeois v1.1<\/a><\/li>\n<\/ul>\n<hr>\n<h2>Inscriptions &nbsp;\u2022 Einschreibungen (Formulaire)<\/h2>\n<ul>\n<li><a href=\"https:\/\/www.ilhh.lu\/wp-content\/uploads\/2018\/12\/inscription-automne-2018.pdf\" target=\"_blank\" rel=\"noopener noreferrer\">Formulaire d&rsquo;inscription 2018 (Fran\u00e7ais)<\/a><\/li>\n<li><a href=\"https:\/\/www.ilhh.lu\/wp-content\/uploads\/2018\/12\/Inscription-individuelle-deutsch.pdf\" target=\"_blank\" rel=\"noopener noreferrer\">Einschreibungsformular 2018 (Deutsch)<\/a><\/li>\n<\/ul>\n<hr>\n<h2>Hypnose mobile (Audio)<\/h2>\n<h3>L\u00ebtzebuergesch:<\/h3>\n<audio class=\"wp-audio-shortcode\" id=\"audio-598-2\" preload=\"none\" style=\"width: 100%;\" controls=\"controls\"><source type=\"audio\/mpeg\" src=\"https:\/\/www.ilhh.lu\/wp-content\/uploads\/2016\/06\/Hypnose-Humaniste-en-luxembourgeois-v1.1.mp3?_=2\" \/><a href=\"https:\/\/www.ilhh.lu\/wp-content\/uploads\/2016\/06\/Hypnose-Humaniste-en-luxembourgeois-v1.1.mp3\">https:\/\/www.ilhh.lu\/wp-content\/uploads\/2016\/06\/Hypnose-Humaniste-en-luxembourgeois-v1.1.mp3<\/a><\/audio>\n<p>&nbsp;<\/p>\n<h3>Deutsch:<\/h3>\n<audio class=\"wp-audio-shortcode\" id=\"audio-598-3\" preload=\"none\" style=\"width: 100%;\" controls=\"controls\"><source type=\"audio\/mpeg\" src=\"https:\/\/www.ilhh.lu\/wp-content\/uploads\/2016\/06\/Hypnose-Humaniste-allemand-3.1.mp3?_=3\" \/><a href=\"https:\/\/www.ilhh.lu\/wp-content\/uploads\/2016\/06\/Hypnose-Humaniste-allemand-3.1.mp3\">https:\/\/www.ilhh.lu\/wp-content\/uploads\/2016\/06\/Hypnose-Humaniste-allemand-3.1.mp3<\/a><\/audio>\n","protected":false},"excerpt":{"rendered":"<p>Retrouvez-nous sur SoundCloud pour plus de transes audio Dir fannt eis och op SoundCloud fir m\u00e9i Audio Transen. &nbsp; Hypnose Humaniste \u00e0 [&hellip;]<\/p>\n","protected":false},"author":1,"featured_media":0,"parent":0,"menu_order":0,"comment_status":"closed","ping_status":"closed","template":"page-templates\/page_fullwidth.php","meta":{"ngg_post_thumbnail":0,"footnotes":""},"class_list":["post-598","page","type-page","status-publish","hentry"],"yoast_head":"<!-- This site is optimized with the Yoast SEO plugin v27.5 - https:\/\/yoast.com\/product\/yoast-seo-wordpress\/ -->\n<title>T\u00e9l\u00e9chargements - ILHH<\/title>\n<meta name=\"robots\" content=\"index, follow, max-snippet:-1, max-image-preview:large, max-video-preview:-1\" \/>\n<link rel=\"canonical\" href=\"https:\/\/www.ilhh.lu\/?page_id=598\" \/>\n<meta property=\"og:locale\" content=\"fr_FR\" \/>\n<meta property=\"og:type\" content=\"article\" \/>\n<meta property=\"og:title\" content=\"T\u00e9l\u00e9chargements - ILHH\" \/>\n<meta property=\"og:description\" content=\"Retrouvez-nous sur SoundCloud pour plus de transes audio Dir fannt eis och op SoundCloud fir m\u00e9i Audio Transen. &nbsp; Hypnose Humaniste \u00e0 [&hellip;]\" \/>\n<meta property=\"og:url\" content=\"https:\/\/www.ilhh.lu\/?page_id=598\" \/>\n<meta property=\"og:site_name\" content=\"ILHH\" \/>\n<meta property=\"article:publisher\" content=\"http:\/\/www.fb.com\/ILHH\" \/>\n<meta property=\"article:modified_time\" content=\"2020-04-04T12:18:58+00:00\" \/>\n<meta property=\"og:image\" content=\"https:\/\/www.ilhh.lu\/wp-content\/uploads\/2020\/04\/SoundCloud_logo-300x171.png\" \/>\n<meta name=\"twitter:card\" content=\"summary_large_image\" \/>\n<meta name=\"twitter:site\" content=\"@ilhh_lu\" \/>\n<script type=\"application\/ld+json\" class=\"yoast-schema-graph\">{\"@context\":\"https:\\\/\\\/schema.org\",\"@graph\":[{\"@type\":\"WebPage\",\"@id\":\"https:\\\/\\\/www.ilhh.lu\\\/?page_id=598\",\"url\":\"https:\\\/\\\/www.ilhh.lu\\\/?page_id=598\",\"name\":\"T\u00e9l\u00e9chargements - ILHH\",\"isPartOf\":{\"@id\":\"https:\\\/\\\/www.ilhh.lu\\\/#website\"},\"primaryImageOfPage\":{\"@id\":\"https:\\\/\\\/www.ilhh.lu\\\/?page_id=598#primaryimage\"},\"image\":{\"@id\":\"https:\\\/\\\/www.ilhh.lu\\\/?page_id=598#primaryimage\"},\"thumbnailUrl\":\"https:\\\/\\\/www.ilhh.lu\\\/wp-content\\\/uploads\\\/2020\\\/04\\\/SoundCloud_logo-300x171.png\",\"datePublished\":\"2016-06-20T15:42:44+00:00\",\"dateModified\":\"2020-04-04T12:18:58+00:00\",\"breadcrumb\":{\"@id\":\"https:\\\/\\\/www.ilhh.lu\\\/?page_id=598#breadcrumb\"},\"inLanguage\":\"fr-FR\",\"potentialAction\":[{\"@type\":\"ReadAction\",\"target\":[\"https:\\\/\\\/www.ilhh.lu\\\/?page_id=598\"]}]},{\"@type\":\"ImageObject\",\"inLanguage\":\"fr-FR\",\"@id\":\"https:\\\/\\\/www.ilhh.lu\\\/?page_id=598#primaryimage\",\"url\":\"https:\\\/\\\/www.ilhh.lu\\\/wp-content\\\/uploads\\\/2020\\\/04\\\/SoundCloud_logo.png\",\"contentUrl\":\"https:\\\/\\\/www.ilhh.lu\\\/wp-content\\\/uploads\\\/2020\\\/04\\\/SoundCloud_logo.png\",\"width\":2000,\"height\":1140},{\"@type\":\"BreadcrumbList\",\"@id\":\"https:\\\/\\\/www.ilhh.lu\\\/?page_id=598#breadcrumb\",\"itemListElement\":[{\"@type\":\"ListItem\",\"position\":1,\"name\":\"Accueil\",\"item\":\"https:\\\/\\\/www.ilhh.lu\\\/\"},{\"@type\":\"ListItem\",\"position\":2,\"name\":\"T\u00e9l\u00e9chargements\"}]},{\"@type\":\"WebSite\",\"@id\":\"https:\\\/\\\/www.ilhh.lu\\\/#website\",\"url\":\"https:\\\/\\\/www.ilhh.lu\\\/\",\"name\":\"ILHH\",\"description\":\"the symbolic work\",\"publisher\":{\"@id\":\"https:\\\/\\\/www.ilhh.lu\\\/#organization\"},\"potentialAction\":[{\"@type\":\"SearchAction\",\"target\":{\"@type\":\"EntryPoint\",\"urlTemplate\":\"https:\\\/\\\/www.ilhh.lu\\\/?s={search_term_string}\"},\"query-input\":{\"@type\":\"PropertyValueSpecification\",\"valueRequired\":true,\"valueName\":\"search_term_string\"}}],\"inLanguage\":\"fr-FR\"},{\"@type\":\"Organization\",\"@id\":\"https:\\\/\\\/www.ilhh.lu\\\/#organization\",\"name\":\"Institut Luxembourgeois d'Hypnose Humaniste\",\"url\":\"https:\\\/\\\/www.ilhh.lu\\\/\",\"logo\":{\"@type\":\"ImageObject\",\"inLanguage\":\"fr-FR\",\"@id\":\"https:\\\/\\\/www.ilhh.lu\\\/#\\\/schema\\\/logo\\\/image\\\/\",\"url\":\"https:\\\/\\\/www.ilhh.lu\\\/wp-content\\\/uploads\\\/2016\\\/05\\\/Logo-ILHH-v1.0.png\",\"contentUrl\":\"https:\\\/\\\/www.ilhh.lu\\\/wp-content\\\/uploads\\\/2016\\\/05\\\/Logo-ILHH-v1.0.png\",\"width\":818,\"height\":953,\"caption\":\"Institut Luxembourgeois d'Hypnose Humaniste\"},\"image\":{\"@id\":\"https:\\\/\\\/www.ilhh.lu\\\/#\\\/schema\\\/logo\\\/image\\\/\"},\"sameAs\":[\"http:\\\/\\\/www.fb.com\\\/ILHH\",\"https:\\\/\\\/x.com\\\/ilhh_lu\"]}]}<\/script>\n<!-- \/ Yoast SEO plugin. -->","yoast_head_json":{"title":"T\u00e9l\u00e9chargements - ILHH","robots":{"index":"index","follow":"follow","max-snippet":"max-snippet:-1","max-image-preview":"max-image-preview:large","max-video-preview":"max-video-preview:-1"},"canonical":"https:\/\/www.ilhh.lu\/?page_id=598","og_locale":"fr_FR","og_type":"article","og_title":"T\u00e9l\u00e9chargements - ILHH","og_description":"Retrouvez-nous sur SoundCloud pour plus de transes audio Dir fannt eis och op SoundCloud fir m\u00e9i Audio Transen. &nbsp; Hypnose Humaniste \u00e0 [&hellip;]","og_url":"https:\/\/www.ilhh.lu\/?page_id=598","og_site_name":"ILHH","article_publisher":"http:\/\/www.fb.com\/ILHH","article_modified_time":"2020-04-04T12:18:58+00:00","og_image":[{"url":"https:\/\/www.ilhh.lu\/wp-content\/uploads\/2020\/04\/SoundCloud_logo-300x171.png","type":"","width":"","height":""}],"twitter_card":"summary_large_image","twitter_site":"@ilhh_lu","schema":{"@context":"https:\/\/schema.org","@graph":[{"@type":"WebPage","@id":"https:\/\/www.ilhh.lu\/?page_id=598","url":"https:\/\/www.ilhh.lu\/?page_id=598","name":"T\u00e9l\u00e9chargements - ILHH","isPartOf":{"@id":"https:\/\/www.ilhh.lu\/#website"},"primaryImageOfPage":{"@id":"https:\/\/www.ilhh.lu\/?page_id=598#primaryimage"},"image":{"@id":"https:\/\/www.ilhh.lu\/?page_id=598#primaryimage"},"thumbnailUrl":"https:\/\/www.ilhh.lu\/wp-content\/uploads\/2020\/04\/SoundCloud_logo-300x171.png","datePublished":"2016-06-20T15:42:44+00:00","dateModified":"2020-04-04T12:18:58+00:00","breadcrumb":{"@id":"https:\/\/www.ilhh.lu\/?page_id=598#breadcrumb"},"inLanguage":"fr-FR","potentialAction":[{"@type":"ReadAction","target":["https:\/\/www.ilhh.lu\/?page_id=598"]}]},{"@type":"ImageObject","inLanguage":"fr-FR","@id":"https:\/\/www.ilhh.lu\/?page_id=598#primaryimage","url":"https:\/\/www.ilhh.lu\/wp-content\/uploads\/2020\/04\/SoundCloud_logo.png","contentUrl":"https:\/\/www.ilhh.lu\/wp-content\/uploads\/2020\/04\/SoundCloud_logo.png","width":2000,"height":1140},{"@type":"BreadcrumbList","@id":"https:\/\/www.ilhh.lu\/?page_id=598#breadcrumb","itemListElement":[{"@type":"ListItem","position":1,"name":"Accueil","item":"https:\/\/www.ilhh.lu\/"},{"@type":"ListItem","position":2,"name":"T\u00e9l\u00e9chargements"}]},{"@type":"WebSite","@id":"https:\/\/www.ilhh.lu\/#website","url":"https:\/\/www.ilhh.lu\/","name":"ILHH","description":"the symbolic work","publisher":{"@id":"https:\/\/www.ilhh.lu\/#organization"},"potentialAction":[{"@type":"SearchAction","target":{"@type":"EntryPoint","urlTemplate":"https:\/\/www.ilhh.lu\/?s={search_term_string}"},"query-input":{"@type":"PropertyValueSpecification","valueRequired":true,"valueName":"search_term_string"}}],"inLanguage":"fr-FR"},{"@type":"Organization","@id":"https:\/\/www.ilhh.lu\/#organization","name":"Institut Luxembourgeois d'Hypnose Humaniste","url":"https:\/\/www.ilhh.lu\/","logo":{"@type":"ImageObject","inLanguage":"fr-FR","@id":"https:\/\/www.ilhh.lu\/#\/schema\/logo\/image\/","url":"https:\/\/www.ilhh.lu\/wp-content\/uploads\/2016\/05\/Logo-ILHH-v1.0.png","contentUrl":"https:\/\/www.ilhh.lu\/wp-content\/uploads\/2016\/05\/Logo-ILHH-v1.0.png","width":818,"height":953,"caption":"Institut Luxembourgeois d'Hypnose Humaniste"},"image":{"@id":"https:\/\/www.ilhh.lu\/#\/schema\/logo\/image\/"},"sameAs":["http:\/\/www.fb.com\/ILHH","https:\/\/x.com\/ilhh_lu"]}]}},"jetpack_sharing_enabled":true,"_links":{"self":[{"href":"https:\/\/www.ilhh.lu\/index.php?rest_route=\/wp\/v2\/pages\/598","targetHints":{"allow":["GET"]}}],"collection":[{"href":"https:\/\/www.ilhh.lu\/index.php?rest_route=\/wp\/v2\/pages"}],"about":[{"href":"https:\/\/www.ilhh.lu\/index.php?rest_route=\/wp\/v2\/types\/page"}],"author":[{"embeddable":true,"href":"https:\/\/www.ilhh.lu\/index.php?rest_route=\/wp\/v2\/users\/1"}],"replies":[{"embeddable":true,"href":"https:\/\/www.ilhh.lu\/index.php?rest_route=%2Fwp%2Fv2%2Fcomments&post=598"}],"version-history":[{"count":13,"href":"https:\/\/www.ilhh.lu\/index.php?rest_route=\/wp\/v2\/pages\/598\/revisions"}],"predecessor-version":[{"id":1731,"href":"https:\/\/www.ilhh.lu\/index.php?rest_route=\/wp\/v2\/pages\/598\/revisions\/1731"}],"wp:attachment":[{"href":"https:\/\/www.ilhh.lu\/index.php?rest_route=%2Fwp%2Fv2%2Fmedia&parent=598"}],"curies":[{"name":"wp","href":"https:\/\/api.w.org\/{rel}","templated":true}]}}