{"id":615,"date":"2016-06-26T18:19:28","date_gmt":"2016-06-26T16:19:28","guid":{"rendered":"https:\/\/www.ilhh.lu\/?page_id=615"},"modified":"2016-06-26T18:23:06","modified_gmt":"2016-06-26T16:23:06","slug":"quest-ce-que-lhypnose-humaniste","status":"publish","type":"page","link":"https:\/\/www.ilhh.lu\/?page_id=615","title":{"rendered":"Qu&rsquo;est-ce que l&rsquo;hypnose humaniste?"},"content":{"rendered":"<h3 style=\"text-align: center;\">Bonjour et bienvenue \u00e0 l\u2019Institut Luxembourgeois d\u2019Hypnose Humaniste.<\/h3>\n<figure id=\"attachment_310\" aria-describedby=\"caption-attachment-310\" style=\"width: 149px\" class=\"wp-caption alignright\"><img loading=\"lazy\" decoding=\"async\" class=\"wp-image-310\" src=\"https:\/\/www.ilhh.lu\/wp-content\/uploads\/2016\/06\/ILHH_-5-201x300.png\" alt=\"ILHH_ - 5\" width=\"149\" height=\"222\" srcset=\"https:\/\/www.ilhh.lu\/wp-content\/uploads\/2016\/06\/ILHH_-5-201x300.png 201w, https:\/\/www.ilhh.lu\/wp-content\/uploads\/2016\/06\/ILHH_-5-230x343.png 230w, https:\/\/www.ilhh.lu\/wp-content\/uploads\/2016\/06\/ILHH_-5-350x522.png 350w, https:\/\/www.ilhh.lu\/wp-content\/uploads\/2016\/06\/ILHH_-5.png 429w\" sizes=\"auto, (max-width: 149px) 100vw, 149px\" \/><figcaption id=\"caption-attachment-310\" class=\"wp-caption-text\"><br \/><em>Judith<\/em><\/figcaption><\/figure>\n<p>Pour vous expliquer ce qu\u2019est l\u2019Hypnose Humaniste,\u00a0permettez-moi tout d\u2019abord de faire un petit d\u00e9tour par l\u2019Hypnose en g\u00e9n\u00e9ral.<\/p>\n<p>Ce mot \u00ab\u00a0Hypnose\u00a0\u00bb fait souvent peur.\u00a0Beaucoup de personnes ignorent qu\u2019il existe plusieurs formes d\u2019hypnose.\u00a0En effet nous connaissons<\/p>\n<ul>\n<li>L\u2019Hypnose classique<\/li>\n<li>L\u2019Hypnose Ericksonienne, selon le docteur Milton Ericsson<\/li>\n<li>Et l\u2019Hypnose Nouvelle<\/li>\n<\/ul>\n<p>M\u00eame si nous connaissons l\u2019Hypnose par le biais de l\u2019Hypnose de spectacle, cette fa\u00e7on de faire n\u2019a rien \u00e0 voir avec la th\u00e9rapie et l\u2019aide \u00e0 la personne.<\/p>\n<p>Donc, nous allons durant cette description nous concentrer uniquement sur l\u2019aspect th\u00e9rapeutique.<\/p>\n<p>Afin de pouvoir profiter des techniques hypnotiques, le client doit \u00eatre mis dans un \u00e9tat modifi\u00e9 de conscience, dans une transe hypnotique.<\/p>\n<p>Ceci n\u2019a rien d\u2019abracadabrant\u00a0!<\/p>\n<p>En effet, c\u2019est un \u00e9tat que nous vivons au quotidien.<\/p>\n<p>Lorsque nous dialoguons, ou suivons attentivement un cours, nous sommes parfaitement conscients, ici et maintenant. Plusieurs fois par jour nous nous trouvons toutefois dans un \u00e9tat modifi\u00e9 de conscience, par exemple durant la lecture d\u2019un livre captivant, ou en \u00e9tant pris dans les actions d\u2019un bon film ou simplement en faisant la vaisselle,\u00a0 ailleurs en pens\u00e9es.<\/p>\n<p>&nbsp;<\/p>\n<p>Si vous d\u00e9sirez passer d\u2019un port \u00e0 un autre, vous utilisez les moyens de \u00ab\u00a0transe-port\u00a0\u00bb.<\/p>\n<p>Lorsque vous d\u00e9sirez faire passer une message d\u2019une personne \u00e0 une autre, vous utilisez les moyens de \u00ab\u00a0transe-mission\u00a0\u00bb.<\/p>\n<p>Nous comprenons donc, qu\u2019un \u00e9tat de transe est un \u00e9tat entre deux.<\/p>\n<p>En transe hypnotique nous ne sommes ni endormi, ni r\u00e9veill\u00e9, mais entre les deux, un peu dans la lune. Il n\u2019est donc pas juste de s\u2019imaginer qu\u2019on est endormi durant une transe hypnotique.<\/p>\n<p>Un de ces \u00e9tats de transe est la dissociation, utilis\u00e9e en hypnose traditionnelle. Alors que le conscient est occup\u00e9, le client pense \u00e0 la plage, \u00e0 un souvenir tr\u00e8s agr\u00e9able, l\u2019hypno-th\u00e9rapeute fait passer des messages dans l\u2019inconscient du client. Ceci se fait par des suggestions et\/ou m\u00e9taphores, histoires pour enfants comportant des messages.<\/p>\n<p>Le client ne doit surtout pas se rendre compte de ce qui se passe durant ces transes hypnotiques, car s\u2019il se rendrait compte de quoi que ce soit, il casserait les techniques. Celui-ci doit vite changer de fa\u00e7on de faire et replonger la personne en transe.<\/p>\n<p>Ces approches ne plaisent pas \u00e0 toute personne.<\/p>\n<p>En fait, beaucoup de personnes ont subi des situations, v\u00e9cu des traumatismes, souffrent de blessures profondes ou maladies.<\/p>\n<p>Pour pouvoir s\u2019en d\u00e9faire, elles devraient aller voir un hypno-th\u00e9rapeute<\/p>\n<ul style=\"list-style-type: circle;\">\n<li>qu\u2019elles ne connaissent pas,<\/li>\n<li>qui va les rendre inconscient<\/li>\n<li>afin de bidouiller \u00e0 l\u2019int\u00e9rieur d\u2019eux quelque chose dont il ne sait rien et<\/li>\n<li>apr\u00e8s \u00eatre sorti de transe il n\u2019y a qu\u2019\u00e0 esp\u00e9rer que \u00e7a marche\u00a0!<\/li>\n<\/ul>\n<p>Il faut avoir sacr\u00e9ment confiance\u00a0!<\/p>\n<p>Il me vient l\u2019image des yeux du serpent Ka dans le livre de la jungle qui sugg\u00e8re \u00e0 Mowgli \u00ab\u00a0Aie confiance \u2026.\u00a0\u00bb<\/p>\n<p>Les personnes voudraient bien se lib\u00e9rer de leur mal-\u00eatre, mais \u2026 Il y a souvent un \u00ab\u00a0mais\u00a0\u00bb. La plupart n\u2019aiment pas perdre le contr\u00f4le de leur vie, ils se sont tellement battus pour l\u2019avoir, pour survivre et se cr\u00e9er le personnage qu\u2019ils sont, qui leur permet de tenir bon, qu\u2019ils ont du mal \u00e0 faire confiance et se prot\u00e8gent de toute manipulation.<\/p>\n<p>De plus, comme la personne ne sait \u00e0 aucun moment ce qui est bidouill\u00e9 \u00e0 l\u2019int\u00e9rieur d\u2019elle, elle n\u2019en retire aucun apprentissage. M\u00eame en allant mieux, la plupart voudraient en conna\u00eetre la raison.<\/p>\n<p>Toutes ces techniques sont choisies et mises en \u0153uvre par l\u2019hypno-th\u00e9rapeute et ainsi nous remarquons que tout le travail se fait au niveau de celui-ci qui travaille.<\/p>\n<p>Je suis dipl\u00f4m\u00e9e dans toutes les formes.\u00a0Par cons\u00e9quent je me rends bien compte de la responsabilit\u00e9 que porte un hypno-th\u00e9rapeute car tout le travail se fait \u00e0 son niveau d\u2019\u00e9volution, de maturit\u00e9 de vie, comme en connaissances.<\/p>\n<p>Voil\u00e0 en ce qui concerne le formes traditionnelles d\u2019hypnose.<\/p>\n<p>Qu\u2019est-ce qui va changer en Hypnose Humaniste\u00a0?<\/p>\n<p>Tout\u00a0!<\/p>\n<p>En effet, le changement principal est qu\u2019il n\u2019y a aucune dissociation en Humaniste. La personne ne perd pas conscience et garde le contr\u00f4le \u00e0 chaque instant.<\/p>\n<p>Ceci va d\u00e9j\u00e0 rassurer beaucoup de personnes.<\/p>\n<p>L\u2019humaniste a \u00e9t\u00e9 invent\u00e9e en 2001 par Olivier Lockert.<\/p>\n<p>Il a eu l\u2019id\u00e9e de g\u00e9nie de vouloir essayer de r\u00e9veiller les clients non endormis.<\/p>\n<p>En effet, lorsque nous ressortons d\u2019une transe hypnotique traditionnelle, il faut r\u00e9veiller les clients afin qu\u2019ils soient \u00e0 nouveau bien conscients pour pouvoir conduire leur voiture ou aller travailler. Ce r\u00e9veil a \u00e9t\u00e9 utilis\u00e9 par O. Lockert, sur des personnes non endormies.<\/p>\n<p>Donc, il les a plus r\u00e9veill\u00e9s qu\u2019ils ne l\u2019\u00e9taient d\u00e9j\u00e0.<\/p>\n<p>Vous me direz \u00ab\u00a0Mais, cela ne marche pas\u00a0! On ne peut \u00eatre plus r\u00e9veill\u00e9 que r\u00e9veill\u00e9\u00a0! \u00ab<\/p>\n<p>Ben si\u00a0!<\/p>\n<p>Il a eu la grande surprise d\u2019apercevoir, peu apr\u00e8s le d\u00e9but de la mise en transe, tous les signes de transe hypnotique. Nous pouvons les observer d\u00e8s qu\u2019une personne se trouve en transe hypnotique traditionnelle et humaniste, comme nous le savons maintenant.<\/p>\n<p>Cela d\u00e9montre qu\u2019on peut \u00eatre en transe par le moins, donc en perdant conscience et en somnolant aussi bien que par le plus, donc en s\u2019\u00e9veillant.<\/p>\n<p>&nbsp;<\/p>\n<p><img loading=\"lazy\" decoding=\"async\" class=\"aligncenter wp-image-617\" src=\"https:\/\/www.ilhh.lu\/wp-content\/uploads\/2016\/06\/Etats-de-conscience.png\" alt=\"Etats de conscience\" width=\"762\" height=\"183\" srcset=\"https:\/\/www.ilhh.lu\/wp-content\/uploads\/2016\/06\/Etats-de-conscience.png 1016w, https:\/\/www.ilhh.lu\/wp-content\/uploads\/2016\/06\/Etats-de-conscience-300x72.png 300w, https:\/\/www.ilhh.lu\/wp-content\/uploads\/2016\/06\/Etats-de-conscience-768x184.png 768w, https:\/\/www.ilhh.lu\/wp-content\/uploads\/2016\/06\/Etats-de-conscience-480x115.png 480w, https:\/\/www.ilhh.lu\/wp-content\/uploads\/2016\/06\/Etats-de-conscience-830x199.png 830w, https:\/\/www.ilhh.lu\/wp-content\/uploads\/2016\/06\/Etats-de-conscience-230x55.png 230w, https:\/\/www.ilhh.lu\/wp-content\/uploads\/2016\/06\/Etats-de-conscience-350x84.png 350w\" sizes=\"auto, (max-width: 762px) 100vw, 762px\" \/><\/p>\n<p>Aller de plus en plus vers l\u2019\u00e9tat d\u2019\u00e9veil, selon les possibilit\u00e9s de chacun semble \u00eatre magique. Oui, effectivement cela l\u2019est, de la magie, car l\u2019\u00e2me-agit\u00a0!<\/p>\n<p>J\u2019ai d\u00e9j\u00e0 eu la grande joie de pouvoir accompagner des personnes bouddhistes suivies par de grands ma\u00eetres. Elles \u00e9taient toutes \u00e9tonn\u00e9es que les transes humanistes leurs permettaient d\u2019aller en si peu de temps au-del\u00e0 du niveau qu\u2019elles atteignaient apr\u00e8s des heures de m\u00e9ditation.<\/p>\n<p>Cela m\u2019a fait tr\u00e8s plaisir.<\/p>\n<p>Se trouvant en transe humaniste, le client est en \u00e9tat augment\u00e9 de conscience. Nous sommes donc au niveau duquel les artistes, peintres, po\u00e8tes et musiciens d\u00e9tiennent leur inspiration et nous ne travaillons non plus au niveau unique du th\u00e9rapeute aussi bon qu\u2019il puisse \u00eatre.<\/p>\n<p>&nbsp;<\/p>\n<p>Une fois le client en transe humaniste, elle d\u00e9tecte rapidement, elle-m\u00eame, son mal-\u00eatre. Elle le trouve l\u2019endroit o\u00f9 il est log\u00e9 et l\u2019exprime sous forme de symbole.<\/p>\n<p>Nous rencontrons souvent des gens qui s\u2019expriment ainsi.<\/p>\n<p>Par exemple elles disent,<\/p>\n<ul style=\"list-style-type: circle;\">\n<li>avoir une boule au ventre,<\/li>\n<li>porter un poids \u00e9norme sur les \u00e9paules,<\/li>\n<li>avoir l\u2019estomac nou\u00e9<\/li>\n<\/ul>\n<p>et elles le ressentent r\u00e9ellement, cette douleur n\u2019est pas imagin\u00e9e, elles est bien r\u00e9elle. Ce symbole est en r\u00e9alit\u00e9 la pointe de l\u2019iceberg. La douleur, la boule en question est la pointe de l\u2019iceberg. L\u2019explication par le v\u00e9cu de la personne repr\u00e9sente le dessous de l\u2019iceberg. Chaque blessure est form\u00e9e d\u2019un moment cl\u00e9 dans la vie de la personne qui l\u2019a faite souffrir, ainsi que d\u2019un temps de programmation, l\u2019enfance, durant laquelle la personne a \u00e9t\u00e9 confront\u00e9e de fa\u00e7on r\u00e9p\u00e9t\u00e9e au m\u00eame ressenti, non-respect, contr\u00f4le, manipulation entre autres. Et, la plupart du temps, ces situations ont \u00e9galement \u00e9t\u00e9 v\u00e9cues par une ou plusieurs personnes de notre g\u00e9n\u00e9alogie. Tout comme nous avons parfois h\u00e9rit\u00e9 de dons en peinture ou en musique, nous avons souvent aussi h\u00e9rit\u00e9 de pr\u00e9dispositions \u00e0 avoir tel ou tel probl\u00e8mes, maladies plut\u00f4t que d\u2019autres.<\/p>\n<p>En travaillant le symbole, nous ne savons pas ce que nous travaillons mais nous travaillons la probl\u00e9matique profond\u00e9ment, enti\u00e8rement sans jamais de douleur ni de rev\u00e9cu.<\/p>\n<p>N\u2019est-ce pas magnifique\u00a0?!<\/p>\n<p>C\u2019est cela ma passion, voir le scintillement dans les yeux d\u2019une personne qui retrouve toute sa fiert\u00e9, sa force personnelle et qui va au-del\u00e0 de ce qu\u2019on a fait d\u2019elle, au de-l\u00e0 de son \u00e9ducation et de son formatage.<\/p>\n<p>D\u00e8s que le client trouve son symbole, de fa\u00e7on autonome et libre, le r\u00f4le de l\u2019hypno-th\u00e9rapeute humaniste est de le guider \u00e0 soigner ce symbole ou \u00e0 s\u2019en d\u00e9faire.<\/p>\n<p>Le client, ayant trouv\u00e9 son symbole n\u2019en est pas un th\u00e9rapeute pour autant et ainsi il a besoin de la guidance, de la motivation du guide, afin de pouvoir correctement prendre en charge son symbole.<\/p>\n<p>&nbsp;<\/p>\n<p>De plus en plus de personnes viennent consulter car ils ne se sentent pas bien dans leur peau. Ils n\u2019ont pas n\u00e9cessairement v\u00e9cu un traumatisme, une enfance malheureuse ou ne portent pas n\u00e9cessairement des blessures. Ils demandent de l\u2019aide car ils ne vont pas bien au niveau de ce qu\u2019ils sont, leur \u00eatre entier, en tant qu\u2019homme ou femme.<\/p>\n<p>D\u00e8s lors, la plupart des th\u00e9rapies ne savent plus aider, car sans blessure \u00e0 soigner ils ne savent que faire.<\/p>\n<p>En Humaniste, nous allons pouvoir intervenir et aider en intervenant sur les arch\u00e9types.<\/p>\n<p>Les arch\u00e9types sont \u00e9galement une cat\u00e9gorie de symbole.<\/p>\n<p>&nbsp;<\/p>\n<p>Un symbole en soi nous est personnel, comme nos r\u00eaves, il parle de notre histoire de ce que nous vivons et ressentons.<\/p>\n<p>Un arch\u00e9type est un symbole qui est commun \u00e0 tous les \u00eatres humains n\u2019importe o\u00f9 ils habitent, la langue qu\u2019ils parlent ou la religion qu\u2019ils vivent. Par exemple, le soleil, la lune sont des arch\u00e9types, leur connaissance est identique pour tout le monde.<\/p>\n<p>D\u2019un point de vue personnel nous connaissons<\/p>\n<p>le principe f\u00e9minin (douceur, intuition, cr\u00e9ativit\u00e9, prendre soin de etc.) et<\/p>\n<p>le principe masculin (intellect, rationnel, se d\u00e9fendre etc.), qui sont des arch\u00e9types. Toute femme et tout homme poss\u00e8dent un principe f\u00e9minin comme masculin.<\/p>\n<p>En travaillant ces arch\u00e9types, le client \u00e9volue, il change en s\u2019am\u00e9liorant et de ce fait certaines probl\u00e9matiques peuvent aussi s\u2019effacer sans y avoir travaill\u00e9 sp\u00e9cifiquement.<\/p>\n<p>Par exemple, une personne souffrant d\u2019une phobie ou d\u2019une peur bleue, en faisant \u00e9voluer l\u2019\u00eatre qu\u2019elle est, elle va \u00eatre plus forte et plus \u00e9quilibr\u00e9e avec comme cerise sur le g\u00e2teau que parfois la phobie ou peur bleue ont disparues toutes seules.<\/p>\n<ul>\n<li>Vous remarquez donc qu\u2019en Hypnose Humaniste la personne est libre \u00e0 chaque instant, totalement autonome.<\/li>\n<li>Elle peut ouvrir les yeux et arr\u00eater le travail \u00e0 chaque instant.<\/li>\n<li>Elle peut aussi intervenir en voulant travailler ou \u00e9liminer diff\u00e9remment son symbole<\/li>\n<li>Etant acteur de son changement, le client sait exactement ce qui lui a valu son am\u00e9lioration, car il en retire un apprentissage. Il \u00e9volue durant son travail.<\/li>\n<li>Le travail ne se faisant pas \u00e0 son insu, il n\u2019y a aucune manipulation possible.<\/li>\n<li>Le guide et le client travaillent main dans la main pour le bien-\u00eatre du client. Le guide n\u2019est \u00e0 aucun moment sup\u00e9rieur ou en contr\u00f4le envers le client.<\/li>\n<li>Ne travaillant plus au niveau de l\u2019hypno-th\u00e9rapeute, nous travaillons au niveau de l\u2019inspiration des artistes. Ce niveau est appel\u00e9 \u00ab\u00a0Grande Conscience\u00a0\u00bb en Hypnose Humaniste, origine de la vie en soi.<\/li>\n<\/ul>\n<p>&nbsp;<\/p>\n<p>Vous comprenez pourquoi les personnes qui ont eu \u00e0 faire avec l\u2019Hypnose Humaniste aiment dire qu\u2019il s\u2019agit de la th\u00e9rapie du futur. Je suis enti\u00e8rement d\u2019accord avec elles.<\/p>\n<p>&nbsp;<\/p>\n<p>Personnellement, j\u2019ai rassembl\u00e9 des techniques, depuis pr\u00e8s de 18 ans, devant \u00eatre tr\u00e8s respectueuses envers la personne, et son mal-\u00eatre. L\u2019Hypnose Humaniste a \u00e9t\u00e9 l\u2019apoth\u00e9ose de cette recherche et la pi\u00e8ce finale de mon puzzle si on peut dire qu\u2019on finit un jour dans cette recherche.<\/p>\n<p>Je dis toujours qu\u2019il ne peut \u00eatre utile de re-souffrir pour pouvoir se lib\u00e9rer d\u2019un mal-\u00eatre. Parler de ce qu\u2019on a v\u00e9cu durant des heures ne fait pas s\u2019effacer la blessure bien en place.<\/p>\n<p>&nbsp;<\/p>\n<p>En Hypnose Humaniste, nous ne revivons pas les situations douloureuses v\u00e9cues. Nous travaillons uniquement le symbole en lien avec la blessure. En le soignant ou en l\u2019effa\u00e7ant, la blessure en fait de m\u00eame, sans douleur mais avec un grand soulagement.<\/p>\n<p>&nbsp;<\/p>\n<p>D\u2019autres techniques de l\u2019Hypnoses Humaniste, toutes merveilleuses, aident la personne \u00e0 trouver qui elle est r\u00e9ellement, au-del\u00e0 de ce nom, \u00e9ducation, formation, religion, tradition qui lui a \u00e9t\u00e9 donn\u00e9e avec la meilleure intention. Ceci est toujours un moment tr\u00e8s fort en th\u00e9rapie humaniste, car la personne recontacte son \u00eatre profond, et souvent est submerg\u00e9e d\u2019\u00e9motion lib\u00e9ratrice.<\/p>\n<p>&nbsp;<\/p>\n<p>Vous allez me demander ce que l\u2019on peut soigner par le biais de l\u2019Hypnose Humaniste.<\/p>\n<p>Pratiquement tout.<\/p>\n<p>Nous pouvons intervenir sur toute blessure, traumatisme, situations douloureuses, peurs intenses, phobies, addictions aussi bien que sur la compr\u00e9hension des r\u00eaves, travail de couple, soin de l\u2019enfant int\u00e9rieur qui nous permettra de retrouver notre joie profonde et force vitale,\u00a0travail sur l\u2019enfant ainsi que sur l\u2019adolescent,\u00a0aide scolaire entre beaucoup d\u2019autres.<\/p>\n<p>&nbsp;<\/p>\n<p>Si vous \u00eates aussi convaincue par la justesse de cette fa\u00e7on de faire, je vous invite,\u00a0\u00e0 vivre ces moments intenses et lib\u00e9rateurs \u00e0 des fins personnelles ou\u00a0\u00e0 vous former \u00e0 cette technique profond\u00e9ment respectueuse et r\u00e9volutionnaire\u00a0pour le bien-\u00eatre de votre entourage et des personnes que vous allez rencontrer sur votre chemin.<\/p>\n<p>&nbsp;<\/p>\n<h4>Je vous invite \u00e0 faire de votre vie votre chef d\u2019\u0153uvre.<\/h4>\n<p>Au plaisir de faire un bout du chemin avec vous,<\/p>\n<p>Humanistement,<\/p>\n<p>&nbsp;<\/p>\n<p>Judith<\/p>\n","protected":false},"excerpt":{"rendered":"<p>Bonjour et bienvenue \u00e0 l\u2019Institut Luxembourgeois d\u2019Hypnose Humaniste. Pour vous expliquer ce qu\u2019est l\u2019Hypnose Humaniste,\u00a0permettez-moi tout d\u2019abord de faire un petit d\u00e9tour [&hellip;]<\/p>\n","protected":false},"author":1,"featured_media":0,"parent":0,"menu_order":0,"comment_status":"closed","ping_status":"closed","template":"","meta":{"ngg_post_thumbnail":0,"footnotes":""},"class_list":["post-615","page","type-page","status-publish","hentry"],"yoast_head":"<!-- This site is optimized with the Yoast SEO plugin v27.4 - https:\/\/yoast.com\/product\/yoast-seo-wordpress\/ -->\n<title>Qu&#039;est-ce que l&#039;hypnose humaniste? - ILHH<\/title>\n<meta name=\"robots\" content=\"index, follow, max-snippet:-1, max-image-preview:large, max-video-preview:-1\" \/>\n<link rel=\"canonical\" href=\"https:\/\/www.ilhh.lu\/?page_id=615\" \/>\n<meta property=\"og:locale\" content=\"fr_FR\" \/>\n<meta property=\"og:type\" content=\"article\" \/>\n<meta property=\"og:title\" content=\"Qu&#039;est-ce que l&#039;hypnose humaniste? - ILHH\" \/>\n<meta property=\"og:description\" content=\"Bonjour et bienvenue \u00e0 l\u2019Institut Luxembourgeois d\u2019Hypnose Humaniste. Pour vous expliquer ce qu\u2019est l\u2019Hypnose Humaniste,\u00a0permettez-moi tout d\u2019abord de faire un petit d\u00e9tour [&hellip;]\" \/>\n<meta property=\"og:url\" content=\"https:\/\/www.ilhh.lu\/?page_id=615\" \/>\n<meta property=\"og:site_name\" content=\"ILHH\" \/>\n<meta property=\"article:publisher\" content=\"http:\/\/www.fb.com\/ILHH\" \/>\n<meta property=\"article:modified_time\" content=\"2016-06-26T16:23:06+00:00\" \/>\n<meta property=\"og:image\" content=\"https:\/\/www.ilhh.lu\/wp-content\/uploads\/2016\/06\/ILHH_-5-201x300.png\" \/>\n<meta name=\"twitter:card\" content=\"summary_large_image\" \/>\n<meta name=\"twitter:site\" content=\"@ilhh_lu\" \/>\n<meta name=\"twitter:label1\" content=\"Dur\u00e9e de lecture estim\u00e9e\" \/>\n\t<meta name=\"twitter:data1\" content=\"12 minutes\" \/>\n<script type=\"application\/ld+json\" class=\"yoast-schema-graph\">{\"@context\":\"https:\\\/\\\/schema.org\",\"@graph\":[{\"@type\":\"WebPage\",\"@id\":\"https:\\\/\\\/www.ilhh.lu\\\/?page_id=615\",\"url\":\"https:\\\/\\\/www.ilhh.lu\\\/?page_id=615\",\"name\":\"Qu'est-ce que l'hypnose humaniste? - ILHH\",\"isPartOf\":{\"@id\":\"https:\\\/\\\/www.ilhh.lu\\\/#website\"},\"primaryImageOfPage\":{\"@id\":\"https:\\\/\\\/www.ilhh.lu\\\/?page_id=615#primaryimage\"},\"image\":{\"@id\":\"https:\\\/\\\/www.ilhh.lu\\\/?page_id=615#primaryimage\"},\"thumbnailUrl\":\"https:\\\/\\\/www.ilhh.lu\\\/wp-content\\\/uploads\\\/2016\\\/06\\\/ILHH_-5-201x300.png\",\"datePublished\":\"2016-06-26T16:19:28+00:00\",\"dateModified\":\"2016-06-26T16:23:06+00:00\",\"breadcrumb\":{\"@id\":\"https:\\\/\\\/www.ilhh.lu\\\/?page_id=615#breadcrumb\"},\"inLanguage\":\"fr-FR\",\"potentialAction\":[{\"@type\":\"ReadAction\",\"target\":[\"https:\\\/\\\/www.ilhh.lu\\\/?page_id=615\"]}]},{\"@type\":\"ImageObject\",\"inLanguage\":\"fr-FR\",\"@id\":\"https:\\\/\\\/www.ilhh.lu\\\/?page_id=615#primaryimage\",\"url\":\"https:\\\/\\\/www.ilhh.lu\\\/wp-content\\\/uploads\\\/2016\\\/06\\\/ILHH_-5.png\",\"contentUrl\":\"https:\\\/\\\/www.ilhh.lu\\\/wp-content\\\/uploads\\\/2016\\\/06\\\/ILHH_-5.png\",\"width\":429,\"height\":640},{\"@type\":\"BreadcrumbList\",\"@id\":\"https:\\\/\\\/www.ilhh.lu\\\/?page_id=615#breadcrumb\",\"itemListElement\":[{\"@type\":\"ListItem\",\"position\":1,\"name\":\"Accueil\",\"item\":\"https:\\\/\\\/www.ilhh.lu\\\/\"},{\"@type\":\"ListItem\",\"position\":2,\"name\":\"Qu&rsquo;est-ce que l&rsquo;hypnose humaniste?\"}]},{\"@type\":\"WebSite\",\"@id\":\"https:\\\/\\\/www.ilhh.lu\\\/#website\",\"url\":\"https:\\\/\\\/www.ilhh.lu\\\/\",\"name\":\"ILHH\",\"description\":\"the symbolic work\",\"publisher\":{\"@id\":\"https:\\\/\\\/www.ilhh.lu\\\/#organization\"},\"potentialAction\":[{\"@type\":\"SearchAction\",\"target\":{\"@type\":\"EntryPoint\",\"urlTemplate\":\"https:\\\/\\\/www.ilhh.lu\\\/?s={search_term_string}\"},\"query-input\":{\"@type\":\"PropertyValueSpecification\",\"valueRequired\":true,\"valueName\":\"search_term_string\"}}],\"inLanguage\":\"fr-FR\"},{\"@type\":\"Organization\",\"@id\":\"https:\\\/\\\/www.ilhh.lu\\\/#organization\",\"name\":\"Institut Luxembourgeois d'Hypnose Humaniste\",\"url\":\"https:\\\/\\\/www.ilhh.lu\\\/\",\"logo\":{\"@type\":\"ImageObject\",\"inLanguage\":\"fr-FR\",\"@id\":\"https:\\\/\\\/www.ilhh.lu\\\/#\\\/schema\\\/logo\\\/image\\\/\",\"url\":\"https:\\\/\\\/www.ilhh.lu\\\/wp-content\\\/uploads\\\/2016\\\/05\\\/Logo-ILHH-v1.0.png\",\"contentUrl\":\"https:\\\/\\\/www.ilhh.lu\\\/wp-content\\\/uploads\\\/2016\\\/05\\\/Logo-ILHH-v1.0.png\",\"width\":818,\"height\":953,\"caption\":\"Institut Luxembourgeois d'Hypnose Humaniste\"},\"image\":{\"@id\":\"https:\\\/\\\/www.ilhh.lu\\\/#\\\/schema\\\/logo\\\/image\\\/\"},\"sameAs\":[\"http:\\\/\\\/www.fb.com\\\/ILHH\",\"https:\\\/\\\/x.com\\\/ilhh_lu\"]}]}<\/script>\n<!-- \/ Yoast SEO plugin. -->","yoast_head_json":{"title":"Qu'est-ce que l'hypnose humaniste? - ILHH","robots":{"index":"index","follow":"follow","max-snippet":"max-snippet:-1","max-image-preview":"max-image-preview:large","max-video-preview":"max-video-preview:-1"},"canonical":"https:\/\/www.ilhh.lu\/?page_id=615","og_locale":"fr_FR","og_type":"article","og_title":"Qu'est-ce que l'hypnose humaniste? - ILHH","og_description":"Bonjour et bienvenue \u00e0 l\u2019Institut Luxembourgeois d\u2019Hypnose Humaniste. Pour vous expliquer ce qu\u2019est l\u2019Hypnose Humaniste,\u00a0permettez-moi tout d\u2019abord de faire un petit d\u00e9tour [&hellip;]","og_url":"https:\/\/www.ilhh.lu\/?page_id=615","og_site_name":"ILHH","article_publisher":"http:\/\/www.fb.com\/ILHH","article_modified_time":"2016-06-26T16:23:06+00:00","og_image":[{"url":"https:\/\/www.ilhh.lu\/wp-content\/uploads\/2016\/06\/ILHH_-5-201x300.png","type":"","width":"","height":""}],"twitter_card":"summary_large_image","twitter_site":"@ilhh_lu","twitter_misc":{"Dur\u00e9e de lecture estim\u00e9e":"12 minutes"},"schema":{"@context":"https:\/\/schema.org","@graph":[{"@type":"WebPage","@id":"https:\/\/www.ilhh.lu\/?page_id=615","url":"https:\/\/www.ilhh.lu\/?page_id=615","name":"Qu'est-ce que l'hypnose humaniste? - ILHH","isPartOf":{"@id":"https:\/\/www.ilhh.lu\/#website"},"primaryImageOfPage":{"@id":"https:\/\/www.ilhh.lu\/?page_id=615#primaryimage"},"image":{"@id":"https:\/\/www.ilhh.lu\/?page_id=615#primaryimage"},"thumbnailUrl":"https:\/\/www.ilhh.lu\/wp-content\/uploads\/2016\/06\/ILHH_-5-201x300.png","datePublished":"2016-06-26T16:19:28+00:00","dateModified":"2016-06-26T16:23:06+00:00","breadcrumb":{"@id":"https:\/\/www.ilhh.lu\/?page_id=615#breadcrumb"},"inLanguage":"fr-FR","potentialAction":[{"@type":"ReadAction","target":["https:\/\/www.ilhh.lu\/?page_id=615"]}]},{"@type":"ImageObject","inLanguage":"fr-FR","@id":"https:\/\/www.ilhh.lu\/?page_id=615#primaryimage","url":"https:\/\/www.ilhh.lu\/wp-content\/uploads\/2016\/06\/ILHH_-5.png","contentUrl":"https:\/\/www.ilhh.lu\/wp-content\/uploads\/2016\/06\/ILHH_-5.png","width":429,"height":640},{"@type":"BreadcrumbList","@id":"https:\/\/www.ilhh.lu\/?page_id=615#breadcrumb","itemListElement":[{"@type":"ListItem","position":1,"name":"Accueil","item":"https:\/\/www.ilhh.lu\/"},{"@type":"ListItem","position":2,"name":"Qu&rsquo;est-ce que l&rsquo;hypnose humaniste?"}]},{"@type":"WebSite","@id":"https:\/\/www.ilhh.lu\/#website","url":"https:\/\/www.ilhh.lu\/","name":"ILHH","description":"the symbolic work","publisher":{"@id":"https:\/\/www.ilhh.lu\/#organization"},"potentialAction":[{"@type":"SearchAction","target":{"@type":"EntryPoint","urlTemplate":"https:\/\/www.ilhh.lu\/?s={search_term_string}"},"query-input":{"@type":"PropertyValueSpecification","valueRequired":true,"valueName":"search_term_string"}}],"inLanguage":"fr-FR"},{"@type":"Organization","@id":"https:\/\/www.ilhh.lu\/#organization","name":"Institut Luxembourgeois d'Hypnose Humaniste","url":"https:\/\/www.ilhh.lu\/","logo":{"@type":"ImageObject","inLanguage":"fr-FR","@id":"https:\/\/www.ilhh.lu\/#\/schema\/logo\/image\/","url":"https:\/\/www.ilhh.lu\/wp-content\/uploads\/2016\/05\/Logo-ILHH-v1.0.png","contentUrl":"https:\/\/www.ilhh.lu\/wp-content\/uploads\/2016\/05\/Logo-ILHH-v1.0.png","width":818,"height":953,"caption":"Institut Luxembourgeois d'Hypnose Humaniste"},"image":{"@id":"https:\/\/www.ilhh.lu\/#\/schema\/logo\/image\/"},"sameAs":["http:\/\/www.fb.com\/ILHH","https:\/\/x.com\/ilhh_lu"]}]}},"jetpack_sharing_enabled":true,"_links":{"self":[{"href":"https:\/\/www.ilhh.lu\/index.php?rest_route=\/wp\/v2\/pages\/615","targetHints":{"allow":["GET"]}}],"collection":[{"href":"https:\/\/www.ilhh.lu\/index.php?rest_route=\/wp\/v2\/pages"}],"about":[{"href":"https:\/\/www.ilhh.lu\/index.php?rest_route=\/wp\/v2\/types\/page"}],"author":[{"embeddable":true,"href":"https:\/\/www.ilhh.lu\/index.php?rest_route=\/wp\/v2\/users\/1"}],"replies":[{"embeddable":true,"href":"https:\/\/www.ilhh.lu\/index.php?rest_route=%2Fwp%2Fv2%2Fcomments&post=615"}],"version-history":[{"count":6,"href":"https:\/\/www.ilhh.lu\/index.php?rest_route=\/wp\/v2\/pages\/615\/revisions"}],"predecessor-version":[{"id":623,"href":"https:\/\/www.ilhh.lu\/index.php?rest_route=\/wp\/v2\/pages\/615\/revisions\/623"}],"wp:attachment":[{"href":"https:\/\/www.ilhh.lu\/index.php?rest_route=%2Fwp%2Fv2%2Fmedia&parent=615"}],"curies":[{"name":"wp","href":"https:\/\/api.w.org\/{rel}","templated":true}]}}