{"id":628,"date":"2016-06-27T20:52:13","date_gmt":"2016-06-27T18:52:13","guid":{"rendered":"https:\/\/www.ilhh.lu\/?page_id=628"},"modified":"2016-06-27T21:45:59","modified_gmt":"2016-06-27T19:45:59","slug":"was-bedeutet-die-humanistische-hypnose","status":"publish","type":"page","link":"https:\/\/www.ilhh.lu\/?page_id=628","title":{"rendered":"Was Bedeutet Die Humanistische Hypnose\u00a0?"},"content":{"rendered":"<h3 style=\"text-align: center;\">Hallo und herzlich willkommen im Luxemburgischen Institut f\u00fcr Humanistische Hypnose.<img loading=\"lazy\" decoding=\"async\" class=\"alignright size-medium wp-image-632\" src=\"https:\/\/www.ilhh.lu\/wp-content\/uploads\/2016\/06\/ILHH_-5-1-201x300.png\" alt=\"ILHH_ - 5\" width=\"201\" height=\"300\" srcset=\"https:\/\/www.ilhh.lu\/wp-content\/uploads\/2016\/06\/ILHH_-5-1-201x300.png 201w, https:\/\/www.ilhh.lu\/wp-content\/uploads\/2016\/06\/ILHH_-5-1-230x343.png 230w, https:\/\/www.ilhh.lu\/wp-content\/uploads\/2016\/06\/ILHH_-5-1-350x522.png 350w, https:\/\/www.ilhh.lu\/wp-content\/uploads\/2016\/06\/ILHH_-5-1.png 429w\" sizes=\"auto, (max-width: 201px) 100vw, 201px\" \/><\/h3>\n<p>Um Ihnen diese neue Form der Hypnose besser er\u00f6rtern zu k\u00f6nnen, m\u00f6chte ich zuerst einen kleinen Umweg \u00fcber das Verst\u00e4ndnis der allgemein bekannten Hypnose machen.<\/p>\n<p>Allein das Wort \u00ab\u00a0Hypnose\u00a0\u00bb versetzt schon einige in Angst.<\/p>\n<p>Viele Menschen wissen nicht dass es mehrere Arten von Hypnose gibt.<\/p>\n<p>Wir unterscheiden zwischen<\/p>\n<ul>\n<li>der Klassischen Hypnose<\/li>\n<li>der Hypnose nach Ericsson\u00a0und<\/li>\n<li>der Neuen Hypnose<\/li>\n<\/ul>\n<p>Viele kennen die Show-Hypnosen, jedoch hat diese Art nichts mit der therapeutischen Anwendung zu tun. Da sprechen wir nicht von N\u00e4chstenhilfe.<\/p>\n<p>Damit eine Hypnose Sitzung erfolgreich ist, muss der Kunde in einem Trancezustand sein.<\/p>\n<p>Dies ist nichts au\u00dfergew\u00f6hnliches da wir diesen Zustand t\u00e4glich erleben. Zum Beispiel wenn wir vertieft sind in einem spannenden Buch oder Film, oder einfach beim Sp\u00fclen. Wir sind in dem Moment nicht hier und jetzt, ganz bewusst, sondern in Gedanken anderswo.<\/p>\n<p>Dies ist ein Trancezustand.<\/p>\n<p>Einer dieser Trancezust\u00e4nde wird zur Hypnose benutzt und dies ist wenn wir das Bewusstsein vom Unterbewusstsein trennen. In dem Moment besch\u00e4ftigt der Hypnotherapeut das Bewusstsein welches z.B. an einem Strand liegen kann, und gleichzeitig arbeitet er, durch Suggestionen, Vorschl\u00e4ge ebenso wie Metapher, Geschichten, mit dem Unterbewusstsein des Kunden. Dieser darf unter keinen Umst\u00e4nden begreifen was vor sich geht, ansonsten ist das ganze bewusst, und nicht mehr im Unterbewusstsein, was die Technik aufs Spiel setzt. Der Hypnotherapeut muss in solch einem Fall den Kunden schnell wieder besch\u00e4ftigen und ihn auf andere Gedanken zu bringen, entfernt von seinem Unterbewusstsein.<\/p>\n<p>Diese Vorgehensweise gef\u00e4llt nicht jedem.<\/p>\n<p>Viele Menschen haben Einiges \u00fcber sich ergehen lassen m\u00fcssen, Traumata erlebt, leiden unter inneren Wunden.<br \/>\nUm diese bearbeiten zu k\u00f6nnen, m\u00fcssten sie sich einem Hypnotherapeuten anvertrauen<\/p>\n<ul>\n<li>den sie nicht kennen<\/li>\n<li>welcher sie in einen Zustand des Bewusstseinsverlust bringt<\/li>\n<li>um in ihrem Unterbewusstsein etwas zu bearbeiten von dem sie nichts wissen d\u00fcrfen<\/li>\n<li>nach der Trance brauchen sie also nur zu hoffen dass alles geklappt hat<\/li>\n<\/ul>\n<p>Dies ben\u00f6tigt eine gro\u00dfe Portion Vertrauen\u00a0!<\/p>\n<p>Viele werden nun an die Schlange Ka denken im Dschungelbuch \u00ab\u00a0Hab Vertrauen \u2026\u00a0\u00bb<\/p>\n<p>&nbsp;<\/p>\n<p>Die Menschen m\u00f6chten ja Ihre Leiden bearbeiten und loswerden, jedoch \u2026 es gibt oft dieses W\u00f6rtchen \u2026 jedoch \u2026<\/p>\n<p>Wer schon einmal unter Kontrollverlust gelitten hat, tut sich schwer es wieder zu erleiden. Viele Menschen haben sich mit viel M\u00fche durchs Leben geboxt und somit diese Schutzschichten aufgebaut. Von ihnen zu erwarten, sich einfach so hin zu geben, und alles erneut aufs Spiel zu setzen, ist viel verlangt.<\/p>\n<p>&nbsp;<\/p>\n<p>Des weiteren m\u00f6chten viele Menschen wissen woran gearbeitet wird, sie m\u00f6chten auf ihrem Entwicklungsweg etwas erlernen, sich weiter entwickeln. Dies ist unm\u00f6glich wenn wir aus dem Geschehniss rausgehalten werden.<\/p>\n<p>Sie m\u00fcssen dem Therapeuten vertrauen und ihn gew\u00e4hren lassen, denn die ganze Arbeit findet auf seiner Entwicklungsstufe, dem\u00a0Niveau des Therapeuten statt. Hat er schon viel an sich gearbeitet, ist respektvoll und kompetent, hat der Kunde Gl\u00fcck.<\/p>\n<p>&nbsp;<\/p>\n<p>Ich selbst bin in den vier Hypnosetechniken ausgebildet.<\/p>\n<p>&nbsp;<\/p>\n<p>Soweit zu der traditionellen Hypnose.<\/p>\n<p>&nbsp;<\/p>\n<p>Was \u00e4ndert nun in der Humanistischen Hypnose ?<\/p>\n<p>Alles\u00a0!<\/p>\n<p>&nbsp;<\/p>\n<p>Die erste grundlegende \u00c4nderung ist das Einleiten in einen Trancezustand.<\/p>\n<p>Der Kunde verliert zu keinem Moment das Bewusstsein, er beh\u00e4llt fortw\u00e4hrend die Kontrolle.<\/p>\n<p>Dies bedeutet schon eine gro\u00dfe Erleichterung f\u00fcr viele Kunden.<\/p>\n<p>&nbsp;<\/p>\n<p>Die Humanistische Hypnose wurde 2001 von Olivier Lockert aus Paris erfunden.<\/p>\n<p>Er hatte den genialen Geistesblitz wache Kunden weiter erwecken zu wollen.<\/p>\n<p>In der traditionellen Hypnose wird der Kunden erweckt um ihn aus dem Trancezustand wieder zu vollem Bewusstsein zu verhelfen. Diese Methode des Erweckens hat er an Menschen angewandt welche sich nicht in Trance befanden und somit bei vollem Bewusstsein.<\/p>\n<p>Ganz schnell konnte er jede Anzeichen einer Trance an den Kunden erkennen.<\/p>\n<p>Somit waren sie also in einen Transzustand gelangt ohne Kontrollverlust.<\/p>\n<p>&nbsp;<\/p>\n<p>Dies ist der Beweis dass wir ebenso in einen Transzustand gelangen k\u00f6nnen durch Kontrollverlust, also durch ein Minus (-), wie auch durch mehr Kontrollerhalt, also durch ein Plus (+).<\/p>\n<p>&nbsp;<\/p>\n<p><img loading=\"lazy\" decoding=\"async\" class=\"aligncenter wp-image-631 \" src=\"https:\/\/www.ilhh.lu\/wp-content\/uploads\/2016\/06\/Bewusstseinszust\u00e4nde.png\" alt=\"Bewusstseinszust\u00e4nde\" width=\"811\" height=\"159\" srcset=\"https:\/\/www.ilhh.lu\/wp-content\/uploads\/2016\/06\/Bewusstseinszust\u00e4nde.png 1016w, https:\/\/www.ilhh.lu\/wp-content\/uploads\/2016\/06\/Bewusstseinszust\u00e4nde-300x59.png 300w, https:\/\/www.ilhh.lu\/wp-content\/uploads\/2016\/06\/Bewusstseinszust\u00e4nde-768x150.png 768w, https:\/\/www.ilhh.lu\/wp-content\/uploads\/2016\/06\/Bewusstseinszust\u00e4nde-480x94.png 480w, https:\/\/www.ilhh.lu\/wp-content\/uploads\/2016\/06\/Bewusstseinszust\u00e4nde-830x163.png 830w, https:\/\/www.ilhh.lu\/wp-content\/uploads\/2016\/06\/Bewusstseinszust\u00e4nde-230x45.png 230w, https:\/\/www.ilhh.lu\/wp-content\/uploads\/2016\/06\/Bewusstseinszust\u00e4nde-350x69.png 350w\" sizes=\"auto, (max-width: 811px) 100vw, 811px\" \/><\/p>\n<p>&nbsp;<\/p>\n<p>Dieser Zustand des h\u00f6heren Bewusstseins ist absolut magisch. Es ist der Zustand in dem die K\u00fcnstler sich befinden wenn sie malen, musizieren oder dichten.<\/p>\n<p>Ich habe die Freude gehabt einige Buddhisten begleiten zu d\u00fcrfen welche seit l\u00e4ngerer Zeit von gro\u00dfen Meister geleitet wurden. Alle haben mit gro\u00dfer Begeisterung festgestellt dass die humanistische Trance Ihnen sehr schnell eine h\u00f6here Trance erm\u00f6glicht als sie in Stunden der Meditation erreichen konnten. Die sch\u00f6nen und richtigen Wege kreuzen sich immer. Dies hat mir gro\u00dfe Freude bereitet.<\/p>\n<p>&nbsp;<\/p>\n<p>In einer humanistischen Trance befindet der Kunde sich in einem \u00ab\u00a0h\u00f6heren Bewusstseinszustand\u00a0\u00bb. Wir befinden uns somit auf der Ebene des Ursprungs alles Lebens und arbeiten somit nicht mehr auf der Ebene des alleinigen Therapeuten sondern weitaus h\u00f6her.<\/p>\n<p>Die Resultate sind auch dementsprechend.<\/p>\n<p>&nbsp;<\/p>\n<p>Sobald der Kunde sich in der humanistischen Trance befindet, entdeckt er schnell den Ursprung seines Problems. Er sp\u00fcrt, empfindet und sieht das Problem in Form eines Symbols.<\/p>\n<p>Viele dr\u00fccken sich zum Beispiel wie folgt aus<\/p>\n<ul>\n<li>Ich empfinde wie einen Druck im Magen<\/li>\n<li>Mein Kopf befindet sich wie zwischen Hammer und Amboss<\/li>\n<li>Es ist als w\u00fcrde ich das Gewicht der gesammten Erde auf den Schultern tragen<\/li>\n<\/ul>\n<p>&nbsp;<\/p>\n<p>Diese Empfindungen sind \u00e4usserst real, der Kunde sp\u00fcrt sie.<\/p>\n<p>Man kann ein Symbol mit der Spitze eines Eisbergs vergleichen.<\/p>\n<p>Der verursachte Schmerz, das Gewicht steht f\u00fcr die Spitze des Eisbergs. Der untere Teil des Eisbergs steht f\u00fcr den Inhalt des Erlebten. Jede Wunde wird zu einem bestimmten Moment durch ein tragisches Erlebnis ausgel\u00f6st, ebenso wurde diese programmiert durch \u00e4hnliche Erlebnisse, Empfindungen welche wir immer wieder in unserem Leben, Kindheit erlebt haben. Meistens haben unsere Vorfahren \u00e4hnliche Wunden erlebt und ebenso wie wir einige Gaben von ihnen vermittelt bekommen haben, wurden uns auch Wunden mit auf den Weg gegeben.<\/p>\n<p>Das Symbol ist der Deckmantel f\u00fcr diese ganzen Vorkomnisse. Sowie das Symbol bearbeitet wird oder gar gel\u00f6scht wird, \u00e4ndert der ganze Inhalt der Lebensgeschichte ohne jemals in ihrem Inhalt zu arbeiten, sprich das Erlittenen nochmals zu erleben.<\/p>\n<p>Ist dies nicht absolut genial\u00a0?<\/p>\n<p>Dies begeistert mich voll und ganz. Die Augen der Kunden wieder erstrahlen zu sehen, bemerken wie sie ihre W\u00fcrde wieder erlangen, ist einfach unbezahlbar. Die Kunden wachsen \u00fcber das hinaus was die Kindheit, Eltern, Schule, Umfeld aus Ihnen gemacht hat.<\/p>\n<p>&nbsp;<\/p>\n<p>In dieser Vorgehensweise hat der Hypnotherapeut die Rolle eines Begleiters, welcher dem Kunden hilft sein Symbol auf die richtige Art und Weise zu ver\u00e4ndern oder zu l\u00f6schen.<\/p>\n<p>Der Kunde, welcher sein Symbol entdeckt hat, ist immer noch kein Therapeuten und kennt somit die Vorgehensweisen nicht. Deswegen ist die Arbeit unweigerlich eine wertvolle Zusammenarbeit. Jeder leistet die h\u00e4lfte der Arbeit damit der Kunde seine Freiheit erlangen kann.<\/p>\n<p>&nbsp;<\/p>\n<p>Viele Menschen kommen heutzutage in eine Praxis da sie sich einfach unwohl in Ihrer Haut f\u00fchlen. Sie haben eigentlich keine Traumata erlebt, hatten eine zufriedene Kindheit, keine gr\u00f6\u00dferen Wunden, jedoch f\u00fchlen sie sich unwohl in Ihrem ganzen Wesen, als Frau oder Mann. Hier haben\u00a0viele Therapieformen keine L\u00f6sung. Wie kann man helfen wenn man nicht an Ursachen arbeiten kann\u00a0?<\/p>\n<p>Die Humanistische hat hierzu erfolgreiche M\u00f6glichkeiten.<\/p>\n<p>Wir bearbeiten die Archetypen des Kunden. Ein Archetyp ist auch ein Symbol.<\/p>\n<p>Ein Symbol geh\u00f6rt uns pers\u00f6nlich, wie unsere Tr\u00e4ume. Es dr\u00fcckt ganz pers\u00f6nliche Erfahrungen, welche wir erlebt, empfunden haben, aus.<\/p>\n<p>Ein Archetyp ist ein Symbol, welches wir gemeinsam haben mit der ganzen Menschheit. Zum Beispiel ist die Sonne und der Mond in Archetyp, denn seine Bedeutung ist die gleiche f\u00fcr jeden Menschen, egal aus welcher Gegend er herstammt, welche Sprache er spricht oder Religion er angeh\u00f6rig ist.<\/p>\n<p>Zwei unserer pers\u00f6nlichen Archetypen sind die weibliche Ebene ( Zartheit, Intuition, Kreativit\u00e4t, Umsorgen usw.) wie auch die m\u00e4nnliche Ebene ( Intellekt, Rationale, sich verteidigen usw).<\/p>\n<p>Sie haben verstanden dass jede Frau und jeder Mann beide Ebenen beinhalten.<\/p>\n<p>Indem diese beiden Ebenen bearbeitet werden, erlangt der Kunde ein lange ersehntes Gleichgewicht und innerer Frieden. Einige Probleme verlieren somit Ihren N\u00e4rboden und verschwinden ohne intensiver an ihnen gearbeitet zu haben.<\/p>\n<p>Zum Beispiel\u00a0: Eine Person meldet sich, welche unter einer Phobie oder Angstzust\u00e4nden leidet. Wir bemerken w\u00e4hrend der Anamnese dass die Person an dem leidet was Sie ist. Indem man an ihren Archetypen arbeitet, wird sie sich weiter entwickeln, innere St\u00e4rken erlangen und ein wohltuendes, befreiendes Gleichgewicht erleben. Nun kommt es \u00f6fters vor dass die Angstzust\u00e4nde oder Phobien verschwunden sind ohne an Ihnen gearbeitet zu haben, da die Person nicht mehr die gleiche ist.<\/p>\n<p>Ist dies nicht einfach genial\u00a0?<\/p>\n<p>&nbsp;<\/p>\n<ul>\n<li>Sie bemerken also dass der Kunde in der Humanistischen wahrhaftig der K\u00f6nig ist, und in keinem Moment Kontrollverlust erleidet oder erduldet<\/li>\n<li>Der Kunde kann zu jedem Augenblick die Augen \u00f6ffnen und der Arbeit ein Ende setzen<\/li>\n<li>Er kann ebenso die Arbeit beeinflussen und mitentscheiden wie er seine Symbole am liebsten ver\u00e4ndern oder l\u00f6schen m\u00f6chte.<\/li>\n<li>Der Kunde ist an jeder Etappe bewusst beteiligt. Diese Vorgehensweise stellt einen Lernprozess dar. Er entwickelt sich, lernt sich besser kennen und vergr\u00f6\u00dfert die Kontrolle \u00fcber sich selbst.<\/li>\n<li>Jede Handlung wird bei vollem Bewusstsein erlebt und somit ist jegliche Manipulation unm\u00f6glich<\/li>\n<li>Der Kunde arbeitet mit seinem Begleiter Hand in Hand. Der Therapeut ist ihm zu keinem Moment \u00fcberlegen, er kann zu keinem Moment Kontrolle aus\u00fcben<\/li>\n<li>Wir arbeiten nicht mehr auf der alleinigen Ebene des Therapeuten sonder auf der Ebene von der K\u00fcnstler Ihre Inspiration hernehmen. Diese Ebene wird in der Humanistischen als \u00ab\u00a0das h\u00f6here Bewusstsein\u00a0\u00bb bezeichnet, Quelle von allem was existiert, des Lebens selbst.<\/li>\n<\/ul>\n<p>&nbsp;<\/p>\n<p>Sie verstehen nun weshalb viele Leute die humanistische Hypnose als die Therapie der Zukunft beschreiben. Ich kann dem nur zupflichten.<\/p>\n<p>&nbsp;<\/p>\n<p>Pers\u00f6nlich, bin ich seit 18 Jahren damit besch\u00e4ftigt, Vorgehensweisen zu sammeln welche die Person und ihr Erlebtes, Ihre Gef\u00fchle, verstehen und respektieren. Die Humanistische ist somit der H\u00f6hepunkt dieser Suche, das letzte Puzzleteil welches mir fehlte um ein ganzheitliches ebenso wie sehr respektvolles Empfangen des Menschen zu erlauben.<\/p>\n<p>&nbsp;<\/p>\n<p>Mein Motto ist und wird immer sein\u00a0:<\/p>\n<p>\u00ab\u00a0Man muss nicht das Erlebte noch einmal erleiden um sich von seiner Wunde befreien zu d\u00fcrfen\u00a0!\u00a0\u00bb Stunden langes Bereden hat noch nie den Kunden von seiner Wunde befreit.<\/p>\n<p>In der Humanistischen, erleben wir die schwierigen, verletzenden Momente nicht ein weiteres Mal. Wir bearbeiten ausschlie\u00dflich das Symbol welches stellvertretend f\u00fcr das Erlebte ist. Indem das Symbol sich ver\u00e4ndert, oder gel\u00f6scht wird, \u00e4ndert sich das ganze Erlebte, die Wunde wird geheilt und verschwindet ohne jemals Schmerzen nochmals empfunden zu haben, jedoch mit gro\u00dfer Erleichterung.<\/p>\n<p>&nbsp;<\/p>\n<p>Andere Techniken der Humanistischen, sind ebenso wundervoll und helfen jedem Menschen seinen Ursprung wieder zu finden, wer er wirklich ist, bevor er von Erziehung, Schulung, Religion, Umfeld ver\u00e4ndert wurde, mit der besten Absicht.<\/p>\n<p>Dies ist immer ein emotionsgeladener, befreiender und sehr gro\u00dfer, wichtige Moment f\u00fcr jeden. Die Person verbindet sich mit Seinem\u00a0Inneren Selbst.<\/p>\n<p>&nbsp;<\/p>\n<p>Sie werden sich jetzt sicher fragen was man sonst noch alles mit der Humanistischen bearbeiten kann. Fast alles\u00a0!<\/p>\n<p>Wir bearbeiten jegliche Wunden, Traumata, schmerzhafte Erlebnisse, \u00c4ngste, Phobien, Allergien, Trauerarbeit, Abh\u00e4ngigkeiten von unter anderem Arzneimittel, Zigaretten oder Drogen, ebenso wie wir Tr\u00e4ume verstehen und bearbeiten, Paararbeit sch\u00f6n und erfolgreich durchleben, unser inneres verletztes Kind umsorgen und somit eine tiefere Lebensfreude und Energie erlangen. Wir arbeiten erfolgreich mit Kinder, Jugendlichen, \u00e4lteren und kranken Leuten ebenso wie mit Paaren, in Firmen oder Institutionen.<\/p>\n<p>&nbsp;<\/p>\n<p>Falls Sie auch \u00fcberzeugt sind \u00fcber die Richigkeit dieser Vorgehensweise, lade ich Sie herzlich ein<\/p>\n<ul>\n<li>diese Momente f\u00fcr Ihr Eigenbedarf zu nutzen<\/li>\n<li>die Ausbildung zum Humanistischen Hypnotherapeuten abzuschlie\u00dfen,\u00a0um diese Art und Weise zum Wohle Ihrer Liebsten und jedes Menschen welchem Sie auf Ihrem Weg begegnen werden.<\/li>\n<\/ul>\n<p>&nbsp;<\/p>\n<p>&nbsp;<\/p>\n<p><strong><em>Ich lade Sie ein aus ihrem Leben Ihr Meisterwerk zu machen<\/em><\/strong>.<\/p>\n<p><strong><em>Ich freue mich darauf \u00a0Sie einen Teil Ihres Weges begleiten zu d\u00fcrfen.<\/em><\/strong><\/p>\n<p>Judith<\/p>\n","protected":false},"excerpt":{"rendered":"<p>Hallo und herzlich willkommen im Luxemburgischen Institut f\u00fcr Humanistische Hypnose. Um Ihnen diese neue Form der Hypnose besser er\u00f6rtern zu k\u00f6nnen, m\u00f6chte [&hellip;]<\/p>\n","protected":false},"author":1,"featured_media":0,"parent":0,"menu_order":0,"comment_status":"closed","ping_status":"closed","template":"","meta":{"ngg_post_thumbnail":0,"footnotes":""},"class_list":["post-628","page","type-page","status-publish","hentry"],"yoast_head":"<!-- This site is optimized with the Yoast SEO plugin v27.4 - https:\/\/yoast.com\/product\/yoast-seo-wordpress\/ -->\n<title>Was Bedeutet Die Humanistische Hypnose\u00a0? - ILHH<\/title>\n<meta name=\"robots\" content=\"index, follow, max-snippet:-1, max-image-preview:large, max-video-preview:-1\" \/>\n<link rel=\"canonical\" href=\"https:\/\/www.ilhh.lu\/?page_id=628\" \/>\n<meta property=\"og:locale\" content=\"fr_FR\" \/>\n<meta property=\"og:type\" content=\"article\" \/>\n<meta property=\"og:title\" content=\"Was Bedeutet Die Humanistische Hypnose\u00a0? - ILHH\" \/>\n<meta property=\"og:description\" content=\"Hallo und herzlich willkommen im Luxemburgischen Institut f\u00fcr Humanistische Hypnose. Um Ihnen diese neue Form der Hypnose besser er\u00f6rtern zu k\u00f6nnen, m\u00f6chte [&hellip;]\" \/>\n<meta property=\"og:url\" content=\"https:\/\/www.ilhh.lu\/?page_id=628\" \/>\n<meta property=\"og:site_name\" content=\"ILHH\" \/>\n<meta property=\"article:publisher\" content=\"http:\/\/www.fb.com\/ILHH\" \/>\n<meta property=\"article:modified_time\" content=\"2016-06-27T19:45:59+00:00\" \/>\n<meta property=\"og:image\" content=\"https:\/\/www.ilhh.lu\/wp-content\/uploads\/2016\/06\/ILHH_-5-1-201x300.png\" \/>\n<meta name=\"twitter:card\" content=\"summary_large_image\" \/>\n<meta name=\"twitter:site\" content=\"@ilhh_lu\" \/>\n<meta name=\"twitter:label1\" content=\"Dur\u00e9e de lecture estim\u00e9e\" \/>\n\t<meta name=\"twitter:data1\" content=\"10 minutes\" \/>\n<script type=\"application\/ld+json\" class=\"yoast-schema-graph\">{\"@context\":\"https:\\\/\\\/schema.org\",\"@graph\":[{\"@type\":\"WebPage\",\"@id\":\"https:\\\/\\\/www.ilhh.lu\\\/?page_id=628\",\"url\":\"https:\\\/\\\/www.ilhh.lu\\\/?page_id=628\",\"name\":\"Was Bedeutet Die Humanistische Hypnose\u00a0? - ILHH\",\"isPartOf\":{\"@id\":\"https:\\\/\\\/www.ilhh.lu\\\/#website\"},\"primaryImageOfPage\":{\"@id\":\"https:\\\/\\\/www.ilhh.lu\\\/?page_id=628#primaryimage\"},\"image\":{\"@id\":\"https:\\\/\\\/www.ilhh.lu\\\/?page_id=628#primaryimage\"},\"thumbnailUrl\":\"https:\\\/\\\/www.ilhh.lu\\\/wp-content\\\/uploads\\\/2016\\\/06\\\/ILHH_-5-1-201x300.png\",\"datePublished\":\"2016-06-27T18:52:13+00:00\",\"dateModified\":\"2016-06-27T19:45:59+00:00\",\"breadcrumb\":{\"@id\":\"https:\\\/\\\/www.ilhh.lu\\\/?page_id=628#breadcrumb\"},\"inLanguage\":\"fr-FR\",\"potentialAction\":[{\"@type\":\"ReadAction\",\"target\":[\"https:\\\/\\\/www.ilhh.lu\\\/?page_id=628\"]}]},{\"@type\":\"ImageObject\",\"inLanguage\":\"fr-FR\",\"@id\":\"https:\\\/\\\/www.ilhh.lu\\\/?page_id=628#primaryimage\",\"url\":\"https:\\\/\\\/www.ilhh.lu\\\/wp-content\\\/uploads\\\/2016\\\/06\\\/ILHH_-5-1.png\",\"contentUrl\":\"https:\\\/\\\/www.ilhh.lu\\\/wp-content\\\/uploads\\\/2016\\\/06\\\/ILHH_-5-1.png\",\"width\":429,\"height\":640},{\"@type\":\"BreadcrumbList\",\"@id\":\"https:\\\/\\\/www.ilhh.lu\\\/?page_id=628#breadcrumb\",\"itemListElement\":[{\"@type\":\"ListItem\",\"position\":1,\"name\":\"Accueil\",\"item\":\"https:\\\/\\\/www.ilhh.lu\\\/\"},{\"@type\":\"ListItem\",\"position\":2,\"name\":\"Was Bedeutet Die Humanistische Hypnose\u00a0?\"}]},{\"@type\":\"WebSite\",\"@id\":\"https:\\\/\\\/www.ilhh.lu\\\/#website\",\"url\":\"https:\\\/\\\/www.ilhh.lu\\\/\",\"name\":\"ILHH\",\"description\":\"the symbolic work\",\"publisher\":{\"@id\":\"https:\\\/\\\/www.ilhh.lu\\\/#organization\"},\"potentialAction\":[{\"@type\":\"SearchAction\",\"target\":{\"@type\":\"EntryPoint\",\"urlTemplate\":\"https:\\\/\\\/www.ilhh.lu\\\/?s={search_term_string}\"},\"query-input\":{\"@type\":\"PropertyValueSpecification\",\"valueRequired\":true,\"valueName\":\"search_term_string\"}}],\"inLanguage\":\"fr-FR\"},{\"@type\":\"Organization\",\"@id\":\"https:\\\/\\\/www.ilhh.lu\\\/#organization\",\"name\":\"Institut Luxembourgeois d'Hypnose Humaniste\",\"url\":\"https:\\\/\\\/www.ilhh.lu\\\/\",\"logo\":{\"@type\":\"ImageObject\",\"inLanguage\":\"fr-FR\",\"@id\":\"https:\\\/\\\/www.ilhh.lu\\\/#\\\/schema\\\/logo\\\/image\\\/\",\"url\":\"https:\\\/\\\/www.ilhh.lu\\\/wp-content\\\/uploads\\\/2016\\\/05\\\/Logo-ILHH-v1.0.png\",\"contentUrl\":\"https:\\\/\\\/www.ilhh.lu\\\/wp-content\\\/uploads\\\/2016\\\/05\\\/Logo-ILHH-v1.0.png\",\"width\":818,\"height\":953,\"caption\":\"Institut Luxembourgeois d'Hypnose Humaniste\"},\"image\":{\"@id\":\"https:\\\/\\\/www.ilhh.lu\\\/#\\\/schema\\\/logo\\\/image\\\/\"},\"sameAs\":[\"http:\\\/\\\/www.fb.com\\\/ILHH\",\"https:\\\/\\\/x.com\\\/ilhh_lu\"]}]}<\/script>\n<!-- \/ Yoast SEO plugin. -->","yoast_head_json":{"title":"Was Bedeutet Die Humanistische Hypnose\u00a0? - ILHH","robots":{"index":"index","follow":"follow","max-snippet":"max-snippet:-1","max-image-preview":"max-image-preview:large","max-video-preview":"max-video-preview:-1"},"canonical":"https:\/\/www.ilhh.lu\/?page_id=628","og_locale":"fr_FR","og_type":"article","og_title":"Was Bedeutet Die Humanistische Hypnose\u00a0? - ILHH","og_description":"Hallo und herzlich willkommen im Luxemburgischen Institut f\u00fcr Humanistische Hypnose. Um Ihnen diese neue Form der Hypnose besser er\u00f6rtern zu k\u00f6nnen, m\u00f6chte [&hellip;]","og_url":"https:\/\/www.ilhh.lu\/?page_id=628","og_site_name":"ILHH","article_publisher":"http:\/\/www.fb.com\/ILHH","article_modified_time":"2016-06-27T19:45:59+00:00","og_image":[{"url":"https:\/\/www.ilhh.lu\/wp-content\/uploads\/2016\/06\/ILHH_-5-1-201x300.png","type":"","width":"","height":""}],"twitter_card":"summary_large_image","twitter_site":"@ilhh_lu","twitter_misc":{"Dur\u00e9e de lecture estim\u00e9e":"10 minutes"},"schema":{"@context":"https:\/\/schema.org","@graph":[{"@type":"WebPage","@id":"https:\/\/www.ilhh.lu\/?page_id=628","url":"https:\/\/www.ilhh.lu\/?page_id=628","name":"Was Bedeutet Die Humanistische Hypnose\u00a0? - ILHH","isPartOf":{"@id":"https:\/\/www.ilhh.lu\/#website"},"primaryImageOfPage":{"@id":"https:\/\/www.ilhh.lu\/?page_id=628#primaryimage"},"image":{"@id":"https:\/\/www.ilhh.lu\/?page_id=628#primaryimage"},"thumbnailUrl":"https:\/\/www.ilhh.lu\/wp-content\/uploads\/2016\/06\/ILHH_-5-1-201x300.png","datePublished":"2016-06-27T18:52:13+00:00","dateModified":"2016-06-27T19:45:59+00:00","breadcrumb":{"@id":"https:\/\/www.ilhh.lu\/?page_id=628#breadcrumb"},"inLanguage":"fr-FR","potentialAction":[{"@type":"ReadAction","target":["https:\/\/www.ilhh.lu\/?page_id=628"]}]},{"@type":"ImageObject","inLanguage":"fr-FR","@id":"https:\/\/www.ilhh.lu\/?page_id=628#primaryimage","url":"https:\/\/www.ilhh.lu\/wp-content\/uploads\/2016\/06\/ILHH_-5-1.png","contentUrl":"https:\/\/www.ilhh.lu\/wp-content\/uploads\/2016\/06\/ILHH_-5-1.png","width":429,"height":640},{"@type":"BreadcrumbList","@id":"https:\/\/www.ilhh.lu\/?page_id=628#breadcrumb","itemListElement":[{"@type":"ListItem","position":1,"name":"Accueil","item":"https:\/\/www.ilhh.lu\/"},{"@type":"ListItem","position":2,"name":"Was Bedeutet Die Humanistische Hypnose\u00a0?"}]},{"@type":"WebSite","@id":"https:\/\/www.ilhh.lu\/#website","url":"https:\/\/www.ilhh.lu\/","name":"ILHH","description":"the symbolic work","publisher":{"@id":"https:\/\/www.ilhh.lu\/#organization"},"potentialAction":[{"@type":"SearchAction","target":{"@type":"EntryPoint","urlTemplate":"https:\/\/www.ilhh.lu\/?s={search_term_string}"},"query-input":{"@type":"PropertyValueSpecification","valueRequired":true,"valueName":"search_term_string"}}],"inLanguage":"fr-FR"},{"@type":"Organization","@id":"https:\/\/www.ilhh.lu\/#organization","name":"Institut Luxembourgeois d'Hypnose Humaniste","url":"https:\/\/www.ilhh.lu\/","logo":{"@type":"ImageObject","inLanguage":"fr-FR","@id":"https:\/\/www.ilhh.lu\/#\/schema\/logo\/image\/","url":"https:\/\/www.ilhh.lu\/wp-content\/uploads\/2016\/05\/Logo-ILHH-v1.0.png","contentUrl":"https:\/\/www.ilhh.lu\/wp-content\/uploads\/2016\/05\/Logo-ILHH-v1.0.png","width":818,"height":953,"caption":"Institut Luxembourgeois d'Hypnose Humaniste"},"image":{"@id":"https:\/\/www.ilhh.lu\/#\/schema\/logo\/image\/"},"sameAs":["http:\/\/www.fb.com\/ILHH","https:\/\/x.com\/ilhh_lu"]}]}},"jetpack_sharing_enabled":true,"_links":{"self":[{"href":"https:\/\/www.ilhh.lu\/index.php?rest_route=\/wp\/v2\/pages\/628","targetHints":{"allow":["GET"]}}],"collection":[{"href":"https:\/\/www.ilhh.lu\/index.php?rest_route=\/wp\/v2\/pages"}],"about":[{"href":"https:\/\/www.ilhh.lu\/index.php?rest_route=\/wp\/v2\/types\/page"}],"author":[{"embeddable":true,"href":"https:\/\/www.ilhh.lu\/index.php?rest_route=\/wp\/v2\/users\/1"}],"replies":[{"embeddable":true,"href":"https:\/\/www.ilhh.lu\/index.php?rest_route=%2Fwp%2Fv2%2Fcomments&post=628"}],"version-history":[{"count":5,"href":"https:\/\/www.ilhh.lu\/index.php?rest_route=\/wp\/v2\/pages\/628\/revisions"}],"predecessor-version":[{"id":638,"href":"https:\/\/www.ilhh.lu\/index.php?rest_route=\/wp\/v2\/pages\/628\/revisions\/638"}],"wp:attachment":[{"href":"https:\/\/www.ilhh.lu\/index.php?rest_route=%2Fwp%2Fv2%2Fmedia&parent=628"}],"curies":[{"name":"wp","href":"https:\/\/api.w.org\/{rel}","templated":true}]}}