{"id":694,"date":"2016-06-20T08:18:25","date_gmt":"2016-06-20T06:18:25","guid":{"rendered":"https:\/\/www.ilhh.lu\/?page_id=694"},"modified":"2025-02-18T11:53:46","modified_gmt":"2025-02-18T10:53:46","slug":"ausbildungs-seminare-2017","status":"publish","type":"page","link":"https:\/\/www.ilhh.lu\/?page_id=694","title":{"rendered":"Ausbildungs-Seminare"},"content":{"rendered":"<div class=\"column\">\n<p><strong>&nbsp;<\/strong><\/p>\n<h2 style=\"text-align: center;\">Daten der Ausbildung in Deutsch\/Luxemburgisch<\/h2>\n<p style=\"padding-left: 30px;\"><strong>Die Kurse finden am Wochenende statt zu folgenden Zeiten 9-12 13-17 Uhr.<br \/>\n<\/strong><\/p>\n<p style=\"padding-left: 30px;\"><strong>Snacks, Kaffee, Tee, Saft, Wasser, Ordner und Kurse stehen f\u00fcr Sie bereit<\/strong><\/p>\n<p style=\"padding-left: 30px;\"><strong>&#8211;&gt; STRASSEN HH Humanistische spirituelle Hypnose SEMINAR 2025-2026<\/strong><\/p>\n<p>Der Kurs besteht aus 4 grossen Teilen :<\/p>\n<\/div>\n<p style=\"padding-left: 30px;\">&nbsp; HH Basiswissen<br \/>\n&nbsp; HH1 (Tiefgreifende Techniken)<br \/>\n&nbsp; FST (Fortgeschrittene symbolische Therapie)<br \/>\n&nbsp; HH2 (Fortgeschrittene Techniken)<\/p>\n<p><strong>Schlussexamen<\/strong> April 2026<strong><br \/>\n<\/strong><\/p>\n<p><strong>&nbsp;&nbsp;&nbsp;&nbsp;&nbsp;&nbsp; &#8211;&gt; Humanistische Hypnose Ausbildung \u00fcber ein Jahr verteilt<\/strong><\/p>\n<p>WK1&nbsp;&nbsp;&nbsp; : 10 + 11 Mai 2025<br \/>\nWK2&nbsp;&nbsp; : 14 + 15 Juni 2025<br \/>\nWK3&nbsp;&nbsp; : 05 + 06 Juli 2025<br \/>\nWK4&nbsp;&nbsp; : 27 + 28 Sept. 2025<br \/>\nWK5&nbsp;&nbsp; : 11 + 12 Okt. 2025<br \/>\nWK6 &nbsp; : 15 + 16 Nov. 2025<br \/>\nWK7&nbsp;&nbsp; : 13 + 14 Dez. 2025<\/p>\n<p>WK8&nbsp;&nbsp; : 24 + 25 Jan. 2026<br \/>\nWK9&nbsp;&nbsp; : 28.02 + 01.03 2026<br \/>\nWK10 : 21 + 22 M\u00e4rz 2026<\/p>\n<p><strong>&nbsp;&nbsp;&nbsp;&nbsp;&nbsp;&nbsp; Schlussexamen am 19.04.2026 von 9:00 bis 17:00 Uhr<br \/>\n<\/strong><\/p>\n<p>&nbsp;&nbsp;&nbsp;&nbsp;&nbsp;&nbsp; Keine Vorkenntnisse. Hier geht&rsquo;s zu den <a href=\"https:\/\/www.ilhh.lu\/de\/downloads-2\/\">Einschreibeformularen<\/a> !<br \/>\n&nbsp;&nbsp;&nbsp;&nbsp;<\/p>\n<p><strong>&#8211;&gt; SPEZIALISIERUNG STAMMBAUMLEHRE &#8211; GENOSOCIOGRAMM &#8211;&nbsp; Zellged\u00e4chtnis<br \/>\n<\/strong>&nbsp;&nbsp;<\/p>\n<p>&nbsp;&nbsp;&nbsp;&nbsp;&nbsp;&nbsp; Keine Vorkenntnisse. Pers\u00f6nliche Arbeit an sich und am eigenen Stammbaum.<br \/>\n&nbsp;&nbsp;&nbsp;&nbsp;&nbsp;&nbsp;<\/p>\n<p><strong>&#8211;&gt; Seminar Trauer &#8211; Begleitung des Sterbenden &#8211; Leben zwischen den Leben<\/strong><br \/>\n&nbsp;&nbsp;&nbsp;&nbsp;&nbsp;&nbsp;&nbsp;&nbsp;&nbsp; 3 Tage : 20, 21, 22ten Juni 2025 von 9:00 bis 17:00 Uhr.<\/p>\n<p><em>Vorauskenntnisse<\/em> : Die Ausbildung des Praktitionners in Humanistischer Hypnose bestanden zu haben, denn dies sind weiterf\u00fchrende Techniken.<br \/>\nSie werden lernen, die Technik der Trauerarbeit an die verschiedensten und schwierigsten Situationen anzupassen und wie wir mit bekannten Techniken einen geliebten Menschen liebevoll begleiten k\u00f6nnen.<br \/>\nAm <strong>2ten Tag<\/strong> des Seminars lernen und \u00fcben wir die aussergew\u00f6hnliche Technik mit welcher wir Personen begleiten k\u00f6nnen welche nicht mehr ansprechbar, zu schwach sind, im Koma liegen oder nicht mehr eigenst\u00e4ndig arbeiten k\u00f6nnen. Diese Aktionen sind direkt am Menschen wahr zu nehmen. Entspannung und Befreiung ist Eure sch\u00f6nste Antwort.<br \/>\nAm <strong>3ten Tag<\/strong> erleben Sie das Leben zwischen den Leben. Diese Erfahrung erm\u00f6glicht Ihnen, den Tod ganz anders wahrzunehmen als wir es gewohnt sind. Sobald keine Angst mehr vor dem Tod besteht, kann das Leben in vollen Z\u00fcgen genossen werden.<\/p>\n<p>Aussergew\u00f6hnliche Erlebnisse, Lehren, im gr\u00f6ssten Respekt gegen\u00fcber jedem Menschen und von unbeschreiblicher Sch\u00f6nheit wartet auf Sie.<\/p>\n<p>Kosten : 522 \u20ac TTC<\/p>\n<p>&nbsp;<\/p>\n","protected":false},"excerpt":{"rendered":"<p>&nbsp; Daten der Ausbildung in Deutsch\/Luxemburgisch Die Kurse finden am Wochenende statt zu folgenden Zeiten 9-12 13-17 Uhr. Snacks, Kaffee, Tee, Saft, [&hellip;]<\/p>\n","protected":false},"author":1,"featured_media":0,"parent":0,"menu_order":0,"comment_status":"closed","ping_status":"closed","template":"page-templates\/page_fullwidth.php","meta":{"ngg_post_thumbnail":0,"footnotes":""},"class_list":["post-694","page","type-page","status-publish","hentry"],"yoast_head":"<!-- This site is optimized with the Yoast SEO plugin v27.4 - https:\/\/yoast.com\/product\/yoast-seo-wordpress\/ -->\n<title>Seminare 2025-2026 in deutscher Sprache<\/title>\n<meta name=\"description\" content=\"Diese Ausbildung erm\u00f6glicht Ihnen die Kompetenz das ganzheitliche Verst\u00e4ndnis des Menschen zu erlangen, von dem was sein Unwohlsein ausgel\u00f6st hat, sein Zellged\u00e4chtnis, die Epig\u00e9n\u00e9tik und ihr erlernt das g\u00f6ttliche Werkzeug das wir ben\u00f6tigen um ihn zu befreien, die Humanistischen Hypnose, einzige bewusste Hypnose welche auf der Ebene des h\u00f6heren Bewusstseins arbeitet, ohne Nebenwirkungen jedoch alle Vorteile.\" \/>\n<meta name=\"robots\" content=\"index, follow, max-snippet:-1, max-image-preview:large, max-video-preview:-1\" \/>\n<link rel=\"canonical\" href=\"https:\/\/www.ilhh.lu\/?page_id=694\" \/>\n<meta property=\"og:locale\" content=\"fr_FR\" \/>\n<meta property=\"og:type\" content=\"article\" \/>\n<meta property=\"og:title\" content=\"Seminare 2025-2026 in deutscher Sprache\" \/>\n<meta property=\"og:description\" content=\"Diese Ausbildung erm\u00f6glicht Ihnen die Kompetenz das ganzheitliche Verst\u00e4ndnis des Menschen zu erlangen, von dem was sein Unwohlsein ausgel\u00f6st hat, sein Zellged\u00e4chtnis, die Epig\u00e9n\u00e9tik und ihr erlernt das g\u00f6ttliche Werkzeug das wir ben\u00f6tigen um ihn zu befreien, die Humanistischen Hypnose, einzige bewusste Hypnose welche auf der Ebene des h\u00f6heren Bewusstseins arbeitet, ohne Nebenwirkungen jedoch alle Vorteile.\" \/>\n<meta property=\"og:url\" content=\"https:\/\/www.ilhh.lu\/?page_id=694\" \/>\n<meta property=\"og:site_name\" content=\"ILHH\" \/>\n<meta property=\"article:publisher\" content=\"http:\/\/www.fb.com\/ILHH\" \/>\n<meta property=\"article:modified_time\" content=\"2025-02-18T10:53:46+00:00\" \/>\n<meta name=\"twitter:card\" content=\"summary_large_image\" \/>\n<meta name=\"twitter:site\" content=\"@ilhh_lu\" \/>\n<meta name=\"twitter:label1\" content=\"Dur\u00e9e de lecture estim\u00e9e\" \/>\n\t<meta name=\"twitter:data1\" content=\"2 minutes\" \/>\n<script type=\"application\/ld+json\" class=\"yoast-schema-graph\">{\"@context\":\"https:\\\/\\\/schema.org\",\"@graph\":[{\"@type\":\"WebPage\",\"@id\":\"https:\\\/\\\/www.ilhh.lu\\\/?page_id=694\",\"url\":\"https:\\\/\\\/www.ilhh.lu\\\/?page_id=694\",\"name\":\"Seminare 2025-2026 in deutscher Sprache\",\"isPartOf\":{\"@id\":\"https:\\\/\\\/www.ilhh.lu\\\/#website\"},\"datePublished\":\"2016-06-20T06:18:25+00:00\",\"dateModified\":\"2025-02-18T10:53:46+00:00\",\"description\":\"Diese Ausbildung erm\u00f6glicht Ihnen die Kompetenz das ganzheitliche Verst\u00e4ndnis des Menschen zu erlangen, von dem was sein Unwohlsein ausgel\u00f6st hat, sein Zellged\u00e4chtnis, die Epig\u00e9n\u00e9tik und ihr erlernt das g\u00f6ttliche Werkzeug das wir ben\u00f6tigen um ihn zu befreien, die Humanistischen Hypnose, einzige bewusste Hypnose welche auf der Ebene des h\u00f6heren Bewusstseins arbeitet, ohne Nebenwirkungen jedoch alle Vorteile.\",\"breadcrumb\":{\"@id\":\"https:\\\/\\\/www.ilhh.lu\\\/?page_id=694#breadcrumb\"},\"inLanguage\":\"fr-FR\",\"potentialAction\":[{\"@type\":\"ReadAction\",\"target\":[\"https:\\\/\\\/www.ilhh.lu\\\/?page_id=694\"]}]},{\"@type\":\"BreadcrumbList\",\"@id\":\"https:\\\/\\\/www.ilhh.lu\\\/?page_id=694#breadcrumb\",\"itemListElement\":[{\"@type\":\"ListItem\",\"position\":1,\"name\":\"Accueil\",\"item\":\"https:\\\/\\\/www.ilhh.lu\\\/\"},{\"@type\":\"ListItem\",\"position\":2,\"name\":\"Ausbildungs-Seminare\"}]},{\"@type\":\"WebSite\",\"@id\":\"https:\\\/\\\/www.ilhh.lu\\\/#website\",\"url\":\"https:\\\/\\\/www.ilhh.lu\\\/\",\"name\":\"ILHH\",\"description\":\"the symbolic work\",\"publisher\":{\"@id\":\"https:\\\/\\\/www.ilhh.lu\\\/#organization\"},\"potentialAction\":[{\"@type\":\"SearchAction\",\"target\":{\"@type\":\"EntryPoint\",\"urlTemplate\":\"https:\\\/\\\/www.ilhh.lu\\\/?s={search_term_string}\"},\"query-input\":{\"@type\":\"PropertyValueSpecification\",\"valueRequired\":true,\"valueName\":\"search_term_string\"}}],\"inLanguage\":\"fr-FR\"},{\"@type\":\"Organization\",\"@id\":\"https:\\\/\\\/www.ilhh.lu\\\/#organization\",\"name\":\"Institut Luxembourgeois d'Hypnose Humaniste\",\"url\":\"https:\\\/\\\/www.ilhh.lu\\\/\",\"logo\":{\"@type\":\"ImageObject\",\"inLanguage\":\"fr-FR\",\"@id\":\"https:\\\/\\\/www.ilhh.lu\\\/#\\\/schema\\\/logo\\\/image\\\/\",\"url\":\"https:\\\/\\\/www.ilhh.lu\\\/wp-content\\\/uploads\\\/2016\\\/05\\\/Logo-ILHH-v1.0.png\",\"contentUrl\":\"https:\\\/\\\/www.ilhh.lu\\\/wp-content\\\/uploads\\\/2016\\\/05\\\/Logo-ILHH-v1.0.png\",\"width\":818,\"height\":953,\"caption\":\"Institut Luxembourgeois d'Hypnose Humaniste\"},\"image\":{\"@id\":\"https:\\\/\\\/www.ilhh.lu\\\/#\\\/schema\\\/logo\\\/image\\\/\"},\"sameAs\":[\"http:\\\/\\\/www.fb.com\\\/ILHH\",\"https:\\\/\\\/x.com\\\/ilhh_lu\"]}]}<\/script>\n<!-- \/ Yoast SEO plugin. -->","yoast_head_json":{"title":"Seminare 2025-2026 in deutscher Sprache","description":"Diese Ausbildung erm\u00f6glicht Ihnen die Kompetenz das ganzheitliche Verst\u00e4ndnis des Menschen zu erlangen, von dem was sein Unwohlsein ausgel\u00f6st hat, sein Zellged\u00e4chtnis, die Epig\u00e9n\u00e9tik und ihr erlernt das g\u00f6ttliche Werkzeug das wir ben\u00f6tigen um ihn zu befreien, die Humanistischen Hypnose, einzige bewusste Hypnose welche auf der Ebene des h\u00f6heren Bewusstseins arbeitet, ohne Nebenwirkungen jedoch alle Vorteile.","robots":{"index":"index","follow":"follow","max-snippet":"max-snippet:-1","max-image-preview":"max-image-preview:large","max-video-preview":"max-video-preview:-1"},"canonical":"https:\/\/www.ilhh.lu\/?page_id=694","og_locale":"fr_FR","og_type":"article","og_title":"Seminare 2025-2026 in deutscher Sprache","og_description":"Diese Ausbildung erm\u00f6glicht Ihnen die Kompetenz das ganzheitliche Verst\u00e4ndnis des Menschen zu erlangen, von dem was sein Unwohlsein ausgel\u00f6st hat, sein Zellged\u00e4chtnis, die Epig\u00e9n\u00e9tik und ihr erlernt das g\u00f6ttliche Werkzeug das wir ben\u00f6tigen um ihn zu befreien, die Humanistischen Hypnose, einzige bewusste Hypnose welche auf der Ebene des h\u00f6heren Bewusstseins arbeitet, ohne Nebenwirkungen jedoch alle Vorteile.","og_url":"https:\/\/www.ilhh.lu\/?page_id=694","og_site_name":"ILHH","article_publisher":"http:\/\/www.fb.com\/ILHH","article_modified_time":"2025-02-18T10:53:46+00:00","twitter_card":"summary_large_image","twitter_site":"@ilhh_lu","twitter_misc":{"Dur\u00e9e de lecture estim\u00e9e":"2 minutes"},"schema":{"@context":"https:\/\/schema.org","@graph":[{"@type":"WebPage","@id":"https:\/\/www.ilhh.lu\/?page_id=694","url":"https:\/\/www.ilhh.lu\/?page_id=694","name":"Seminare 2025-2026 in deutscher Sprache","isPartOf":{"@id":"https:\/\/www.ilhh.lu\/#website"},"datePublished":"2016-06-20T06:18:25+00:00","dateModified":"2025-02-18T10:53:46+00:00","description":"Diese Ausbildung erm\u00f6glicht Ihnen die Kompetenz das ganzheitliche Verst\u00e4ndnis des Menschen zu erlangen, von dem was sein Unwohlsein ausgel\u00f6st hat, sein Zellged\u00e4chtnis, die Epig\u00e9n\u00e9tik und ihr erlernt das g\u00f6ttliche Werkzeug das wir ben\u00f6tigen um ihn zu befreien, die Humanistischen Hypnose, einzige bewusste Hypnose welche auf der Ebene des h\u00f6heren Bewusstseins arbeitet, ohne Nebenwirkungen jedoch alle Vorteile.","breadcrumb":{"@id":"https:\/\/www.ilhh.lu\/?page_id=694#breadcrumb"},"inLanguage":"fr-FR","potentialAction":[{"@type":"ReadAction","target":["https:\/\/www.ilhh.lu\/?page_id=694"]}]},{"@type":"BreadcrumbList","@id":"https:\/\/www.ilhh.lu\/?page_id=694#breadcrumb","itemListElement":[{"@type":"ListItem","position":1,"name":"Accueil","item":"https:\/\/www.ilhh.lu\/"},{"@type":"ListItem","position":2,"name":"Ausbildungs-Seminare"}]},{"@type":"WebSite","@id":"https:\/\/www.ilhh.lu\/#website","url":"https:\/\/www.ilhh.lu\/","name":"ILHH","description":"the symbolic work","publisher":{"@id":"https:\/\/www.ilhh.lu\/#organization"},"potentialAction":[{"@type":"SearchAction","target":{"@type":"EntryPoint","urlTemplate":"https:\/\/www.ilhh.lu\/?s={search_term_string}"},"query-input":{"@type":"PropertyValueSpecification","valueRequired":true,"valueName":"search_term_string"}}],"inLanguage":"fr-FR"},{"@type":"Organization","@id":"https:\/\/www.ilhh.lu\/#organization","name":"Institut Luxembourgeois d'Hypnose Humaniste","url":"https:\/\/www.ilhh.lu\/","logo":{"@type":"ImageObject","inLanguage":"fr-FR","@id":"https:\/\/www.ilhh.lu\/#\/schema\/logo\/image\/","url":"https:\/\/www.ilhh.lu\/wp-content\/uploads\/2016\/05\/Logo-ILHH-v1.0.png","contentUrl":"https:\/\/www.ilhh.lu\/wp-content\/uploads\/2016\/05\/Logo-ILHH-v1.0.png","width":818,"height":953,"caption":"Institut Luxembourgeois d'Hypnose Humaniste"},"image":{"@id":"https:\/\/www.ilhh.lu\/#\/schema\/logo\/image\/"},"sameAs":["http:\/\/www.fb.com\/ILHH","https:\/\/x.com\/ilhh_lu"]}]}},"jetpack_sharing_enabled":true,"_links":{"self":[{"href":"https:\/\/www.ilhh.lu\/index.php?rest_route=\/wp\/v2\/pages\/694","targetHints":{"allow":["GET"]}}],"collection":[{"href":"https:\/\/www.ilhh.lu\/index.php?rest_route=\/wp\/v2\/pages"}],"about":[{"href":"https:\/\/www.ilhh.lu\/index.php?rest_route=\/wp\/v2\/types\/page"}],"author":[{"embeddable":true,"href":"https:\/\/www.ilhh.lu\/index.php?rest_route=\/wp\/v2\/users\/1"}],"replies":[{"embeddable":true,"href":"https:\/\/www.ilhh.lu\/index.php?rest_route=%2Fwp%2Fv2%2Fcomments&post=694"}],"version-history":[{"count":26,"href":"https:\/\/www.ilhh.lu\/index.php?rest_route=\/wp\/v2\/pages\/694\/revisions"}],"predecessor-version":[{"id":1784,"href":"https:\/\/www.ilhh.lu\/index.php?rest_route=\/wp\/v2\/pages\/694\/revisions\/1784"}],"wp:attachment":[{"href":"https:\/\/www.ilhh.lu\/index.php?rest_route=%2Fwp%2Fv2%2Fmedia&parent=694"}],"curies":[{"name":"wp","href":"https:\/\/api.w.org\/{rel}","templated":true}]}}