{"id":774,"date":"2016-06-19T17:03:27","date_gmt":"2016-06-19T15:03:27","guid":{"rendered":"https:\/\/www.ilhh.lu\/?page_id=774"},"modified":"2019-11-26T10:05:33","modified_gmt":"2019-11-26T09:05:33","slug":"termine","status":"publish","type":"page","link":"https:\/\/www.ilhh.lu\/?page_id=774","title":{"rendered":"30.11.2020 Informations Sitzung im ILHH Strassen um 15:00 Uhr"},"content":{"rendered":"<div id=\"pl-774\"  class=\"panel-layout\" ><div id=\"pg-774-0\"  class=\"panel-grid panel-has-style\" ><div style=\"padding: 100px 0; \" data-overlay=\"true\" class=\"panel-row-style panel-row-style-for-774-0\" ><div id=\"pgc-774-0-0\"  class=\"panel-grid-cell\" ><div id=\"panel-774-0-0-0\" class=\"so-panel widget widget_black-studio-tinymce widget_black_studio_tinymce panel-first-child\" data-index=\"0\" ><div style=\"text-align: left;\" data-title-color=\"#443f3f\" data-headings-color=\"#443f3f\" class=\"panel-widget-style panel-widget-style-for-774-0-0-0\" ><div class=\"textwidget\"><p>Voici un aper\u00e7u sur les prochains \u00e9v\u00e9nements \u00e0 venir. Veuillez cliquer sur les \u00e9v\u00e9nements respectifs pour obtenir de plus amples informations.<\/p>\n<\/div><\/div><\/div><div id=\"panel-774-0-0-1\" class=\"so-panel widget panel-last-child\" data-index=\"1\" ><div style=\"text-align: left;\" data-title-color=\"#443f3f\" data-headings-color=\"#443f3f\" class=\"panel-widget-style panel-widget-style-for-774-0-0-1\" ><\/div><\/div><\/div><\/div><\/div><\/div>","protected":false},"excerpt":{"rendered":"<p>Voici un aper\u00e7u sur les prochains \u00e9v\u00e9nements \u00e0 venir. Veuillez cliquer sur les \u00e9v\u00e9nements respectifs pour obtenir de plus amples informations.<\/p>\n","protected":false},"author":1,"featured_media":0,"parent":0,"menu_order":0,"comment_status":"closed","ping_status":"closed","template":"","meta":{"ngg_post_thumbnail":0,"footnotes":""},"class_list":["post-774","page","type-page","status-publish","hentry"],"yoast_head":"<!-- This site is optimized with the Yoast SEO plugin v27.4 - https:\/\/yoast.com\/product\/yoast-seo-wordpress\/ -->\n<title>30.11.2020 Informations Sitzung im ILHH Strassen um 15:00 Uhr - ILHH<\/title>\n<meta name=\"description\" content=\"Diese Ausbildung erm\u00f6glicht Ihnen die Kompetenz das ganzheitliche Verst\u00e4ndnis des Menschen zu erlangen, von dem was sein Unwohlsein ausgel\u00f6st hat, sein Zellged\u00e4chtnis, die Epig\u00e9n\u00e9tik und ihr erlernt das g\u00f6ttliche Werkzeug das wir ben\u00f6tigen um ihn zu befreien, die Humanistischen Hypnose, einzige bewusste Hypnose welche auf der Ebene des h\u00f6heren Bewusstseins arbeitet, ohne Nebenwirkungen jedoch alle Vorteile.\" \/>\n<meta name=\"robots\" content=\"index, follow, max-snippet:-1, max-image-preview:large, max-video-preview:-1\" \/>\n<link rel=\"canonical\" href=\"https:\/\/www.ilhh.lu\/?page_id=774\" \/>\n<meta property=\"og:locale\" content=\"fr_FR\" \/>\n<meta property=\"og:type\" content=\"article\" \/>\n<meta property=\"og:title\" content=\"30.11.2020 Informations Sitzung im ILHH Strassen um 15:00 Uhr - ILHH\" \/>\n<meta property=\"og:description\" content=\"Diese Ausbildung erm\u00f6glicht Ihnen die Kompetenz das ganzheitliche Verst\u00e4ndnis des Menschen zu erlangen, von dem was sein Unwohlsein ausgel\u00f6st hat, sein Zellged\u00e4chtnis, die Epig\u00e9n\u00e9tik und ihr erlernt das g\u00f6ttliche Werkzeug das wir ben\u00f6tigen um ihn zu befreien, die Humanistischen Hypnose, einzige bewusste Hypnose welche auf der Ebene des h\u00f6heren Bewusstseins arbeitet, ohne Nebenwirkungen jedoch alle Vorteile.\" \/>\n<meta property=\"og:url\" content=\"https:\/\/www.ilhh.lu\/?page_id=774\" \/>\n<meta property=\"og:site_name\" content=\"ILHH\" \/>\n<meta property=\"article:publisher\" content=\"http:\/\/www.fb.com\/ILHH\" \/>\n<meta property=\"article:modified_time\" content=\"2019-11-26T09:05:33+00:00\" \/>\n<meta name=\"twitter:card\" content=\"summary_large_image\" \/>\n<meta name=\"twitter:site\" content=\"@ilhh_lu\" \/>\n<script type=\"application\/ld+json\" class=\"yoast-schema-graph\">{\"@context\":\"https:\\\/\\\/schema.org\",\"@graph\":[{\"@type\":\"WebPage\",\"@id\":\"https:\\\/\\\/www.ilhh.lu\\\/?page_id=774\",\"url\":\"https:\\\/\\\/www.ilhh.lu\\\/?page_id=774\",\"name\":\"30.11.2020 Informations Sitzung im ILHH Strassen um 15:00 Uhr - ILHH\",\"isPartOf\":{\"@id\":\"https:\\\/\\\/www.ilhh.lu\\\/#website\"},\"datePublished\":\"2016-06-19T15:03:27+00:00\",\"dateModified\":\"2019-11-26T09:05:33+00:00\",\"description\":\"Diese Ausbildung erm\u00f6glicht Ihnen die Kompetenz das ganzheitliche Verst\u00e4ndnis des Menschen zu erlangen, von dem was sein Unwohlsein ausgel\u00f6st hat, sein Zellged\u00e4chtnis, die Epig\u00e9n\u00e9tik und ihr erlernt das g\u00f6ttliche Werkzeug das wir ben\u00f6tigen um ihn zu befreien, die Humanistischen Hypnose, einzige bewusste Hypnose welche auf der Ebene des h\u00f6heren Bewusstseins arbeitet, ohne Nebenwirkungen jedoch alle Vorteile.\",\"breadcrumb\":{\"@id\":\"https:\\\/\\\/www.ilhh.lu\\\/?page_id=774#breadcrumb\"},\"inLanguage\":\"fr-FR\",\"potentialAction\":[{\"@type\":\"ReadAction\",\"target\":[\"https:\\\/\\\/www.ilhh.lu\\\/?page_id=774\"]}]},{\"@type\":\"BreadcrumbList\",\"@id\":\"https:\\\/\\\/www.ilhh.lu\\\/?page_id=774#breadcrumb\",\"itemListElement\":[{\"@type\":\"ListItem\",\"position\":1,\"name\":\"Accueil\",\"item\":\"https:\\\/\\\/www.ilhh.lu\\\/\"},{\"@type\":\"ListItem\",\"position\":2,\"name\":\"30.11.2020 Informations Sitzung im ILHH Strassen um 15:00 Uhr\"}]},{\"@type\":\"WebSite\",\"@id\":\"https:\\\/\\\/www.ilhh.lu\\\/#website\",\"url\":\"https:\\\/\\\/www.ilhh.lu\\\/\",\"name\":\"ILHH\",\"description\":\"the symbolic work\",\"publisher\":{\"@id\":\"https:\\\/\\\/www.ilhh.lu\\\/#organization\"},\"potentialAction\":[{\"@type\":\"SearchAction\",\"target\":{\"@type\":\"EntryPoint\",\"urlTemplate\":\"https:\\\/\\\/www.ilhh.lu\\\/?s={search_term_string}\"},\"query-input\":{\"@type\":\"PropertyValueSpecification\",\"valueRequired\":true,\"valueName\":\"search_term_string\"}}],\"inLanguage\":\"fr-FR\"},{\"@type\":\"Organization\",\"@id\":\"https:\\\/\\\/www.ilhh.lu\\\/#organization\",\"name\":\"Institut Luxembourgeois d'Hypnose Humaniste\",\"url\":\"https:\\\/\\\/www.ilhh.lu\\\/\",\"logo\":{\"@type\":\"ImageObject\",\"inLanguage\":\"fr-FR\",\"@id\":\"https:\\\/\\\/www.ilhh.lu\\\/#\\\/schema\\\/logo\\\/image\\\/\",\"url\":\"https:\\\/\\\/www.ilhh.lu\\\/wp-content\\\/uploads\\\/2016\\\/05\\\/Logo-ILHH-v1.0.png\",\"contentUrl\":\"https:\\\/\\\/www.ilhh.lu\\\/wp-content\\\/uploads\\\/2016\\\/05\\\/Logo-ILHH-v1.0.png\",\"width\":818,\"height\":953,\"caption\":\"Institut Luxembourgeois d'Hypnose Humaniste\"},\"image\":{\"@id\":\"https:\\\/\\\/www.ilhh.lu\\\/#\\\/schema\\\/logo\\\/image\\\/\"},\"sameAs\":[\"http:\\\/\\\/www.fb.com\\\/ILHH\",\"https:\\\/\\\/x.com\\\/ilhh_lu\"]}]}<\/script>\n<!-- \/ Yoast SEO plugin. -->","yoast_head_json":{"title":"30.11.2020 Informations Sitzung im ILHH Strassen um 15:00 Uhr - ILHH","description":"Diese Ausbildung erm\u00f6glicht Ihnen die Kompetenz das ganzheitliche Verst\u00e4ndnis des Menschen zu erlangen, von dem was sein Unwohlsein ausgel\u00f6st hat, sein Zellged\u00e4chtnis, die Epig\u00e9n\u00e9tik und ihr erlernt das g\u00f6ttliche Werkzeug das wir ben\u00f6tigen um ihn zu befreien, die Humanistischen Hypnose, einzige bewusste Hypnose welche auf der Ebene des h\u00f6heren Bewusstseins arbeitet, ohne Nebenwirkungen jedoch alle Vorteile.","robots":{"index":"index","follow":"follow","max-snippet":"max-snippet:-1","max-image-preview":"max-image-preview:large","max-video-preview":"max-video-preview:-1"},"canonical":"https:\/\/www.ilhh.lu\/?page_id=774","og_locale":"fr_FR","og_type":"article","og_title":"30.11.2020 Informations Sitzung im ILHH Strassen um 15:00 Uhr - ILHH","og_description":"Diese Ausbildung erm\u00f6glicht Ihnen die Kompetenz das ganzheitliche Verst\u00e4ndnis des Menschen zu erlangen, von dem was sein Unwohlsein ausgel\u00f6st hat, sein Zellged\u00e4chtnis, die Epig\u00e9n\u00e9tik und ihr erlernt das g\u00f6ttliche Werkzeug das wir ben\u00f6tigen um ihn zu befreien, die Humanistischen Hypnose, einzige bewusste Hypnose welche auf der Ebene des h\u00f6heren Bewusstseins arbeitet, ohne Nebenwirkungen jedoch alle Vorteile.","og_url":"https:\/\/www.ilhh.lu\/?page_id=774","og_site_name":"ILHH","article_publisher":"http:\/\/www.fb.com\/ILHH","article_modified_time":"2019-11-26T09:05:33+00:00","twitter_card":"summary_large_image","twitter_site":"@ilhh_lu","schema":{"@context":"https:\/\/schema.org","@graph":[{"@type":"WebPage","@id":"https:\/\/www.ilhh.lu\/?page_id=774","url":"https:\/\/www.ilhh.lu\/?page_id=774","name":"30.11.2020 Informations Sitzung im ILHH Strassen um 15:00 Uhr - ILHH","isPartOf":{"@id":"https:\/\/www.ilhh.lu\/#website"},"datePublished":"2016-06-19T15:03:27+00:00","dateModified":"2019-11-26T09:05:33+00:00","description":"Diese Ausbildung erm\u00f6glicht Ihnen die Kompetenz das ganzheitliche Verst\u00e4ndnis des Menschen zu erlangen, von dem was sein Unwohlsein ausgel\u00f6st hat, sein Zellged\u00e4chtnis, die Epig\u00e9n\u00e9tik und ihr erlernt das g\u00f6ttliche Werkzeug das wir ben\u00f6tigen um ihn zu befreien, die Humanistischen Hypnose, einzige bewusste Hypnose welche auf der Ebene des h\u00f6heren Bewusstseins arbeitet, ohne Nebenwirkungen jedoch alle Vorteile.","breadcrumb":{"@id":"https:\/\/www.ilhh.lu\/?page_id=774#breadcrumb"},"inLanguage":"fr-FR","potentialAction":[{"@type":"ReadAction","target":["https:\/\/www.ilhh.lu\/?page_id=774"]}]},{"@type":"BreadcrumbList","@id":"https:\/\/www.ilhh.lu\/?page_id=774#breadcrumb","itemListElement":[{"@type":"ListItem","position":1,"name":"Accueil","item":"https:\/\/www.ilhh.lu\/"},{"@type":"ListItem","position":2,"name":"30.11.2020 Informations Sitzung im ILHH Strassen um 15:00 Uhr"}]},{"@type":"WebSite","@id":"https:\/\/www.ilhh.lu\/#website","url":"https:\/\/www.ilhh.lu\/","name":"ILHH","description":"the symbolic work","publisher":{"@id":"https:\/\/www.ilhh.lu\/#organization"},"potentialAction":[{"@type":"SearchAction","target":{"@type":"EntryPoint","urlTemplate":"https:\/\/www.ilhh.lu\/?s={search_term_string}"},"query-input":{"@type":"PropertyValueSpecification","valueRequired":true,"valueName":"search_term_string"}}],"inLanguage":"fr-FR"},{"@type":"Organization","@id":"https:\/\/www.ilhh.lu\/#organization","name":"Institut Luxembourgeois d'Hypnose Humaniste","url":"https:\/\/www.ilhh.lu\/","logo":{"@type":"ImageObject","inLanguage":"fr-FR","@id":"https:\/\/www.ilhh.lu\/#\/schema\/logo\/image\/","url":"https:\/\/www.ilhh.lu\/wp-content\/uploads\/2016\/05\/Logo-ILHH-v1.0.png","contentUrl":"https:\/\/www.ilhh.lu\/wp-content\/uploads\/2016\/05\/Logo-ILHH-v1.0.png","width":818,"height":953,"caption":"Institut Luxembourgeois d'Hypnose Humaniste"},"image":{"@id":"https:\/\/www.ilhh.lu\/#\/schema\/logo\/image\/"},"sameAs":["http:\/\/www.fb.com\/ILHH","https:\/\/x.com\/ilhh_lu"]}]}},"jetpack_sharing_enabled":true,"_links":{"self":[{"href":"https:\/\/www.ilhh.lu\/index.php?rest_route=\/wp\/v2\/pages\/774","targetHints":{"allow":["GET"]}}],"collection":[{"href":"https:\/\/www.ilhh.lu\/index.php?rest_route=\/wp\/v2\/pages"}],"about":[{"href":"https:\/\/www.ilhh.lu\/index.php?rest_route=\/wp\/v2\/types\/page"}],"author":[{"embeddable":true,"href":"https:\/\/www.ilhh.lu\/index.php?rest_route=\/wp\/v2\/users\/1"}],"replies":[{"embeddable":true,"href":"https:\/\/www.ilhh.lu\/index.php?rest_route=%2Fwp%2Fv2%2Fcomments&post=774"}],"version-history":[{"count":6,"href":"https:\/\/www.ilhh.lu\/index.php?rest_route=\/wp\/v2\/pages\/774\/revisions"}],"predecessor-version":[{"id":1702,"href":"https:\/\/www.ilhh.lu\/index.php?rest_route=\/wp\/v2\/pages\/774\/revisions\/1702"}],"wp:attachment":[{"href":"https:\/\/www.ilhh.lu\/index.php?rest_route=%2Fwp%2Fv2%2Fmedia&parent=774"}],"curies":[{"name":"wp","href":"https:\/\/api.w.org\/{rel}","templated":true}]}}